{"id":1011,"date":"2017-03-28T17:37:07","date_gmt":"2017-03-28T15:37:07","guid":{"rendered":"http:\/\/www.dgtmuenchen.de\/?page_id=1011\/"},"modified":"2020-04-28T11:55:39","modified_gmt":"2020-04-28T09:55:39","slug":"piko-star","status":"publish","type":"page","link":"https:\/\/www.dgtmuenchen.de\/es\/productos-2\/piko-star\/","title":{"rendered":"PIKO-STAR"},"content":{"rendered":"<div class=\"fusion-fullwidth fullwidth-box fusion-builder-row-1 nonhundred-percent-fullwidth non-hundred-percent-height-scrolling\" style=\"--awb-border-radius-top-left:0px;--awb-border-radius-top-right:0px;--awb-border-radius-bottom-right:0px;--awb-border-radius-bottom-left:0px;--awb-padding-top:20px;--awb-padding-bottom:20px;--awb-flex-wrap:wrap;\" ><div class=\"fusion-builder-row fusion-row\"><div class=\"fusion-layout-column fusion_builder_column fusion-builder-column-0 fusion_builder_column_1_1 1_1 fusion-one-full fusion-column-first fusion-column-last\" style=\"--awb-bg-size:cover;\"><div class=\"fusion-column-wrapper fusion-flex-column-wrapper-legacy\"><div class=\"fusion-title title fusion-title-1 fusion-title-text fusion-title-size-one\"><h1 class=\"fusion-title-heading title-heading-left\" style=\"margin:0;\">PIKO-STAR 100 \u2013 I \/ II \/ IV<\/h1><span class=\"awb-title-spacer\"><\/span><div class=\"title-sep-container\"><div class=\"title-sep sep-single sep-solid\" style=\"border-color:#e0dede;\"><\/div><\/div><\/div><div class=\"fusion-text fusion-text-1\"><h2>EQUIPO DE LLENADO DE GAS<br \/>\nMODELO PIKO-STAR<\/h2>\n<\/div><div class=\"fusion-clearfix\"><\/div><\/div><\/div><div class=\"fusion-layout-column fusion_builder_column fusion-builder-column-1 fusion_builder_column_2_3 2_3 fusion-two-third fusion-column-first\" style=\"--awb-bg-size:cover;width:66.666666666667%;width:calc(66.666666666667% - ( ( 4% ) * 0.66666666666667 ) );margin-right: 4%;\"><div class=\"fusion-column-wrapper fusion-flex-column-wrapper-legacy\"><div class=\"fusion-text fusion-text-2\"><p>Equipo de llenado de gas modelo Ecoline, para el llenado de las unidades de vidrio acristalamiento (UVA). Con una capacidad de hasta 250 unidades, en 4 canales de hasta 400 unidades por turno de 8 horas dependiendo naturalmente de las medidas de las unidades as\u00ed como de la c\u00e1mara (SZR). Estos c\u00e1lculos se realizaron con unidades de 1 m2 con c\u00e1mara de 16 mm.<\/p>\n<\/div><div class=\"fusion-text fusion-text-3\"><p><strong>Caracter\u00edsticas:<\/strong><\/p>\n<\/div><ul style=\"--awb-size:15px;--awb-iconcolor:#6f8ba1;--awb-line-height:25.5px;--awb-icon-width:25.5px;--awb-icon-height:25.5px;--awb-icon-margin:10.5px;--awb-content-margin:36px;\" class=\"fusion-checklist fusion-checklist-1 fusion-checklist-default type-icons\"><li class=\"fusion-li-item\" style=\"\"><span class=\"icon-wrapper circle-no\"><i class=\"fusion-li-icon fa fa-check-square-o\" aria-hidden=\"true\"><\/i><\/span><div class=\"fusion-li-item-content\">Permite el llenado con todos los gases habituales en el doble acristalamiento (Arg\u00f3n, SF6, Kript\u00f3n, Xen\u00f3n)<\/div><\/li><li class=\"fusion-li-item\" style=\"\"><span class=\"icon-wrapper circle-no\"><i class=\"fusion-li-icon fa fa-check-square-o\" aria-hidden=\"true\"><\/i><\/span><div class=\"fusion-li-item-content\">Con 1, 2 resp. 4 canales independientes, que permiten reducir los tiempos de llenado de las unidades<\/div><\/li><li class=\"fusion-li-item\" style=\"\"><span class=\"icon-wrapper circle-no\"><i class=\"fusion-li-icon fa fa-check-square-o\" aria-hidden=\"true\"><\/i><\/span><div class=\"fusion-li-item-content\">La instalaci\u00f3n y puesta en marcha es sencilla y requiere un mantenimiento m\u00ednimo<\/div><\/li><li class=\"fusion-li-item\" style=\"\"><span class=\"icon-wrapper circle-no\"><i class=\"fusion-li-icon fa fa-check-square-o\" aria-hidden=\"true\"><\/i><\/span><div class=\"fusion-li-item-content\">De f\u00e1cil manejo, y sin necesidad de un calibrado externo<\/div><\/li><li class=\"fusion-li-item\" style=\"\"><span class=\"icon-wrapper circle-no\"><i class=\"fusion-li-icon fa fa-check-square-o\" aria-hidden=\"true\"><\/i><\/span><div class=\"fusion-li-item-content\">Un test rutinario interno realiza autom\u00e1ticamente un chequeo del equipo axial como el calibrado de gases<\/div><\/li><\/ul><div class=\"fusion-clearfix\"><\/div><\/div><\/div><div class=\"fusion-layout-column fusion_builder_column fusion-builder-column-2 fusion_builder_column_1_3 1_3 fusion-one-third fusion-column-last\" style=\"--awb-bg-size:cover;width:33.333333333333%;width:calc(33.333333333333% - ( ( 4% ) * 0.33333333333333 ) );\"><div class=\"fusion-column-wrapper fusion-flex-column-wrapper-legacy\"><div class=\"fusion-image-element in-legacy-container\" style=\"--awb-caption-title-font-family:var(--h2_typography-font-family);--awb-caption-title-font-weight:var(--h2_typography-font-weight);--awb-caption-title-font-style:var(--h2_typography-font-style);--awb-caption-title-size:var(--h2_typography-font-size);--awb-caption-title-transform:var(--h2_typography-text-transform);--awb-caption-title-line-height:var(--h2_typography-line-height);--awb-caption-title-letter-spacing:var(--h2_typography-letter-spacing);\"><span class=\" fusion-imageframe imageframe-none imageframe-1 hover-type-zoomin\"><img decoding=\"async\" width=\"400\" height=\"266\" title=\"piko100\" src=\"https:\/\/www.dgtmuenchen.de\/wp-content\/uploads\/2017\/01\/piko100.jpg\" alt class=\"img-responsive wp-image-2332\" srcset=\"https:\/\/www.dgtmuenchen.de\/wp-content\/uploads\/2017\/01\/piko100-200x133.jpg 200w, https:\/\/www.dgtmuenchen.de\/wp-content\/uploads\/2017\/01\/piko100.jpg 400w\" sizes=\"(max-width: 800px) 100vw, 400px\" \/><\/span><\/div><div class=\"fusion-clearfix\"><\/div><\/div><\/div><div class=\"fusion-layout-column fusion_builder_column fusion-builder-column-3 fusion_builder_column_1_1 1_1 fusion-one-full fusion-column-first fusion-column-last fusion-no-small-visibility\" style=\"--awb-bg-size:cover;\"><div class=\"fusion-column-wrapper fusion-flex-column-wrapper-legacy\"><div class=\"fusion-sep-clear\"><\/div><div class=\"fusion-separator fusion-full-width-sep\" style=\"margin-left: auto;margin-right: auto;margin-bottom:15px;width:100%;\"><\/div><div class=\"fusion-sep-clear\"><\/div>\n<div class=\"table-1\">\n<table width=\"100%\">\n<thead>\n<tr>\n<th align=\"left\"><strong>DATOS T\u00c9CNICOS<\/strong><\/th>\n<th align=\"left\"><strong>PIKO-STAR 100 &#8211; I \/ II<\/strong><\/th>\n<th align=\"left\"><strong>PIKO-STAR 100 &#8211; VI<\/strong><\/th>\n<\/tr>\n<\/thead>\n<tbody>\n<tr>\n<td align=\"left\">Salidas independientes de serie:<\/td>\n<td align=\"left\">1 resp. 2<\/td>\n<td align=\"left\">4<\/td>\n<\/tr>\n<tr>\n<td align=\"left\">Capacidad de llenado (por salida)<\/td>\n<td align=\"left\">8 L \/ min. (Ar)<\/td>\n<td align=\"left\">8 L \/ min. (Ar)<\/td>\n<\/tr>\n<tr>\n<td align=\"left\">Capacidad total<\/td>\n<td align=\"left\">8 resp.16 l\/ min. (Ar)<\/td>\n<td align=\"left\">32 L \/ min. (Ar)<\/td>\n<\/tr>\n<tr>\n<td align=\"left\">Mediadas: Altura x ancho x profundidad<\/td>\n<td align=\"left\">220 x 260 x 500 mm<\/td>\n<td align=\"left\">220 x 520 x 500 mm<\/td>\n<\/tr>\n<tr>\n<td align=\"left\">Peso<\/td>\n<td align=\"left\">8 kg<\/td>\n<td align=\"left\">16 kg<\/td>\n<\/tr>\n<tr>\n<td align=\"left\">Conexi\u00f3n el\u00e9ctrica<\/td>\n<td align=\"left\">230 V +\/- 10%, 50 Hz<\/td>\n<td align=\"left\">230 V +\/- 10%, 50 Hz<\/td>\n<\/tr>\n<tr>\n<td align=\"left\">Consumo \/ Stand &#8211; by<\/td>\n<td align=\"left\">m\u00e1x. 44 VA \/ 11 VA<\/td>\n<td align=\"left\">m\u00e1x. 84 VA \/ 22 VA<\/td>\n<\/tr>\n<\/tbody>\n<\/table>\n<\/div>\n<div class=\"fusion-clearfix\"><\/div><\/div><\/div><div class=\"fusion-layout-column fusion_builder_column fusion-builder-column-4 fusion_builder_column_1_1 1_1 fusion-one-full fusion-column-first fusion-column-last fusion-no-medium-visibility fusion-no-large-visibility\" style=\"--awb-bg-size:cover;\"><div class=\"fusion-column-wrapper fusion-flex-column-wrapper-legacy\"><div class=\"fusion-sep-clear\"><\/div><div class=\"fusion-separator fusion-full-width-sep\" style=\"margin-left: auto;margin-right: auto;margin-bottom:15px;width:100%;\"><\/div><div class=\"fusion-sep-clear\"><\/div>\n<div class=\"table-1\">\n<table width=\"100%\">\n<thead>\n<tr>\n<th style=\"font-size: 16px; text-align: center;\" align=\"left\"><strong>DATOS T\u00c9CNICOS &#8211; PIKO-STAR<br \/>\n<\/strong><\/th>\n<\/tr>\n<\/thead>\n<tbody>\n<tr>\n<td style=\"text-align: center;\" align=\"left\"><strong>Salidas independientes de serie:<\/strong><br \/>\n1 resp. 2<br \/>\n4<\/td>\n<\/tr>\n<tr>\n<td style=\"text-align: center;\" align=\"left\"><strong>Capacidad de llenado (por salida)<\/strong><br \/>\n8 L \/ min. (Ar)<\/td>\n<\/tr>\n<tr>\n<td style=\"text-align: center;\" align=\"left\"><strong>Capacidad total<\/strong><br \/>\n8 resp.16 l\/ min. (Ar)<br \/>\n32 L \/ min. (Ar)<\/td>\n<\/tr>\n<tr>\n<td style=\"text-align: center;\" align=\"left\"><strong>Mediadas: Altura x ancho x profundidad<\/strong><br \/>\n220 x 260 x 500 mm<br \/>\n220 x 520 x 500 mm<\/td>\n<\/tr>\n<tr>\n<td style=\"text-align: center;\" align=\"left\"><strong>Peso<\/strong><br \/>\n8 kg<br \/>\n16 kg<\/td>\n<\/tr>\n<tr>\n<td style=\"text-align: center;\" align=\"left\"><strong>Conexi\u00f3n el\u00e9ctrica<\/strong><br \/>\n230 V +\/- 10%, 50 Hz<\/td>\n<\/tr>\n<tr>\n<td style=\"text-align: center;\" align=\"left\"><strong>Consumo \/ Stand &#8211; by<\/strong><br \/>\nm\u00e1x. 44 VA \/ 11 VA<br \/>\nm\u00e1x. 84 VA \/ 22 VA<\/td>\n<\/tr>\n<\/tbody>\n<\/table>\n<\/div>\n<div class=\"fusion-clearfix\"><\/div><\/div><\/div><div class=\"fusion-layout-column fusion_builder_column fusion-builder-column-5 fusion_builder_column_1_1 1_1 fusion-one-full fusion-column-first fusion-column-last\" style=\"--awb-bg-size:cover;\"><div class=\"fusion-column-wrapper fusion-flex-column-wrapper-legacy\"><div class=\"fusion-text fusion-text-4\"><p><strong>L\u00edder en moderna t\u00e9cnica para en llenado con gas &#8211; DGT<\/strong><\/p>\n<\/div><div class=\"fusion-text fusion-text-5\"><p><img decoding=\"async\" class=\"alignright size-full wp-image-880\" style=\"box-shadow: 0 0 5px rgba(0,0,0,0.5);\" src=\"https:\/\/www.dgtmuenchen.de\/wp-content\/uploads\/2017\/01\/banner_klein.jpg\" alt=\"\" width=\"100\" height=\"100\" srcset=\"https:\/\/www.dgtmuenchen.de\/wp-content\/uploads\/2017\/01\/banner_klein-66x66.jpg 66w, https:\/\/www.dgtmuenchen.de\/wp-content\/uploads\/2017\/01\/banner_klein.jpg 100w\" sizes=\"(max-width: 100px) 100vw, 100px\" \/><\/p>\n<\/div><div class=\"fusion-clearfix\"><\/div><\/div><\/div><\/div><\/div>\n","protected":false},"excerpt":{"rendered":"","protected":false},"author":1,"featured_media":0,"parent":997,"menu_order":0,"comment_status":"closed","ping_status":"closed","template":"","meta":{"footnotes":""},"class_list":["post-1011","page","type-page","status-publish","hentry"],"_links":{"self":[{"href":"https:\/\/www.dgtmuenchen.de\/es\/wp-json\/wp\/v2\/pages\/1011","targetHints":{"allow":["GET"]}}],"collection":[{"href":"https:\/\/www.dgtmuenchen.de\/es\/wp-json\/wp\/v2\/pages"}],"about":[{"href":"https:\/\/www.dgtmuenchen.de\/es\/wp-json\/wp\/v2\/types\/page"}],"author":[{"embeddable":true,"href":"https:\/\/www.dgtmuenchen.de\/es\/wp-json\/wp\/v2\/users\/1"}],"replies":[{"embeddable":true,"href":"https:\/\/www.dgtmuenchen.de\/es\/wp-json\/wp\/v2\/comments?post=1011"}],"version-history":[{"count":5,"href":"https:\/\/www.dgtmuenchen.de\/es\/wp-json\/wp\/v2\/pages\/1011\/revisions"}],"predecessor-version":[{"id":1392,"href":"https:\/\/www.dgtmuenchen.de\/es\/wp-json\/wp\/v2\/pages\/1011\/revisions\/1392"}],"up":[{"embeddable":true,"href":"https:\/\/www.dgtmuenchen.de\/es\/wp-json\/wp\/v2\/pages\/997"}],"wp:attachment":[{"href":"https:\/\/www.dgtmuenchen.de\/es\/wp-json\/wp\/v2\/media?parent=1011"}],"curies":[{"name":"wp","href":"https:\/\/api.w.org\/{rel}","templated":true}]}}