{"id":1017,"date":"2017-03-29T09:09:54","date_gmt":"2017-03-29T07:09:54","guid":{"rendered":"http:\/\/www.dgtmuenchen.de\/?page_id=1017\/"},"modified":"2020-04-28T11:46:15","modified_gmt":"2020-04-28T09:46:15","slug":"speed-star","status":"publish","type":"page","link":"https:\/\/www.dgtmuenchen.de\/es\/productos-2\/speed-star\/","title":{"rendered":"SPEED-STAR"},"content":{"rendered":"<div class=\"fusion-fullwidth fullwidth-box fusion-builder-row-1 nonhundred-percent-fullwidth non-hundred-percent-height-scrolling\" style=\"--awb-border-radius-top-left:0px;--awb-border-radius-top-right:0px;--awb-border-radius-bottom-right:0px;--awb-border-radius-bottom-left:0px;--awb-padding-top:20px;--awb-padding-bottom:20px;--awb-flex-wrap:wrap;\" ><div class=\"fusion-builder-row fusion-row\"><div class=\"fusion-layout-column fusion_builder_column fusion-builder-column-0 fusion_builder_column_1_1 1_1 fusion-one-full fusion-column-first fusion-column-last\" style=\"--awb-bg-size:cover;\"><div class=\"fusion-column-wrapper fusion-flex-column-wrapper-legacy\"><div class=\"fusion-title title fusion-title-1 fusion-title-text fusion-title-size-one\"><h1 class=\"fusion-title-heading title-heading-left\" style=\"margin:0;\">SPEED-STAR 70 \/ 100 \/ 150 \u2013 I \/ II<\/h1><span class=\"awb-title-spacer\"><\/span><div class=\"title-sep-container\"><div class=\"title-sep sep-single sep-solid\" style=\"border-color:#e0dede;\"><\/div><\/div><\/div><div class=\"fusion-text fusion-text-1\"><h2>EQUIPO DE LLENADO DE GAS<br \/>\nMODELO SPEED-STAR I \/ II<\/h2>\n<\/div><div class=\"fusion-clearfix\"><\/div><\/div><\/div><div class=\"fusion-layout-column fusion_builder_column fusion-builder-column-1 fusion_builder_column_3_4 3_4 fusion-three-fourth fusion-column-first\" style=\"--awb-bg-size:cover;width:75%;width:calc(75% - ( ( 4% ) * 0.75 ) );margin-right: 4%;\"><div class=\"fusion-column-wrapper fusion-flex-column-wrapper-legacy\"><div class=\"fusion-text fusion-text-2\"><p>Equipo de llenado de gas modelo SPEED-STAR, para el llenado de las las unidades de vidrio acristalamiento (UVA).<\/p>\n<p>Permite el llenado con todos los gases habituales en el doble acristalamiento (Arg\u00f3n, SF6, Kript\u00f3n, Xe)<\/p>\n<p>Con una capacidad capacidad de en general 1200 unidades y de hasta 1800 unidades por turno de 8 horas dependiendo naturalmente de las medidas de las unidades as\u00ed como de la c\u00e1mara (SZR). Estos c\u00e1lculos se realizaron con unidades de 1 m2 con c\u00e1mara de 16 mm.<\/p>\n<p>De f\u00e1cil manejo, y sin necesidad de un calibrado externo. La instalaci\u00f3n y puesta en marcha es sencilla y requiere un mantenimiento m\u00ednimo.<\/p>\n<p>Con 2 canales independientes, que permiten reducir los tiempos de llenado de las unidades<\/p>\n<p>Un test rutinario interno realiza autom\u00e1ticamente un chequeo del equipo axial como el calibrado de gases.<\/p>\n<p>Equipo de llenado de gas <strong style=\"color: #ff3300;\">con la mayor velocidad de llenado en todo el mundo y con tiempos de ciclo de alrededor de 30 s<\/strong><\/p>\n<\/div><div class=\"fusion-clearfix\"><\/div><\/div><\/div><div class=\"fusion-layout-column fusion_builder_column fusion-builder-column-2 fusion_builder_column_1_4 1_4 fusion-one-fourth fusion-column-last\" style=\"--awb-bg-size:cover;width:25%;width:calc(25% - ( ( 4% ) * 0.25 ) );\"><div class=\"fusion-column-wrapper fusion-flex-column-wrapper-legacy\"><div class=\"fusion-image-element fusion-image-align-right in-legacy-container\" style=\"text-align:right;--awb-caption-title-font-family:var(--h2_typography-font-family);--awb-caption-title-font-weight:var(--h2_typography-font-weight);--awb-caption-title-font-style:var(--h2_typography-font-style);--awb-caption-title-size:var(--h2_typography-font-size);--awb-caption-title-transform:var(--h2_typography-text-transform);--awb-caption-title-line-height:var(--h2_typography-line-height);--awb-caption-title-letter-spacing:var(--h2_typography-letter-spacing);\"><span class=\" fusion-imageframe imageframe-none imageframe-1 hover-type-zoomin\" style=\"margin-left:25px;float:right;\"><img decoding=\"async\" width=\"827\" height=\"1003\" title=\"speed100\" src=\"https:\/\/www.dgtmuenchen.de\/wp-content\/uploads\/2017\/01\/speed100.jpg\" alt class=\"img-responsive wp-image-2320\" srcset=\"https:\/\/www.dgtmuenchen.de\/wp-content\/uploads\/2017\/01\/speed100-200x243.jpg 200w, https:\/\/www.dgtmuenchen.de\/wp-content\/uploads\/2017\/01\/speed100-400x485.jpg 400w, https:\/\/www.dgtmuenchen.de\/wp-content\/uploads\/2017\/01\/speed100-600x728.jpg 600w, https:\/\/www.dgtmuenchen.de\/wp-content\/uploads\/2017\/01\/speed100-800x970.jpg 800w, https:\/\/www.dgtmuenchen.de\/wp-content\/uploads\/2017\/01\/speed100.jpg 827w\" sizes=\"(max-width: 800px) 100vw, 400px\" \/><\/span><\/div><div class=\"fusion-clearfix\"><\/div><\/div><\/div><div class=\"fusion-layout-column fusion_builder_column fusion-builder-column-3 fusion_builder_column_1_1 1_1 fusion-one-full fusion-column-first fusion-column-last fusion-no-small-visibility\" style=\"--awb-bg-size:cover;\"><div class=\"fusion-column-wrapper fusion-flex-column-wrapper-legacy\"><div class=\"fusion-sep-clear\"><\/div><div class=\"fusion-separator fusion-full-width-sep\" style=\"margin-left: auto;margin-right: auto;margin-bottom:15px;width:100%;\"><\/div><div class=\"fusion-sep-clear\"><\/div>\n<div class=\"table-1\">\n<table width=\"100%\">\n<thead>\n<tr>\n<th align=\"left\"><strong>DATOS T\u00c9CNICOS<\/strong><\/th>\n<th align=\"left\"><strong>SPEED-STAR xxx \u2013 I\/ II (xx= 70, 100 y 150)<\/strong><\/th>\n<\/tr>\n<\/thead>\n<tbody>\n<tr>\n<td align=\"left\">Salidas independientes de serie:<\/td>\n<td align=\"left\">1 \/ 2<\/td>\n<\/tr>\n<tr>\n<td align=\"left\">Capacidad de llenado (por salida)<\/td>\n<td align=\"left\">15 &#8211; xx N L \/ min. (Ar)<\/td>\n<\/tr>\n<tr>\n<td align=\"left\">Capacidad total<\/td>\n<td align=\"left\">1 \/ 2 xx N L \/ min. (Ar)<\/td>\n<\/tr>\n<tr>\n<td align=\"left\">Mediadas: Altura x ancho x profundidad<\/td>\n<td align=\"left\">860 x 600 x 600 mm<\/td>\n<\/tr>\n<tr>\n<td align=\"left\">Peso<\/td>\n<td align=\"left\">70 kg<\/td>\n<\/tr>\n<tr>\n<td align=\"left\">Conexi\u00f3n el\u00e9ctrica<\/td>\n<td align=\"left\">230 V +\/- 10%, 50 Hz<\/td>\n<\/tr>\n<\/tbody>\n<\/table>\n<\/div>\n<div class=\"fusion-clearfix\"><\/div><\/div><\/div><div class=\"fusion-layout-column fusion_builder_column fusion-builder-column-4 fusion_builder_column_1_1 1_1 fusion-one-full fusion-column-first fusion-column-last fusion-no-medium-visibility fusion-no-large-visibility\" style=\"--awb-bg-size:cover;\"><div class=\"fusion-column-wrapper fusion-flex-column-wrapper-legacy\"><div class=\"fusion-sep-clear\"><\/div><div class=\"fusion-separator fusion-full-width-sep\" style=\"margin-left: auto;margin-right: auto;margin-bottom:15px;width:100%;\"><\/div><div class=\"fusion-sep-clear\"><\/div>\n<div class=\"table-1\">\n<table width=\"100%\">\n<thead>\n<tr>\n<th style=\"font-size: 16px; text-align: center;\" align=\"left\"><strong style=\"color: w;\">DATOS T\u00c9CNICOS &#8211; <strong>SPEED-STAR<\/strong><br \/>\n<\/strong><\/th>\n<\/tr>\n<\/thead>\n<tbody>\n<tr>\n<td style=\"text-align: center;\" align=\"left\"><strong>Salidas independientes de serie:<\/strong><br \/>\n1 \/ 2<\/td>\n<\/tr>\n<tr>\n<td style=\"text-align: center;\" align=\"left\"><strong>Capacidad de llenado (por salida)<\/strong><br \/>\n15 &#8211; xx N L \/ min. (Ar)<\/td>\n<\/tr>\n<tr>\n<td style=\"text-align: center;\" align=\"left\"><strong>Capacidad total<\/strong><br \/>\n1 \/ 2 xx N L \/ min. (Ar)<\/td>\n<\/tr>\n<tr>\n<td style=\"text-align: center;\" align=\"left\"><strong>Mediadas: Altura x ancho x profundidad<\/strong><br \/>\n860 x 600 x 600 mm<\/td>\n<\/tr>\n<tr>\n<td style=\"text-align: center;\" align=\"left\"><strong>Peso<\/strong><br \/>\n70 kg<\/td>\n<\/tr>\n<tr>\n<td style=\"text-align: center;\" align=\"left\"><strong>Conexi\u00f3n el\u00e9ctrica<\/strong><br \/>\n230 V +\/- 10%, 50 Hz<\/td>\n<\/tr>\n<\/tbody>\n<\/table>\n<\/div>\n<div class=\"fusion-clearfix\"><\/div><\/div><\/div><div class=\"fusion-layout-column fusion_builder_column fusion-builder-column-5 fusion_builder_column_1_1 1_1 fusion-one-full fusion-column-first fusion-column-last\" style=\"--awb-bg-size:cover;\"><div class=\"fusion-column-wrapper fusion-flex-column-wrapper-legacy\"><div class=\"fusion-text fusion-text-3\"><p><strong>L\u00edder en moderna t\u00e9cnica para en llenado con gas &#8211; DGT<\/strong><\/p>\n<\/div><div class=\"fusion-text fusion-text-4\"><p><img decoding=\"async\" class=\"alignright size-full wp-image-880\" style=\"box-shadow: 0 0 5px rgba(0,0,0,0.5);\" src=\"https:\/\/www.dgtmuenchen.de\/wp-content\/uploads\/2017\/01\/banner_klein.jpg\" alt=\"\" width=\"100\" height=\"100\" srcset=\"https:\/\/www.dgtmuenchen.de\/wp-content\/uploads\/2017\/01\/banner_klein-66x66.jpg 66w, https:\/\/www.dgtmuenchen.de\/wp-content\/uploads\/2017\/01\/banner_klein.jpg 100w\" sizes=\"(max-width: 100px) 100vw, 100px\" \/><\/p>\n<\/div><div style=\"text-align:left;\"><video controls=\"controls\" width=\"600\" height=\"450\">\n<source src=\"https:\/\/www.dgtmuenchen.de\/videos\/SPEEDLINE.mp4\" type=\"video\/mp4\" \/>\nYour browser does not support the video tag.\n<\/video><\/div><div class=\"fusion-clearfix\"><\/div><\/div><\/div><\/div><\/div>\n","protected":false},"excerpt":{"rendered":"","protected":false},"author":1,"featured_media":0,"parent":997,"menu_order":0,"comment_status":"closed","ping_status":"closed","template":"","meta":{"footnotes":""},"class_list":["post-1017","page","type-page","status-publish","hentry"],"_links":{"self":[{"href":"https:\/\/www.dgtmuenchen.de\/es\/wp-json\/wp\/v2\/pages\/1017","targetHints":{"allow":["GET"]}}],"collection":[{"href":"https:\/\/www.dgtmuenchen.de\/es\/wp-json\/wp\/v2\/pages"}],"about":[{"href":"https:\/\/www.dgtmuenchen.de\/es\/wp-json\/wp\/v2\/types\/page"}],"author":[{"embeddable":true,"href":"https:\/\/www.dgtmuenchen.de\/es\/wp-json\/wp\/v2\/users\/1"}],"replies":[{"embeddable":true,"href":"https:\/\/www.dgtmuenchen.de\/es\/wp-json\/wp\/v2\/comments?post=1017"}],"version-history":[{"count":5,"href":"https:\/\/www.dgtmuenchen.de\/es\/wp-json\/wp\/v2\/pages\/1017\/revisions"}],"predecessor-version":[{"id":1378,"href":"https:\/\/www.dgtmuenchen.de\/es\/wp-json\/wp\/v2\/pages\/1017\/revisions\/1378"}],"up":[{"embeddable":true,"href":"https:\/\/www.dgtmuenchen.de\/es\/wp-json\/wp\/v2\/pages\/997"}],"wp:attachment":[{"href":"https:\/\/www.dgtmuenchen.de\/es\/wp-json\/wp\/v2\/media?parent=1017"}],"curies":[{"name":"wp","href":"https:\/\/api.w.org\/{rel}","templated":true}]}}