{"id":3293,"date":"2025-11-20T13:39:15","date_gmt":"2025-11-20T12:39:15","guid":{"rendered":"https:\/\/www.dgtmuenchen.de\/?page_id=3293"},"modified":"2025-11-20T13:40:07","modified_gmt":"2025-11-20T12:40:07","slug":"ordenes","status":"publish","type":"page","link":"https:\/\/www.dgtmuenchen.de\/es\/ordenes\/","title":{"rendered":"Ordenes"},"content":{"rendered":"<div class=\"fusion-fullwidth fullwidth-box fusion-builder-row-1 fusion-flex-container has-pattern-background has-mask-background nonhundred-percent-fullwidth non-hundred-percent-height-scrolling\" style=\"--awb-border-radius-top-left:0px;--awb-border-radius-top-right:0px;--awb-border-radius-bottom-right:0px;--awb-border-radius-bottom-left:0px;--awb-flex-wrap:wrap;\" ><div class=\"fusion-builder-row fusion-row fusion-flex-align-items-flex-start fusion-flex-content-wrap\" style=\"max-width:calc( 1100px + 0px );margin-left: calc(-0px \/ 2 );margin-right: calc(-0px \/ 2 );\"><div class=\"fusion-layout-column fusion_builder_column fusion-builder-column-0 fusion_builder_column_1_2 1_2 fusion-flex-column\" style=\"--awb-bg-size:cover;--awb-width-large:50%;--awb-margin-top-large:0px;--awb-spacing-right-large:calc( 0.08 * calc( 100% - 0px ) );--awb-margin-bottom-large:0px;--awb-spacing-left-large:calc( 0.08 * calc( 100% - 0px ) );--awb-width-medium:100%;--awb-order-medium:0;--awb-spacing-right-medium:0px;--awb-spacing-left-medium:0px;--awb-width-small:100%;--awb-order-small:0;--awb-spacing-right-small:0px;--awb-spacing-left-small:0px;\" data-scroll-devices=\"small-visibility,medium-visibility,large-visibility\"><div class=\"fusion-column-wrapper fusion-column-has-shadow fusion-flex-justify-content-flex-start fusion-content-layout-column\"><div class=\"fusion-text fusion-text-1\"><p><img decoding=\"async\" class=\"alignleft size-large wp-image-3296\" src=\"https:\/\/www.dgtmuenchen.de\/wp-content\/uploads\/2025\/11\/hintergrund-1024x768.jpg\" alt=\"\" width=\"100%\" height=\"auto\" srcset=\"https:\/\/www.dgtmuenchen.de\/wp-content\/uploads\/2025\/11\/hintergrund-200x150.jpg 200w, https:\/\/www.dgtmuenchen.de\/wp-content\/uploads\/2025\/11\/hintergrund-300x225.jpg 300w, https:\/\/www.dgtmuenchen.de\/wp-content\/uploads\/2025\/11\/hintergrund-400x300.jpg 400w, https:\/\/www.dgtmuenchen.de\/wp-content\/uploads\/2025\/11\/hintergrund-600x450.jpg 600w, https:\/\/www.dgtmuenchen.de\/wp-content\/uploads\/2025\/11\/hintergrund-768x576.jpg 768w, https:\/\/www.dgtmuenchen.de\/wp-content\/uploads\/2025\/11\/hintergrund-800x600.jpg 800w, https:\/\/www.dgtmuenchen.de\/wp-content\/uploads\/2025\/11\/hintergrund-1024x768.jpg 1024w, https:\/\/www.dgtmuenchen.de\/wp-content\/uploads\/2025\/11\/hintergrund.jpg 1080w\" sizes=\"(max-width: 1024px) 100vw, 1024px\" \/><\/p>\n<\/div><\/div><\/div><div class=\"fusion-layout-column fusion_builder_column fusion-builder-column-1 fusion_builder_column_1_2 1_2 fusion-flex-column\" style=\"--awb-bg-size:cover;--awb-width-large:50%;--awb-margin-top-large:0px;--awb-spacing-right-large:0px;--awb-margin-bottom-large:0px;--awb-spacing-left-large:0px;--awb-width-medium:100%;--awb-spacing-right-medium:0px;--awb-spacing-left-medium:0px;--awb-width-small:100%;--awb-spacing-right-small:0px;--awb-spacing-left-small:0px;\"><div class=\"fusion-column-wrapper fusion-flex-justify-content-flex-start fusion-content-layout-column\"><div class=\"fusion-text fusion-text-2\"><p>Debido a las diferentes normativas de protecci\u00f3n de datos a nivel mundial, la ciberdelincuencia y nuestro deseo de brindarle el mejor asesoramiento individual y profesional posible, no ofrecemos pedidos via website. Por ello, le rogamos que env\u00ede sus pedidos por correo electr\u00f3nico a <a href=\"mailto:DGTHeinzDrobe@aol.com\">DGTHeinzDrobe@aol.com<\/a>.<\/p>\n<p>Al enviar consultas por correo electr\u00f3nico y realizar pedidos, le rogamos que incluya siempre sus datos de contacto para posibles preguntas de seguimiento (persona de contacto con n\u00famero de tel\u00e9fono directo, direcci\u00f3n de entrega y facturaci\u00f3n, correo electr\u00f3nico de contacto, n\u00famero de pedido y n\u00famero de IVA si procede) y que mencione el nombre de su dispositivo, preferiblemente con el n\u00famero de serie, para evitar malentendidos.<\/p>\n<p>\u00a1Gracias por su comprensi\u00f3n!<\/p>\n<\/div><\/div><\/div><\/div><\/div>\n","protected":false},"excerpt":{"rendered":"","protected":false},"author":1,"featured_media":0,"parent":0,"menu_order":0,"comment_status":"closed","ping_status":"closed","template":"","meta":{"footnotes":""},"class_list":["post-3293","page","type-page","status-publish","hentry"],"_links":{"self":[{"href":"https:\/\/www.dgtmuenchen.de\/es\/wp-json\/wp\/v2\/pages\/3293","targetHints":{"allow":["GET"]}}],"collection":[{"href":"https:\/\/www.dgtmuenchen.de\/es\/wp-json\/wp\/v2\/pages"}],"about":[{"href":"https:\/\/www.dgtmuenchen.de\/es\/wp-json\/wp\/v2\/types\/page"}],"author":[{"embeddable":true,"href":"https:\/\/www.dgtmuenchen.de\/es\/wp-json\/wp\/v2\/users\/1"}],"replies":[{"embeddable":true,"href":"https:\/\/www.dgtmuenchen.de\/es\/wp-json\/wp\/v2\/comments?post=3293"}],"version-history":[{"count":3,"href":"https:\/\/www.dgtmuenchen.de\/es\/wp-json\/wp\/v2\/pages\/3293\/revisions"}],"predecessor-version":[{"id":3371,"href":"https:\/\/www.dgtmuenchen.de\/es\/wp-json\/wp\/v2\/pages\/3293\/revisions\/3371"}],"wp:attachment":[{"href":"https:\/\/www.dgtmuenchen.de\/es\/wp-json\/wp\/v2\/media?parent=3293"}],"curies":[{"name":"wp","href":"https:\/\/api.w.org\/{rel}","templated":true}]}}