{"id":991,"date":"2017-03-28T16:18:54","date_gmt":"2017-03-28T14:18:54","guid":{"rendered":"http:\/\/www.dgtmuenchen.de\/?page_id=991\/"},"modified":"2024-11-05T12:58:48","modified_gmt":"2024-11-05T11:58:48","slug":"noticias-2","status":"publish","type":"page","link":"https:\/\/www.dgtmuenchen.de\/es\/noticias-2\/","title":{"rendered":"Noticias"},"content":{"rendered":"<div class=\"fusion-fullwidth fullwidth-box fusion-builder-row-1 nonhundred-percent-fullwidth non-hundred-percent-height-scrolling\" style=\"--awb-border-radius-top-left:0px;--awb-border-radius-top-right:0px;--awb-border-radius-bottom-right:0px;--awb-border-radius-bottom-left:0px;--awb-padding-top:20px;--awb-padding-bottom:20px;--awb-flex-wrap:wrap;\" ><div class=\"fusion-builder-row fusion-row\"><div class=\"fusion-layout-column fusion_builder_column fusion-builder-column-0 fusion_builder_column_1_1 1_1 fusion-one-full fusion-column-first fusion-column-last\" style=\"--awb-bg-size:cover;\"><div class=\"fusion-column-wrapper fusion-flex-column-wrapper-legacy\"><div class=\"fusion-text fusion-text-1\"><h2>L\u00edder en tecnolog\u00eda moderna de llenado de gas: DGT &#8211; Anlagen und Systeme GmbH. . .<\/h2>\n<p><span style=\"font-size: 16px;\">&#8230; Su centro de competencia para sistemas de llenado confiables y analizadores de gas precisos<br \/>\n&#8230; Las pruebas realizadas en m\u00e1s de 1900 dispositivos instalados en todo el mundo confirman la precisi\u00f3n y eficiencia del llenado, as\u00ed como la calidad confiable de la mezcla\u2028\u2028&#8230; Las m\u00e1quinas son f\u00e1ciles de operar, autom\u00e1ticas y sin calibraci\u00f3n externa. Requieren un mantenimiento m\u00ednimo.<\/span><\/p>\n<\/div><div class=\"fusion-clearfix\"><\/div><\/div><\/div><div class=\"fusion-layout-column fusion_builder_column fusion-builder-column-1 fusion_builder_column_1_4 1_4 fusion-one-fourth fusion-column-first\" style=\"--awb-bg-color:rgba(18,65,99,0.82);--awb-bg-color-hover:rgba(18,65,99,0.82);--awb-bg-size:cover;--awb-border-color:#6f8ba1;--awb-border-top:0;--awb-border-right:0;--awb-border-bottom:0;--awb-border-left:0;--awb-border-style:solid;width:25%;width:calc(25% - ( ( 4% + 4% + 4% ) * 0.25 ) );margin-right: 4%;\"><div class=\"fusion-column-wrapper fusion-flex-column-wrapper-legacy\"><div class=\"fusion-image-element fusion-image-align-center in-legacy-container\" style=\"text-align:center;--awb-caption-title-font-family:var(--h2_typography-font-family);--awb-caption-title-font-weight:var(--h2_typography-font-weight);--awb-caption-title-font-style:var(--h2_typography-font-style);--awb-caption-title-size:var(--h2_typography-font-size);--awb-caption-title-transform:var(--h2_typography-text-transform);--awb-caption-title-line-height:var(--h2_typography-line-height);--awb-caption-title-letter-spacing:var(--h2_typography-letter-spacing);\"><div class=\"imageframe-align-center\"><span class=\" fusion-imageframe imageframe-none imageframe-1 hover-type-zoomin\"><a class=\"fusion-no-lightbox\" href=\"https:\/\/www.dgtmuenchen.de\/es\/exposiciones\/\" target=\"_self\" aria-label=\"1\"><img decoding=\"async\" width=\"557\" height=\"349\" src=\"https:\/\/www.dgtmuenchen.de\/wp-content\/uploads\/2017\/01\/1.jpg\" alt class=\"img-responsive wp-image-1822\" srcset=\"https:\/\/www.dgtmuenchen.de\/wp-content\/uploads\/2017\/01\/1-200x125.jpg 200w, https:\/\/www.dgtmuenchen.de\/wp-content\/uploads\/2017\/01\/1-400x251.jpg 400w, https:\/\/www.dgtmuenchen.de\/wp-content\/uploads\/2017\/01\/1.jpg 557w\" sizes=\"(max-width: 800px) 100vw, 400px\" \/><\/a><\/span><\/div><\/div><div class=\"fusion-sep-clear\"><\/div><div class=\"fusion-separator fusion-full-width-sep\" style=\"margin-left: auto;margin-right: auto;margin-top:15px;width:100%;\"><\/div><div class=\"fusion-sep-clear\"><\/div><div class=\"fusion-text fusion-text-2\"><p style=\"text-align: center; color: #ffffff;\"><a style=\"color: #ffffff;\" title=\"DGT - Exposiciones\" href=\"https:\/\/www.dgtmuenchen.de\/es\/exposiciones\/\">Los rellenos de gas de DGT se presentan en muchas exposiciones en todo el mundo<\/a><\/p>\n<\/div><div class=\"fusion-clearfix\"><\/div><\/div><\/div><div class=\"fusion-layout-column fusion_builder_column fusion-builder-column-2 fusion_builder_column_1_4 1_4 fusion-one-fourth\" style=\"--awb-bg-color:rgba(18,65,99,0.82);--awb-bg-color-hover:rgba(18,65,99,0.82);--awb-bg-size:cover;--awb-border-color:#6f8ba1;--awb-border-top:0;--awb-border-right:0;--awb-border-bottom:0;--awb-border-left:0;--awb-border-style:solid;width:25%;width:calc(25% - ( ( 4% + 4% + 4% ) * 0.25 ) );margin-right: 4%;\"><div class=\"fusion-column-wrapper fusion-flex-column-wrapper-legacy\"><div class=\"fusion-image-element fusion-image-align-center in-legacy-container\" style=\"text-align:center;--awb-caption-title-font-family:var(--h2_typography-font-family);--awb-caption-title-font-weight:var(--h2_typography-font-weight);--awb-caption-title-font-style:var(--h2_typography-font-style);--awb-caption-title-size:var(--h2_typography-font-size);--awb-caption-title-transform:var(--h2_typography-text-transform);--awb-caption-title-line-height:var(--h2_typography-line-height);--awb-caption-title-letter-spacing:var(--h2_typography-letter-spacing);\"><div class=\"imageframe-align-center\"><span class=\" fusion-imageframe imageframe-none imageframe-2 hover-type-zoomin\"><a class=\"fusion-no-lightbox\" href=\"https:\/\/www.dgtmuenchen.de\/es\/empresa\/\" target=\"_self\" aria-label=\"2\"><img decoding=\"async\" width=\"557\" height=\"349\" src=\"https:\/\/www.dgtmuenchen.de\/wp-content\/uploads\/2017\/01\/2.jpg\" alt class=\"img-responsive wp-image-1828\" srcset=\"https:\/\/www.dgtmuenchen.de\/wp-content\/uploads\/2017\/01\/2-200x125.jpg 200w, https:\/\/www.dgtmuenchen.de\/wp-content\/uploads\/2017\/01\/2-400x251.jpg 400w, https:\/\/www.dgtmuenchen.de\/wp-content\/uploads\/2017\/01\/2.jpg 557w\" sizes=\"(max-width: 800px) 100vw, 400px\" \/><\/a><\/span><\/div><\/div><div class=\"fusion-sep-clear\"><\/div><div class=\"fusion-separator fusion-full-width-sep\" style=\"margin-left: auto;margin-right: auto;margin-top:15px;width:100%;\"><\/div><div class=\"fusion-sep-clear\"><\/div><div class=\"fusion-text fusion-text-3\"><p style=\"text-align: center; color: #ffffff;\"><a style=\"color: #ffffff;\" title=\"DGT - Empresa\" href=\"https:\/\/www.dgtmuenchen.de\/es\/empresa\/\">Ofreciendo soluciones convincentes para la fabricaci\u00f3n de unidades selladas: la empresa DGT<\/a><\/p>\n<\/div><div class=\"fusion-clearfix\"><\/div><\/div><\/div><div class=\"fusion-layout-column fusion_builder_column fusion-builder-column-3 fusion_builder_column_1_4 1_4 fusion-one-fourth\" style=\"--awb-bg-color:#1e4663;--awb-bg-color-hover:#1e4663;--awb-bg-size:cover;--awb-border-color:#6f8ba1;--awb-border-top:0;--awb-border-right:0;--awb-border-bottom:0;--awb-border-left:0;--awb-border-style:solid;width:25%;width:calc(25% - ( ( 4% + 4% + 4% ) * 0.25 ) );margin-right: 4%;\"><div class=\"fusion-column-wrapper fusion-flex-column-wrapper-legacy\"><div class=\"fusion-image-element fusion-image-align-center in-legacy-container\" style=\"text-align:center;--awb-caption-title-font-family:var(--h2_typography-font-family);--awb-caption-title-font-weight:var(--h2_typography-font-weight);--awb-caption-title-font-style:var(--h2_typography-font-style);--awb-caption-title-size:var(--h2_typography-font-size);--awb-caption-title-transform:var(--h2_typography-text-transform);--awb-caption-title-line-height:var(--h2_typography-line-height);--awb-caption-title-letter-spacing:var(--h2_typography-letter-spacing);\"><div class=\"imageframe-align-center\"><span class=\" fusion-imageframe imageframe-none imageframe-3 hover-type-zoomin\"><a class=\"fusion-no-lightbox\" href=\"https:\/\/www.dgtmuenchen.de\/es\/productos\/\" target=\"_self\" aria-label=\"4\"><img decoding=\"async\" width=\"557\" height=\"349\" src=\"https:\/\/www.dgtmuenchen.de\/wp-content\/uploads\/2017\/01\/4.jpg\" alt class=\"img-responsive wp-image-1840\" srcset=\"https:\/\/www.dgtmuenchen.de\/wp-content\/uploads\/2017\/01\/4-200x125.jpg 200w, https:\/\/www.dgtmuenchen.de\/wp-content\/uploads\/2017\/01\/4-400x251.jpg 400w, https:\/\/www.dgtmuenchen.de\/wp-content\/uploads\/2017\/01\/4.jpg 557w\" sizes=\"(max-width: 800px) 100vw, 400px\" \/><\/a><\/span><\/div><\/div><div class=\"fusion-sep-clear\"><\/div><div class=\"fusion-separator fusion-full-width-sep\" style=\"margin-left: auto;margin-right: auto;margin-top:15px;width:100%;\"><\/div><div class=\"fusion-sep-clear\"><\/div><div class=\"fusion-text fusion-text-4\"><p style=\"text-align: center; color: #ffffff;\">Llenadoras de gas para diferentes aplicaciones:<br \/>\n<a style=\"color: #ffffff;\" href=\"https:\/\/www.dgtmuenchen.de\/es\/productos\/piko-star\/\">PIKO<\/a>, <a style=\"color: #ffffff;\" href=\"https:\/\/www.dgtmuenchen.de\/es\/productos\/smart-star\/\">SMART-STAR<\/a>, <a style=\"color: #ffffff;\" href=\"https:\/\/www.dgtmuenchen.de\/es\/productos\/speed-star\/\">SPEED<\/a><\/p>\n<\/div><div class=\"fusion-clearfix\"><\/div><\/div><\/div><div class=\"fusion-layout-column fusion_builder_column fusion-builder-column-4 fusion_builder_column_1_4 1_4 fusion-one-fourth fusion-column-last\" style=\"--awb-bg-color:#1f394c;--awb-bg-color-hover:#1f394c;--awb-bg-size:cover;--awb-border-color:#6f8ba1;--awb-border-top:0;--awb-border-right:0;--awb-border-bottom:0;--awb-border-left:0;--awb-border-style:solid;width:25%;width:calc(25% - ( ( 4% + 4% + 4% ) * 0.25 ) );\"><div class=\"fusion-column-wrapper fusion-flex-column-wrapper-legacy\"><div class=\"fusion-image-element fusion-image-align-center in-legacy-container\" style=\"text-align:center;--awb-caption-title-font-family:var(--h2_typography-font-family);--awb-caption-title-font-weight:var(--h2_typography-font-weight);--awb-caption-title-font-style:var(--h2_typography-font-style);--awb-caption-title-size:var(--h2_typography-font-size);--awb-caption-title-transform:var(--h2_typography-text-transform);--awb-caption-title-line-height:var(--h2_typography-line-height);--awb-caption-title-letter-spacing:var(--h2_typography-letter-spacing);\"><div class=\"imageframe-align-center\"><span class=\" fusion-imageframe imageframe-none imageframe-4 hover-type-zoomin\"><a class=\"fusion-no-lightbox\" href=\"https:\/\/www.dgtmuenchen.de\/es\/productos\/sensoline\/\" target=\"_self\" aria-label=\"sensoline-2\"><img decoding=\"async\" width=\"956\" height=\"612\" src=\"https:\/\/www.dgtmuenchen.de\/wp-content\/uploads\/2017\/01\/sensoline-2-1.jpg\" alt class=\"img-responsive wp-image-2614\" srcset=\"https:\/\/www.dgtmuenchen.de\/wp-content\/uploads\/2017\/01\/sensoline-2-1-200x128.jpg 200w, https:\/\/www.dgtmuenchen.de\/wp-content\/uploads\/2017\/01\/sensoline-2-1-400x256.jpg 400w, https:\/\/www.dgtmuenchen.de\/wp-content\/uploads\/2017\/01\/sensoline-2-1-600x384.jpg 600w, https:\/\/www.dgtmuenchen.de\/wp-content\/uploads\/2017\/01\/sensoline-2-1-800x512.jpg 800w, https:\/\/www.dgtmuenchen.de\/wp-content\/uploads\/2017\/01\/sensoline-2-1.jpg 956w\" sizes=\"(max-width: 800px) 100vw, 400px\" \/><\/a><\/span><\/div><\/div><div class=\"fusion-sep-clear\"><\/div><div class=\"fusion-separator fusion-full-width-sep\" style=\"margin-left: auto;margin-right: auto;margin-top:15px;width:100%;\"><\/div><div class=\"fusion-sep-clear\"><\/div><div class=\"fusion-text fusion-text-5\"><p style=\"text-align: center; color: #ffffff;\">Instrumentos de prueba para la calidad de su producto:<br \/>\n<a style=\"color: #ffffff;\" href=\"https:\/\/www.dgtmuenchen.de\/es\/productos\/sensoline\/\">SENSOLINE<\/a><\/p>\n<\/div><div class=\"fusion-clearfix\"><\/div><\/div><\/div><div class=\"fusion-layout-column fusion_builder_column fusion-builder-column-5 fusion_builder_column_1_1 1_1 fusion-one-full fusion-column-first fusion-column-last\" style=\"--awb-bg-size:cover;\"><div class=\"fusion-column-wrapper fusion-flex-column-wrapper-legacy\"><div class=\"fusion-image-element in-legacy-container\" style=\"--awb-caption-title-font-family:var(--h2_typography-font-family);--awb-caption-title-font-weight:var(--h2_typography-font-weight);--awb-caption-title-font-style:var(--h2_typography-font-style);--awb-caption-title-size:var(--h2_typography-font-size);--awb-caption-title-transform:var(--h2_typography-text-transform);--awb-caption-title-line-height:var(--h2_typography-line-height);--awb-caption-title-letter-spacing:var(--h2_typography-letter-spacing);\"><span class=\" fusion-imageframe imageframe-none imageframe-5 hover-type-none\"><img decoding=\"async\" width=\"1200\" height=\"849\" title=\"dgtsurvey4\" src=\"https:\/\/www.dgtmuenchen.de\/wp-content\/uploads\/2019\/05\/dgtsurvey4.jpg\" alt class=\"img-responsive wp-image-2296\" srcset=\"https:\/\/www.dgtmuenchen.de\/wp-content\/uploads\/2019\/05\/dgtsurvey4-200x142.jpg 200w, https:\/\/www.dgtmuenchen.de\/wp-content\/uploads\/2019\/05\/dgtsurvey4-400x283.jpg 400w, https:\/\/www.dgtmuenchen.de\/wp-content\/uploads\/2019\/05\/dgtsurvey4-600x425.jpg 600w, https:\/\/www.dgtmuenchen.de\/wp-content\/uploads\/2019\/05\/dgtsurvey4-800x566.jpg 800w, https:\/\/www.dgtmuenchen.de\/wp-content\/uploads\/2019\/05\/dgtsurvey4.jpg 1200w\" sizes=\"(max-width: 800px) 100vw, 1200px\" \/><\/span><\/div><div class=\"fusion-image-element in-legacy-container\" style=\"--awb-caption-title-font-family:var(--h2_typography-font-family);--awb-caption-title-font-weight:var(--h2_typography-font-weight);--awb-caption-title-font-style:var(--h2_typography-font-style);--awb-caption-title-size:var(--h2_typography-font-size);--awb-caption-title-transform:var(--h2_typography-text-transform);--awb-caption-title-line-height:var(--h2_typography-line-height);--awb-caption-title-letter-spacing:var(--h2_typography-letter-spacing);\"><span class=\" fusion-imageframe imageframe-none imageframe-6 hover-type-none\"><img decoding=\"async\" width=\"1200\" height=\"849\" title=\"dgtsurvey3\" src=\"https:\/\/www.dgtmuenchen.de\/wp-content\/uploads\/2020\/12\/dgtsurvey3.jpg\" alt class=\"img-responsive wp-image-2386\" srcset=\"https:\/\/www.dgtmuenchen.de\/wp-content\/uploads\/2020\/12\/dgtsurvey3-200x142.jpg 200w, https:\/\/www.dgtmuenchen.de\/wp-content\/uploads\/2020\/12\/dgtsurvey3-400x283.jpg 400w, https:\/\/www.dgtmuenchen.de\/wp-content\/uploads\/2020\/12\/dgtsurvey3-600x425.jpg 600w, https:\/\/www.dgtmuenchen.de\/wp-content\/uploads\/2020\/12\/dgtsurvey3-800x566.jpg 800w, https:\/\/www.dgtmuenchen.de\/wp-content\/uploads\/2020\/12\/dgtsurvey3.jpg 1200w\" sizes=\"(max-width: 800px) 100vw, 1200px\" \/><\/span><\/div><div class=\"fusion-clearfix\"><\/div><\/div><\/div><\/div><\/div>\n","protected":false},"excerpt":{"rendered":"","protected":false},"author":1,"featured_media":0,"parent":0,"menu_order":0,"comment_status":"closed","ping_status":"closed","template":"","meta":{"footnotes":""},"class_list":["post-991","page","type-page","status-publish","hentry"],"_links":{"self":[{"href":"https:\/\/www.dgtmuenchen.de\/es\/wp-json\/wp\/v2\/pages\/991","targetHints":{"allow":["GET"]}}],"collection":[{"href":"https:\/\/www.dgtmuenchen.de\/es\/wp-json\/wp\/v2\/pages"}],"about":[{"href":"https:\/\/www.dgtmuenchen.de\/es\/wp-json\/wp\/v2\/types\/page"}],"author":[{"embeddable":true,"href":"https:\/\/www.dgtmuenchen.de\/es\/wp-json\/wp\/v2\/users\/1"}],"replies":[{"embeddable":true,"href":"https:\/\/www.dgtmuenchen.de\/es\/wp-json\/wp\/v2\/comments?post=991"}],"version-history":[{"count":14,"href":"https:\/\/www.dgtmuenchen.de\/es\/wp-json\/wp\/v2\/pages\/991\/revisions"}],"predecessor-version":[{"id":3150,"href":"https:\/\/www.dgtmuenchen.de\/es\/wp-json\/wp\/v2\/pages\/991\/revisions\/3150"}],"wp:attachment":[{"href":"https:\/\/www.dgtmuenchen.de\/es\/wp-json\/wp\/v2\/media?parent=991"}],"curies":[{"name":"wp","href":"https:\/\/api.w.org\/{rel}","templated":true}]}}