{"id":995,"date":"2017-03-28T16:26:34","date_gmt":"2017-03-28T14:26:34","guid":{"rendered":"http:\/\/www.dgtmuenchen.de\/?page_id=995\/"},"modified":"2024-01-04T12:11:26","modified_gmt":"2024-01-04T11:11:26","slug":"empresa","status":"publish","type":"page","link":"https:\/\/www.dgtmuenchen.de\/es\/empresa\/","title":{"rendered":"Empresa"},"content":{"rendered":"<div class=\"fusion-fullwidth fullwidth-box fusion-builder-row-1 nonhundred-percent-fullwidth non-hundred-percent-height-scrolling\" style=\"--awb-border-radius-top-left:0px;--awb-border-radius-top-right:0px;--awb-border-radius-bottom-right:0px;--awb-border-radius-bottom-left:0px;--awb-padding-top:20px;--awb-padding-bottom:20px;--awb-flex-wrap:wrap;\" ><div class=\"fusion-builder-row fusion-row\"><div class=\"fusion-layout-column fusion_builder_column fusion-builder-column-0 fusion_builder_column_1_1 1_1 fusion-one-full fusion-column-first fusion-column-last\" style=\"--awb-bg-size:cover;--awb-margin-bottom:50px;\"><div class=\"fusion-column-wrapper fusion-flex-column-wrapper-legacy\"><div class=\"fusion-text fusion-text-1\"><h1 style=\"text-align: center; margin-top: 0px;\">Llenadoras de gas de alto rendimiento<\/h1>\n<\/div><div class=\"fusion-clearfix\"><\/div><\/div><\/div><div class=\"fusion-layout-column fusion_builder_column fusion-builder-column-1 fusion_builder_column_3_4 3_4 fusion-three-fourth fusion-column-first\" style=\"--awb-bg-size:cover;--awb-margin-bottom:0px;width:75%;width:calc(75% - ( ( 0 ) * 0.75 ) );margin-right: 0px;\"><div class=\"fusion-column-wrapper fusion-flex-column-wrapper-legacy\"><div class=\"fusion-text fusion-text-2\"><p><img decoding=\"async\" class=\"alignleft wp-image-871 size-full\" src=\"https:\/\/www.dgtmuenchen.de\/wp-content\/uploads\/2017\/03\/Lorbeerkranz.jpg\" alt=\"\" width=\"240\" srcset=\"https:\/\/www.dgtmuenchen.de\/wp-content\/uploads\/2017\/03\/Lorbeerkranz-200x193.jpg 200w, https:\/\/www.dgtmuenchen.de\/wp-content\/uploads\/2017\/03\/Lorbeerkranz.jpg 300w\" sizes=\"(max-width: 300px) 100vw, 300px\" \/>El l\u00edder en moderna t\u00e9cnica manual-semiautom\u00e1tico para en<br \/>\nLlenado con gas &#8211; en Espa\u00f1a, Europa y el mundo:<\/p>\n<h2>DGT \u2013 Anlagen und Systeme GmbH<\/h2>\n<p>\u2026 ofrece mundialmente a la industria de doble acristalamiento<br \/>\ndesde 1977 con DCL GmbH la tecnolog\u00eda mas avanzada en llenadoras manuales de gas y aparatos de verificati\u00f3n del grado de llenado de gas.<\/p>\n<p>\u2026 Cuenta con la m\u00e1s amplia gama de dispositivos que se adapta a las necesidades de peque\u00f1os, medianos y grandes fabricantes. Garantiza un muy buen equilibrio entre precio y rendimiento.<\/p>\n<p>\u2026 Produce dispositivos con una capacidad de 10 &#8211; 2000 unidades \/ d\u00eda y permite el llenado con todos los gases habituales en doble acristalamiento (arg\u00f3n, SF6, cript\u00f3n, xen\u00f3n) y mezclas de diferentes gases.<\/p>\n<p><img decoding=\"async\" class=\"size-full wp-image-647 alignleft\" src=\"https:\/\/www.dgtmuenchen.de\/wp-content\/uploads\/2017\/01\/firmenprofil-3.jpg\" alt=\"\" width=\"101\" height=\"148\" \/>Las pruebas realizadas en m\u00e1s de 1900 dispositivos instalados en todo el mundo confirman la precisi\u00f3n y eficiencia del llenado, as\u00ed como la calidad confiable de la mezcla. Las m\u00e1quinas son f\u00e1ciles de operar, autom\u00e1ticas y sin calibraci\u00f3n externa. Requieren un mantenimiento m\u00ednimo.<\/p>\n<\/div><div class=\"fusion-text fusion-text-3\"><p><img decoding=\"async\" class=\"aligncenter size-full wp-image-2804\" src=\"https:\/\/www.dgtmuenchen.de\/wp-content\/uploads\/2024\/01\/Folie3GB-1.jpg\" alt=\"\" width=\"960\" height=\"720\" \/><\/p>\n<\/div><div class=\"fusion-clearfix\"><\/div><\/div><\/div><div class=\"fusion-layout-column fusion_builder_column fusion-builder-column-2 fusion_builder_column_1_4 1_4 fusion-one-fourth fusion-column-last\" style=\"--awb-bg-size:cover;--awb-margin-bottom:0px;width:25%;width:calc(25% - ( ( 0 ) * 0.25 ) );\"><div class=\"fusion-column-wrapper fusion-flex-column-wrapper-legacy\"><div class=\"fusion-image-element fusion-image-align-center in-legacy-container\" style=\"text-align:center;--awb-caption-title-font-family:var(--h2_typography-font-family);--awb-caption-title-font-weight:var(--h2_typography-font-weight);--awb-caption-title-font-style:var(--h2_typography-font-style);--awb-caption-title-size:var(--h2_typography-font-size);--awb-caption-title-transform:var(--h2_typography-text-transform);--awb-caption-title-line-height:var(--h2_typography-line-height);--awb-caption-title-letter-spacing:var(--h2_typography-letter-spacing);\"><div class=\"imageframe-align-center\"><span class=\" fusion-imageframe imageframe-none imageframe-1 hover-type-zoomin\"><img decoding=\"async\" width=\"221\" height=\"150\" title=\"3-firmen\" src=\"https:\/\/www.dgtmuenchen.de\/wp-content\/uploads\/2017\/01\/3-firmen.jpg\" alt class=\"img-responsive wp-image-1870\" srcset=\"https:\/\/www.dgtmuenchen.de\/wp-content\/uploads\/2017\/01\/3-firmen-200x136.jpg 200w, https:\/\/www.dgtmuenchen.de\/wp-content\/uploads\/2017\/01\/3-firmen.jpg 221w\" sizes=\"(max-width: 800px) 100vw, 221px\" \/><\/span><\/div><\/div><div class=\"fusion-sep-clear\"><\/div><div class=\"fusion-separator fusion-full-width-sep\" style=\"margin-left: auto;margin-right: auto;margin-top:40px;width:100%;\"><\/div><div class=\"fusion-sep-clear\"><\/div><div class=\"fusion-image-element fusion-image-align-center in-legacy-container\" style=\"text-align:center;--awb-caption-title-font-family:var(--h2_typography-font-family);--awb-caption-title-font-weight:var(--h2_typography-font-weight);--awb-caption-title-font-style:var(--h2_typography-font-style);--awb-caption-title-size:var(--h2_typography-font-size);--awb-caption-title-transform:var(--h2_typography-text-transform);--awb-caption-title-line-height:var(--h2_typography-line-height);--awb-caption-title-letter-spacing:var(--h2_typography-letter-spacing);\"><div class=\"imageframe-align-center\"><span class=\" fusion-imageframe imageframe-none imageframe-2 hover-type-zoomin\"><img decoding=\"async\" width=\"221\" height=\"150\" title=\"firmenprofil\" src=\"https:\/\/www.dgtmuenchen.de\/wp-content\/uploads\/2017\/01\/firmenprofil.jpg\" alt class=\"img-responsive wp-image-2014\" srcset=\"https:\/\/www.dgtmuenchen.de\/wp-content\/uploads\/2017\/01\/firmenprofil-200x136.jpg 200w, https:\/\/www.dgtmuenchen.de\/wp-content\/uploads\/2017\/01\/firmenprofil.jpg 221w\" sizes=\"(max-width: 800px) 100vw, 221px\" \/><\/span><\/div><\/div><div class=\"fusion-sep-clear\"><\/div><div class=\"fusion-separator fusion-full-width-sep\" style=\"margin-left: auto;margin-right: auto;margin-top:40px;width:100%;\"><\/div><div class=\"fusion-sep-clear\"><\/div><div class=\"fusion-image-element fusion-image-align-center in-legacy-container\" style=\"text-align:center;--awb-caption-title-font-family:var(--h2_typography-font-family);--awb-caption-title-font-weight:var(--h2_typography-font-weight);--awb-caption-title-font-style:var(--h2_typography-font-style);--awb-caption-title-size:var(--h2_typography-font-size);--awb-caption-title-transform:var(--h2_typography-text-transform);--awb-caption-title-line-height:var(--h2_typography-line-height);--awb-caption-title-letter-spacing:var(--h2_typography-letter-spacing);\"><div class=\"imageframe-align-center\"><span class=\" fusion-imageframe imageframe-none imageframe-3 hover-type-zoomin\"><img decoding=\"async\" width=\"221\" height=\"150\" title=\"firmeprofil-2\" src=\"https:\/\/www.dgtmuenchen.de\/wp-content\/uploads\/2017\/01\/firmeprofil-2.jpg\" alt class=\"img-responsive wp-image-2008\" srcset=\"https:\/\/www.dgtmuenchen.de\/wp-content\/uploads\/2017\/01\/firmeprofil-2-200x136.jpg 200w, https:\/\/www.dgtmuenchen.de\/wp-content\/uploads\/2017\/01\/firmeprofil-2.jpg 221w\" sizes=\"(max-width: 800px) 100vw, 221px\" \/><\/span><\/div><\/div><div class=\"fusion-sep-clear\"><\/div><div class=\"fusion-separator fusion-full-width-sep\" style=\"margin-left: auto;margin-right: auto;margin-top:40px;width:100%;\"><\/div><div class=\"fusion-sep-clear\"><\/div><div class=\"fusion-image-element fusion-image-align-center in-legacy-container\" style=\"text-align:center;--awb-caption-title-font-family:var(--h2_typography-font-family);--awb-caption-title-font-weight:var(--h2_typography-font-weight);--awb-caption-title-font-style:var(--h2_typography-font-style);--awb-caption-title-size:var(--h2_typography-font-size);--awb-caption-title-transform:var(--h2_typography-text-transform);--awb-caption-title-line-height:var(--h2_typography-line-height);--awb-caption-title-letter-spacing:var(--h2_typography-letter-spacing);\"><div class=\"imageframe-align-center\"><span class=\" fusion-imageframe imageframe-none imageframe-4 hover-type-zoomin\"><img decoding=\"async\" width=\"221\" height=\"150\" title=\"1-firmen\" src=\"https:\/\/www.dgtmuenchen.de\/wp-content\/uploads\/2017\/01\/1-firmen.jpg\" alt class=\"img-responsive wp-image-1858\" srcset=\"https:\/\/www.dgtmuenchen.de\/wp-content\/uploads\/2017\/01\/1-firmen-200x136.jpg 200w, https:\/\/www.dgtmuenchen.de\/wp-content\/uploads\/2017\/01\/1-firmen.jpg 221w\" sizes=\"(max-width: 800px) 100vw, 221px\" \/><\/span><\/div><\/div><div class=\"fusion-clearfix\"><\/div><\/div><\/div><\/div><\/div>\n","protected":false},"excerpt":{"rendered":"","protected":false},"author":1,"featured_media":0,"parent":0,"menu_order":0,"comment_status":"closed","ping_status":"closed","template":"","meta":{"footnotes":""},"class_list":["post-995","page","type-page","status-publish","hentry"],"_links":{"self":[{"href":"https:\/\/www.dgtmuenchen.de\/es\/wp-json\/wp\/v2\/pages\/995","targetHints":{"allow":["GET"]}}],"collection":[{"href":"https:\/\/www.dgtmuenchen.de\/es\/wp-json\/wp\/v2\/pages"}],"about":[{"href":"https:\/\/www.dgtmuenchen.de\/es\/wp-json\/wp\/v2\/types\/page"}],"author":[{"embeddable":true,"href":"https:\/\/www.dgtmuenchen.de\/es\/wp-json\/wp\/v2\/users\/1"}],"replies":[{"embeddable":true,"href":"https:\/\/www.dgtmuenchen.de\/es\/wp-json\/wp\/v2\/comments?post=995"}],"version-history":[{"count":5,"href":"https:\/\/www.dgtmuenchen.de\/es\/wp-json\/wp\/v2\/pages\/995\/revisions"}],"predecessor-version":[{"id":2860,"href":"https:\/\/www.dgtmuenchen.de\/es\/wp-json\/wp\/v2\/pages\/995\/revisions\/2860"}],"wp:attachment":[{"href":"https:\/\/www.dgtmuenchen.de\/es\/wp-json\/wp\/v2\/media?parent=995"}],"curies":[{"name":"wp","href":"https:\/\/api.w.org\/{rel}","templated":true}]}}