{"id":997,"date":"2017-03-28T16:35:40","date_gmt":"2017-03-28T14:35:40","guid":{"rendered":"http:\/\/www.dgtmuenchen.de\/?page_id=997\/"},"modified":"2024-02-09T12:43:57","modified_gmt":"2024-02-09T11:43:57","slug":"productos-2","status":"publish","type":"page","link":"https:\/\/www.dgtmuenchen.de\/es\/productos-2\/","title":{"rendered":"Productos"},"content":{"rendered":"<div class=\"fusion-fullwidth fullwidth-box fusion-builder-row-1 nonhundred-percent-fullwidth non-hundred-percent-height-scrolling\" style=\"--awb-border-radius-top-left:0px;--awb-border-radius-top-right:0px;--awb-border-radius-bottom-right:0px;--awb-border-radius-bottom-left:0px;--awb-padding-top:20px;--awb-padding-bottom:20px;--awb-flex-wrap:wrap;\" ><div class=\"fusion-builder-row fusion-row\"><div class=\"fusion-layout-column fusion_builder_column fusion-builder-column-0 fusion_builder_column_1_1 1_1 fusion-one-full fusion-column-first fusion-column-last\" style=\"--awb-bg-size:cover;--awb-margin-bottom:50px;\"><div class=\"fusion-column-wrapper fusion-flex-column-wrapper-legacy\"><div class=\"fusion-text fusion-text-1\"><h1 style=\"text-align: center; margin-top: 0px;\">Servicio mundial, Soluciones convincentes, Consultor\u00eda eficaz<\/h1>\n<\/div><div class=\"fusion-clearfix\"><\/div><\/div><\/div><div class=\"fusion-layout-column fusion_builder_column fusion-builder-column-1 fusion_builder_column_1_1 1_1 fusion-one-full fusion-column-first fusion-column-last\" style=\"--awb-bg-size:cover;\"><div class=\"fusion-column-wrapper fusion-flex-column-wrapper-legacy\"><div class=\"fusion-tabs fusion-tabs-1 classic nav-is-justified horizontal-tabs icon-position-left mobile-mode-accordion\" style=\"--awb-title-border-radius-top-left:0px;--awb-title-border-radius-top-right:0px;--awb-title-border-radius-bottom-right:0px;--awb-title-border-radius-bottom-left:0px;--awb-alignment:start;--awb-inactive-color:#f6f6f6;--awb-background-color:#ffffff;--awb-border-color:#f6f6f6;--awb-active-border-color:#1e4663;\"><div class=\"nav\"><ul class=\"nav-tabs nav-justified\" role=\"tablist\"><li class=\"active\" role=\"presentation\"><a class=\"tab-link\" data-toggle=\"tab\" role=\"tab\" aria-controls=\"tab-5e3f419487b949545cd\" aria-selected=\"true\" id=\"fusion-tab-nuestragamadeproductos\" href=\"#tab-5e3f419487b949545cd\"><h4 class=\"fusion-tab-heading\">Nuestra gama de productos<\/h4><\/a><\/li><li role=\"presentation\"><a class=\"tab-link\" data-toggle=\"tab\" role=\"tab\" aria-controls=\"tab-1316f32743cdcb18048\" aria-selected=\"false\" tabindex=\"-1\" id=\"fusion-tab-lasllenadorasdegasparaeldobleytripleacristalamiento\" href=\"#tab-1316f32743cdcb18048\"><h4 class=\"fusion-tab-heading\">Las llenadoras de gas para el doble y triple acristalamiento<\/h4><\/a><\/li><li role=\"presentation\"><a class=\"tab-link\" data-toggle=\"tab\" role=\"tab\" aria-controls=\"tab-b9f546a2b4584622b61\" aria-selected=\"false\" tabindex=\"-1\" id=\"fusion-tab-aparatosdeprueba\" href=\"#tab-b9f546a2b4584622b61\"><h4 class=\"fusion-tab-heading\">Aparatos de prueba<\/h4><\/a><\/li><\/ul><\/div><div class=\"tab-content\"><div class=\"nav fusion-mobile-tab-nav\"><ul class=\"nav-tabs nav-justified\" role=\"tablist\"><li class=\"active\" role=\"presentation\"><a class=\"tab-link\" data-toggle=\"tab\" role=\"tab\" aria-controls=\"tab-5e3f419487b949545cd\" aria-selected=\"true\" id=\"mobile-fusion-tab-nuestragamadeproductos\" href=\"#tab-5e3f419487b949545cd\"><h4 class=\"fusion-tab-heading\">Nuestra gama de productos<\/h4><\/a><\/li><\/ul><\/div><div class=\"tab-pane fade fusion-clearfix in active\" role=\"tabpanel\" tabindex=\"0\" aria-labelledby=\"fusion-tab-nuestragamadeproductos\" id=\"tab-5e3f419487b949545cd\">\n<p><img decoding=\"async\" class=\"size-full wp-image-1393 alignright\" src=\"https:\/\/www.dgtmuenchen.de\/wp-content\/uploads\/2017\/01\/spektrum.jpg\" alt=\"\" width=\"250\" srcset=\"https:\/\/www.dgtmuenchen.de\/wp-content\/uploads\/2017\/01\/spektrum-200x123.jpg 200w, https:\/\/www.dgtmuenchen.de\/wp-content\/uploads\/2017\/01\/spektrum-300x184.jpg 300w, https:\/\/www.dgtmuenchen.de\/wp-content\/uploads\/2017\/01\/spektrum.jpg 400w\" sizes=\"(max-width: 400px) 100vw, 400px\" \/><\/p>\n<h5>DGT \u2013 Anlagen und Systeme GmbH . . .<br \/>\n. . . Su centro de experiencia para equipos de llenado confiables y analizadores de gas<\/h5>\n<p><strong style=\"text-decoration: underline;\"><a href=\"https:\/\/www.dgtmuenchen.de\/es\/productos\/piko-star\/\">PIKO-STAR: (Sigue leyendo)<\/a><\/strong><br \/>\nEquipo de llenado de gas modelo PIKO-STAR, para el llenado de las unidades de vidrio acristalamiento. Con una capacidad de hasta 250 unidades, en 4 canales de hasta 400 unidades por turno de 8 horas dependiendo naturalmente de las medidas de las unidades.<\/p>\n<p><a href=\"https:\/\/www.dgtmuenchen.de\/es\/productos-2\/rapid-star\/\"><strong style=\"text-decoration: underline;\">SMART-STAR: (Sigue leyendo)<\/strong><\/a><br \/>\nEquipo de llenado de gas modelo SMART-STAR, controlado por multi-sensores, para el llenado de las unidades de vidrio acristalamiento. Con una capacidad de hasta 750 unidades por turno de 8 horas dependiendo naturalmente de las medidas de las unidades.<\/p>\n<p><strong style=\"text-decoration: underline;\"><a href=\"https:\/\/www.dgtmuenchen.de\/es\/productos\/speed-star\/\">SPEED-STAR: (Sigue leyendo)<\/a><\/strong><br \/>\nEquipo de llenado de gas de alto rendimiento, modelo SPEED-STAR, controlado por multi-sensores, para el llenado de las unidades de vidrio acristalamiento. Con una capacidad de en general 1200 unidades y de hasta 1800 unidades por turno de 8 horas dependiendo naturalmente de las medidas de las unidades, <strong style=\"color: #ff3300;\">con la mayor velocidad de llenado en todo el mundo<\/strong>, de hasta 300 l\/min, y <strong style=\"color: #ff3300;\">con tiempos de ciclo de alrededor de 30 s<\/strong><\/p>\n<p><strong style=\"text-decoration: underline;\"><a href=\"https:\/\/www.dgtmuenchen.de\/es\/productos\/sensoline\/\">SENSOLINE: (Sigue leyendo)<\/a><\/strong><br \/>\nMedici\u00f3n precisa de la cantidad restante de ox\u00edgeno para fijar exactamente el grado de llenado con gas en unidades de vidrio de c\u00e1mara (ac. EN 1279-6)<ul style=\"--awb-size:15px;--awb-iconcolor:#6f8ba1;--awb-line-height:25.5px;--awb-icon-width:25.5px;--awb-icon-height:25.5px;--awb-icon-margin:10.5px;--awb-content-margin:36px;\" class=\"fusion-checklist fusion-checklist-1 fusion-checklist-default type-icons\">\n<li class=\"fusion-li-item\" style=\"\"><span class=\"icon-wrapper circle-no\"><i class=\"fusion-li-icon fa fa-check-square-o\" aria-hidden=\"true\"><\/i><\/span><div class=\"fusion-li-item-content\">F\u00e1cil manejo y calibraci\u00f3n<\/div><\/li>\n<li class=\"fusion-li-item\" style=\"\"><span class=\"icon-wrapper circle-no\"><i class=\"fusion-li-icon fa fa-check-square-o\" aria-hidden=\"true\"><\/i><\/span><div class=\"fusion-li-item-content\">F\u00e1cil t\u00e9cnica de sacar pruebas<\/div><\/li>\n<li class=\"fusion-li-item\" style=\"\"><span class=\"icon-wrapper circle-no\"><i class=\"fusion-li-icon fa fa-check-square-o\" aria-hidden=\"true\"><\/i><\/span><div class=\"fusion-li-item-content\">Dise\u00f1o compacto y m\u00f3vil, mec\u00e1nicamente resistente<\/div><\/li>\n<\/ul>\n<\/div><div class=\"nav fusion-mobile-tab-nav\"><ul class=\"nav-tabs nav-justified\" role=\"tablist\"><li role=\"presentation\"><a class=\"tab-link\" data-toggle=\"tab\" role=\"tab\" aria-controls=\"tab-1316f32743cdcb18048\" aria-selected=\"false\" tabindex=\"-1\" id=\"mobile-fusion-tab-lasllenadorasdegasparaeldobleytripleacristalamiento\" href=\"#tab-1316f32743cdcb18048\"><h4 class=\"fusion-tab-heading\">Las llenadoras de gas para el doble y triple acristalamiento<\/h4><\/a><\/li><\/ul><\/div><div class=\"tab-pane fade fusion-clearfix\" role=\"tabpanel\" tabindex=\"0\" aria-labelledby=\"fusion-tab-lasllenadorasdegasparaeldobleytripleacristalamiento\" id=\"tab-1316f32743cdcb18048\">\n<h5>DGT \u2013 Anlagen und Systeme GmbH . . .<br \/>\n. . . Su centro de experiencia para equipos de llenado confiables y analizadores de gas<\/h5>\n<div class=\"fusion-builder-row fusion-builder-row-inner fusion-row\"><div class=\"fusion-layout-column fusion_builder_column_inner fusion-builder-nested-column-0 fusion_builder_column_inner_3_5 3_5 fusion-three-fifth fusion-column-first fusion-no-large-visibility\" style=\"--awb-bg-size:cover;width:58.4%; margin-right: 4%;\"><div class=\"fusion-column-wrapper fusion-flex-column-wrapper-legacy\">\n<div class=\"table-1\">\n<table width=\"100%\">\n<thead>\n<tr>\n<th style=\"font-size: 16px; text-align: center;\" align=\"left\"><strong style=\"color: w;\">las medidas de las unidades<br \/>\n&#8211; <a href=\"https:\/\/www.dgtmuenchen.de\/es\/productos\/piko-star\/\">PIKO-STAR (Sigue leyendo)<\/a><br \/>\n<\/strong><\/th>\n<\/tr>\n<\/thead>\n<tbody>\n<tr>\n<td style=\"text-align: center;\" align=\"left\"><strong>1100x800x12<\/strong><br \/>\n91,00<\/td>\n<\/tr>\n<tr>\n<td style=\"text-align: center;\" align=\"left\"><strong>1000x1000x16<\/strong><br \/>\n150,00<\/td>\n<\/tr>\n<tr>\n<td style=\"text-align: center;\" align=\"left\"><strong>1200x2500x12<\/strong><br \/>\n380,00<\/td>\n<\/tr>\n<tr>\n<td style=\"text-align: center;\" align=\"left\"><strong>1630x2500x12<\/strong><br \/>\n500,00<\/td>\n<\/tr>\n<tr>\n<td style=\"text-align: center;\" align=\"left\"><strong>1630x2500x16<\/strong><br \/>\n700,00<\/td>\n<\/tr>\n<\/tbody>\n<\/table>\n<\/div>\n\n<div class=\"table-1\">\n<table width=\"100%\">\n<thead>\n<tr>\n<th style=\"font-size: 16px; text-align: center;\" align=\"left\"><strong style=\"color: w;\">las medidas de las unidades<br \/>\n&#8211; <a href=\"https:\/\/www.dgtmuenchen.de\/es\/productos\/smart-star\/\">SMART-STAR (Sigue leyendo)<\/a><br \/>\n<\/strong><\/th>\n<\/tr>\n<\/thead>\n<tbody>\n<tr>\n<td style=\"text-align: center;\" align=\"left\"><strong>1100x800x12<\/strong><br \/>\n30,00<\/td>\n<\/tr>\n<tr>\n<td style=\"text-align: center;\" align=\"left\"><strong>1000x1000x16<\/strong><br \/>\n49,00<\/td>\n<\/tr>\n<tr>\n<td style=\"text-align: center;\" align=\"left\"><strong>1200x2500x12<\/strong><br \/>\n80,00<\/td>\n<\/tr>\n<tr>\n<td style=\"text-align: center;\" align=\"left\"><strong>1630x2500x12<\/strong><br \/>\n105,00<\/td>\n<\/tr>\n<tr>\n<td style=\"text-align: center;\" align=\"left\"><strong>1630x2500x16<\/strong><br \/>\n140,00<\/td>\n<\/tr>\n<\/tbody>\n<\/table>\n<\/div>\n\n<div class=\"table-1\">\n<table width=\"100%\">\n<thead>\n<tr>\n<th style=\"font-size: 16px; text-align: center;\" align=\"left\"><strong style=\"color: w;\">las medidas de las unidades<br \/>\n&#8211; <a href=\"https:\/\/www.dgtmuenchen.de\/es\/productos\/speed-star\/\">SPEED-STAR (Sigue leyendo)<\/a><br \/>\n<\/strong><\/th>\n<\/tr>\n<\/thead>\n<tbody>\n<tr>\n<td style=\"text-align: center;\" align=\"left\"><strong>1100x800x12<\/strong><br \/>\n29,00<\/td>\n<\/tr>\n<tr>\n<td style=\"text-align: center;\" align=\"left\"><strong>1000x1000x16<\/strong><br \/>\n30,00<\/td>\n<\/tr>\n<tr>\n<td style=\"text-align: center;\" align=\"left\"><strong>1200x2500x12<\/strong><br \/>\n40,00<\/td>\n<\/tr>\n<tr>\n<td style=\"text-align: center;\" align=\"left\"><strong>1630x2500x12<\/strong><br \/>\n45,00<\/td>\n<\/tr>\n<tr>\n<td style=\"text-align: center;\" align=\"left\"><strong>1630x2500x16<\/strong><br \/>\n58,00<\/td>\n<\/tr>\n<\/tbody>\n<\/table>\n<\/div>\n<div class=\"fusion-clearfix\"><\/div><\/div><\/div><div class=\"fusion-layout-column fusion_builder_column_inner fusion-builder-nested-column-1 fusion_builder_column_inner_3_5 3_5 fusion-three-fifth fusion-column-first fusion-no-small-visibility fusion-no-medium-visibility\" style=\"--awb-bg-size:cover;width:60%;width:calc(60% - ( ( 4% ) * 0.6 ) );margin-right: 4%;\"><div class=\"fusion-column-wrapper fusion-flex-column-wrapper-legacy\"><div class=\"fusion-sep-clear\"><\/div><div class=\"fusion-separator fusion-full-width-sep\" style=\"margin-left: auto;margin-right: auto;margin-bottom:30px;width:100%;\"><\/div><div class=\"fusion-sep-clear\"><\/div>\n<div class=\"table-1\">\n<table width=\"100%\">\n<thead>\n<tr>\n<th align=\"left\">las medidas de las unidades<\/th>\n<th style=\"text-align: center;\" align=\"left\"><a href=\"https:\/\/www.dgtmuenchen.de\/es\/productos\/piko-star\/\">PIKO-STAR (Sigue leyendo)<\/a><\/th>\n<th style=\"text-align: center;\" align=\"left\"><a href=\"https:\/\/www.dgtmuenchen.de\/es\/productos\/smart-star\/\">SMART-STAR (Sigue leyendo)<\/a><\/th>\n<th style=\"text-align: center;\" align=\"left\"><a href=\"https:\/\/www.dgtmuenchen.de\/es\/productos\/speed-star\/\">SPEED-STAR (Sigue leyendo)<\/a><\/th>\n<\/tr>\n<\/thead>\n<tbody>\n<tr>\n<td align=\"left\">1100x800x12<\/td>\n<td style=\"text-align: center;\" align=\"left\">91,00<\/td>\n<td style=\"text-align: center;\" align=\"left\">30,00<\/td>\n<td style=\"text-align: center;\" align=\"left\">29,00<\/td>\n<\/tr>\n<tr>\n<td align=\"left\">1000x1000x16<\/td>\n<td style=\"text-align: center;\" align=\"left\">150,00<\/td>\n<td style=\"text-align: center;\" align=\"left\">49,00<\/td>\n<td style=\"text-align: center;\" align=\"left\">30,00<\/td>\n<\/tr>\n<tr>\n<td align=\"left\">1200x2500x12<\/td>\n<td style=\"text-align: center;\" align=\"left\">380,00<\/td>\n<td style=\"text-align: center;\" align=\"left\">80,00<\/td>\n<td style=\"text-align: center;\" align=\"left\">40,00<\/td>\n<\/tr>\n<tr>\n<td align=\"left\">1630x2500x12<\/td>\n<td style=\"text-align: center;\" align=\"left\">500,00<\/td>\n<td style=\"text-align: center;\" align=\"left\">105,00<\/td>\n<td style=\"text-align: center;\" align=\"left\">45,00<\/td>\n<\/tr>\n<tr>\n<td align=\"left\">1630x2500x16<\/td>\n<td style=\"text-align: center;\" align=\"left\">700,00<\/td>\n<td style=\"text-align: center;\" align=\"left\">140,00<\/td>\n<td style=\"text-align: center;\" align=\"left\">58,00<\/td>\n<\/tr>\n<\/tbody>\n<\/table>\n<\/div>\n<div class=\"fusion-clearfix\"><\/div><\/div><\/div><div class=\"fusion-layout-column fusion_builder_column_inner fusion-builder-nested-column-2 fusion_builder_column_inner_2_5 2_5 fusion-two-fifth fusion-column-last\" style=\"--awb-bg-size:cover;width:40%;width:calc(40% - ( ( 4% ) * 0.4 ) );\"><div class=\"fusion-column-wrapper fusion-flex-column-wrapper-legacy\"><div class=\"fusion-text fusion-text-2\">\n\t\t<style type=\"text\/css\">\n\t\t\t#gallery-1 {\n\t\t\t\tmargin: auto;\n\t\t\t}\n\t\t\t#gallery-1 .gallery-item {\n\t\t\t\tfloat: left;\n\t\t\t\tmargin-top: 10px;\n\t\t\t\ttext-align: center;\n\t\t\t\twidth: 50%;\n\t\t\t}\n\t\t\t#gallery-1 img {\n\t\t\t\tborder: 2px solid #cfcfcf;\n\t\t\t}\n\t\t\t#gallery-1 .gallery-caption {\n\t\t\t\tmargin-left: 0;\n\t\t\t}\n\t\t\t\/* see gallery_shortcode() in wp-includes\/media.php *\/\n\t\t<\/style>\n\t\t<div id='gallery-1' class='gallery galleryid-997 gallery-columns-2 gallery-size-thumbnail'><dl class='gallery-item'>\n\t\t\t<dt class='gallery-icon landscape'>\n\t\t\t\t<a data-rel=\"iLightbox[postimages]\" data-title=\"produkte1\" data-caption=\"\" href='https:\/\/www.dgtmuenchen.de\/wp-content\/uploads\/2017\/01\/produkte1.jpg'><img decoding=\"async\" width=\"150\" height=\"150\" src=\"https:\/\/www.dgtmuenchen.de\/wp-content\/uploads\/2017\/01\/produkte1-150x150.jpg\" class=\"attachment-thumbnail size-thumbnail\" alt=\"\" srcset=\"https:\/\/www.dgtmuenchen.de\/wp-content\/uploads\/2017\/01\/produkte1-66x66.jpg 66w, https:\/\/www.dgtmuenchen.de\/wp-content\/uploads\/2017\/01\/produkte1-150x150.jpg 150w\" sizes=\"(max-width: 150px) 100vw, 150px\" \/><\/a>\n\t\t\t<\/dt><\/dl><dl class='gallery-item'>\n\t\t\t<dt class='gallery-icon landscape'>\n\t\t\t\t<a data-rel=\"iLightbox[postimages]\" data-title=\"produkte2\" data-caption=\"\" href='https:\/\/www.dgtmuenchen.de\/wp-content\/uploads\/2017\/01\/produkte2.jpg'><img decoding=\"async\" width=\"150\" height=\"150\" src=\"https:\/\/www.dgtmuenchen.de\/wp-content\/uploads\/2017\/01\/produkte2-150x150.jpg\" class=\"attachment-thumbnail size-thumbnail\" alt=\"\" srcset=\"https:\/\/www.dgtmuenchen.de\/wp-content\/uploads\/2017\/01\/produkte2-66x66.jpg 66w, https:\/\/www.dgtmuenchen.de\/wp-content\/uploads\/2017\/01\/produkte2-150x150.jpg 150w\" sizes=\"(max-width: 150px) 100vw, 150px\" \/><\/a>\n\t\t\t<\/dt><\/dl><br style=\"clear: both\" \/><dl class='gallery-item'>\n\t\t\t<dt class='gallery-icon landscape'>\n\t\t\t\t<a data-rel=\"iLightbox[postimages]\" data-title=\"produkte4\" data-caption=\"\" href='https:\/\/www.dgtmuenchen.de\/wp-content\/uploads\/2017\/01\/produkte4.png'><img decoding=\"async\" width=\"150\" height=\"150\" src=\"https:\/\/www.dgtmuenchen.de\/wp-content\/uploads\/2017\/01\/produkte4-150x150.png\" class=\"attachment-thumbnail size-thumbnail\" alt=\"\" srcset=\"https:\/\/www.dgtmuenchen.de\/wp-content\/uploads\/2017\/01\/produkte4-66x66.png 66w, https:\/\/www.dgtmuenchen.de\/wp-content\/uploads\/2017\/01\/produkte4-150x150.png 150w\" sizes=\"(max-width: 150px) 100vw, 150px\" \/><\/a>\n\t\t\t<\/dt><\/dl><dl class='gallery-item'>\n\t\t\t<dt class='gallery-icon portrait'>\n\t\t\t\t<a data-rel=\"iLightbox[postimages]\" data-title=\"produkte5\" data-caption=\"\" href='https:\/\/www.dgtmuenchen.de\/wp-content\/uploads\/2017\/01\/produkte5.jpg'><img decoding=\"async\" width=\"150\" height=\"150\" src=\"https:\/\/www.dgtmuenchen.de\/wp-content\/uploads\/2017\/01\/produkte5-150x150.jpg\" class=\"attachment-thumbnail size-thumbnail\" alt=\"\" srcset=\"https:\/\/www.dgtmuenchen.de\/wp-content\/uploads\/2017\/01\/produkte5-66x66.jpg 66w, https:\/\/www.dgtmuenchen.de\/wp-content\/uploads\/2017\/01\/produkte5-150x150.jpg 150w\" sizes=\"(max-width: 150px) 100vw, 150px\" \/><\/a>\n\t\t\t<\/dt><\/dl><br style=\"clear: both\" \/>\n\t\t<\/div>\n\n<\/div><div class=\"fusion-clearfix\"><\/div><\/div><\/div><\/div>\n<p><video controls=\"controls\" width=\"600\" height=\"450\"><source src=\"https:\/\/www.dgtmuenchen.de\/videos\/SPEEDLINE.mp4\" type=\"video\/mp4\" \/>Your browser does not support the video tag.<\/video><\/p>\n<p>SPEED-STAR<\/div><div class=\"nav fusion-mobile-tab-nav\"><ul class=\"nav-tabs nav-justified\" role=\"tablist\"><li role=\"presentation\"><a class=\"tab-link\" data-toggle=\"tab\" role=\"tab\" aria-controls=\"tab-b9f546a2b4584622b61\" aria-selected=\"false\" tabindex=\"-1\" id=\"mobile-fusion-tab-aparatosdeprueba\" href=\"#tab-b9f546a2b4584622b61\"><h4 class=\"fusion-tab-heading\">Aparatos de prueba<\/h4><\/a><\/li><\/ul><\/div><div class=\"tab-pane fade fusion-clearfix\" role=\"tabpanel\" tabindex=\"0\" aria-labelledby=\"fusion-tab-aparatosdeprueba\" id=\"tab-b9f546a2b4584622b61\"><strong style=\"text-decoration: underline;\"><a href=\"https:\/\/www.dgtmuenchen.de\/es\/productos\/sensoline\/\">SENSOLINE: (Sigue leyendo)<\/a><\/strong><br \/>\nMedici\u00f3n precisa de la cantidad restante de ox\u00edgeno para fijar exactamente el grado de llenado con gas en unidades de vidrio de c\u00e1mara (ac. EN 1279-6)<ul style=\"--awb-size:15px;--awb-iconcolor:#6f8ba1;--awb-line-height:25.5px;--awb-icon-width:25.5px;--awb-icon-height:25.5px;--awb-icon-margin:10.5px;--awb-content-margin:36px;\" class=\"fusion-checklist fusion-checklist-2 fusion-checklist-default type-icons\">\n<li class=\"fusion-li-item\" style=\"\"><span class=\"icon-wrapper circle-no\"><i class=\"fusion-li-icon fa fa-check-square-o\" aria-hidden=\"true\"><\/i><\/span><div class=\"fusion-li-item-content\">F\u00e1cil manejo y calibraci\u00f3n<\/div><\/li>\n<li class=\"fusion-li-item\" style=\"\"><span class=\"icon-wrapper circle-no\"><i class=\"fusion-li-icon fa fa-check-square-o\" aria-hidden=\"true\"><\/i><\/span><div class=\"fusion-li-item-content\">F\u00e1cil t\u00e9cnica de sacar pruebas<\/div><\/li>\n<li class=\"fusion-li-item\" style=\"\"><span class=\"icon-wrapper circle-no\"><i class=\"fusion-li-icon fa fa-check-square-o\" aria-hidden=\"true\"><\/i><\/span><div class=\"fusion-li-item-content\">Dise\u00f1o compacto y m\u00f3vil, mec\u00e1nicamente resistente<\/div><\/li>\n<\/ul>\n<div class=\"fusion-sep-clear\"><\/div><div class=\"fusion-separator fusion-full-width-sep\" style=\"margin-left: auto;margin-right: auto;margin-top:15px;width:100%;\"><\/div><div class=\"fusion-sep-clear\"><\/div>\n<p><video controls=\"controls\" width=\"600\" height=\"450\"><source src=\"https:\/\/www.dgtmuenchen.de\/videos\/sensomusik.mp4\" type=\"video\/mp4\" \/>Your browser does not support the video tag.<\/video><\/p>\n<div class=\"fusion-sep-clear\"><\/div><div class=\"fusion-separator fusion-full-width-sep\" style=\"margin-left: auto;margin-right: auto;margin-top:15px;width:100%;\"><\/div><div class=\"fusion-sep-clear\"><\/div>\n<p><a href=\"https:\/\/www.dgtmuenchen.de\/es\/productos\/sensoline\/\" target=\"_blank\" rel=\"noopener noreferrer\">SENSOLINE Handy<\/a><\/div><\/div><\/div><div class=\"fusion-image-element in-legacy-container\" style=\"--awb-caption-title-font-family:var(--h2_typography-font-family);--awb-caption-title-font-weight:var(--h2_typography-font-weight);--awb-caption-title-font-style:var(--h2_typography-font-style);--awb-caption-title-size:var(--h2_typography-font-size);--awb-caption-title-transform:var(--h2_typography-text-transform);--awb-caption-title-line-height:var(--h2_typography-line-height);--awb-caption-title-letter-spacing:var(--h2_typography-letter-spacing);\"><span class=\" fusion-imageframe imageframe-none imageframe-1 hover-type-none\"><img decoding=\"async\" width=\"190\" height=\"60\" title=\"Banner_made_in_Germany\" src=\"https:\/\/www.dgtmuenchen.de\/wp-content\/uploads\/2017\/01\/Banner_made_in_Germany.jpg\" alt class=\"img-responsive wp-image-2110\"\/><\/span><\/div><div class=\"fusion-clearfix\"><\/div><\/div><\/div><div class=\"fusion-layout-column fusion_builder_column fusion-builder-column-2 fusion_builder_column_1_1 1_1 fusion-one-full fusion-column-first fusion-column-last\" style=\"--awb-bg-size:cover;\"><div class=\"fusion-column-wrapper fusion-flex-column-wrapper-legacy\"><div class=\"fusion-text fusion-text-3\"><p><img decoding=\"async\" class=\"aligncenter size-full wp-image-2804\" src=\"https:\/\/www.dgtmuenchen.de\/wp-content\/uploads\/2024\/01\/Folie1GB-1.jpg\" alt=\"\" width=\"960\" height=\"720\" srcset=\"https:\/\/www.dgtmuenchen.de\/wp-content\/uploads\/2024\/01\/Folie1GB-1-200x150.jpg 200w, https:\/\/www.dgtmuenchen.de\/wp-content\/uploads\/2024\/01\/Folie1GB-1-300x225.jpg 300w, https:\/\/www.dgtmuenchen.de\/wp-content\/uploads\/2024\/01\/Folie1GB-1-400x300.jpg 400w, https:\/\/www.dgtmuenchen.de\/wp-content\/uploads\/2024\/01\/Folie1GB-1-600x450.jpg 600w, https:\/\/www.dgtmuenchen.de\/wp-content\/uploads\/2024\/01\/Folie1GB-1-768x576.jpg 768w, https:\/\/www.dgtmuenchen.de\/wp-content\/uploads\/2024\/01\/Folie1GB-1-800x600.jpg 800w, https:\/\/www.dgtmuenchen.de\/wp-content\/uploads\/2024\/01\/Folie1GB-1.jpg 960w\" sizes=\"(max-width: 960px) 100vw, 960px\" \/><\/p>\n<p><img decoding=\"async\" class=\"aligncenter size-full wp-image-2804\" src=\"https:\/\/www.dgtmuenchen.de\/wp-content\/uploads\/2024\/01\/Folie2GB-1.jpg\" alt=\"\" width=\"960\" height=\"720\" \/><\/p>\n<p><img decoding=\"async\" class=\"aligncenter size-full wp-image-2804\" src=\"https:\/\/www.dgtmuenchen.de\/wp-content\/uploads\/2024\/01\/Folie3GB-1.jpg\" alt=\"\" width=\"960\" height=\"720\" \/><\/p>\n<p><img decoding=\"async\" class=\"aligncenter size-full wp-image-2804\" src=\"https:\/\/www.dgtmuenchen.de\/wp-content\/uploads\/2024\/01\/Folie4GB-1.jpg\" alt=\"\" width=\"960\" height=\"720\" \/><\/p>\n<\/div><div class=\"fusion-clearfix\"><\/div><\/div><\/div><\/div><\/div>\n","protected":false},"excerpt":{"rendered":"","protected":false},"author":1,"featured_media":0,"parent":0,"menu_order":0,"comment_status":"closed","ping_status":"closed","template":"","meta":{"footnotes":""},"class_list":["post-997","page","type-page","status-publish","hentry"],"_links":{"self":[{"href":"https:\/\/www.dgtmuenchen.de\/es\/wp-json\/wp\/v2\/pages\/997","targetHints":{"allow":["GET"]}}],"collection":[{"href":"https:\/\/www.dgtmuenchen.de\/es\/wp-json\/wp\/v2\/pages"}],"about":[{"href":"https:\/\/www.dgtmuenchen.de\/es\/wp-json\/wp\/v2\/types\/page"}],"author":[{"embeddable":true,"href":"https:\/\/www.dgtmuenchen.de\/es\/wp-json\/wp\/v2\/users\/1"}],"replies":[{"embeddable":true,"href":"https:\/\/www.dgtmuenchen.de\/es\/wp-json\/wp\/v2\/comments?post=997"}],"version-history":[{"count":23,"href":"https:\/\/www.dgtmuenchen.de\/es\/wp-json\/wp\/v2\/pages\/997\/revisions"}],"predecessor-version":[{"id":2918,"href":"https:\/\/www.dgtmuenchen.de\/es\/wp-json\/wp\/v2\/pages\/997\/revisions\/2918"}],"wp:attachment":[{"href":"https:\/\/www.dgtmuenchen.de\/es\/wp-json\/wp\/v2\/media?parent=997"}],"curies":[{"name":"wp","href":"https:\/\/api.w.org\/{rel}","templated":true}]}}