{"id":1606,"date":"2022-07-26T13:32:43","date_gmt":"2022-07-26T11:32:43","guid":{"rendered":"https:\/\/www.dgtmuenchen.de\/?page_id=1606\/"},"modified":"2022-07-26T13:40:49","modified_gmt":"2022-07-26T11:40:49","slug":"produits","status":"publish","type":"page","link":"https:\/\/www.dgtmuenchen.de\/fr\/produits\/","title":{"rendered":"Produits"},"content":{"rendered":"<div class=\"fusion-fullwidth fullwidth-box fusion-builder-row-1 nonhundred-percent-fullwidth non-hundred-percent-height-scrolling\" style=\"--awb-border-radius-top-left:0px;--awb-border-radius-top-right:0px;--awb-border-radius-bottom-right:0px;--awb-border-radius-bottom-left:0px;--awb-padding-top:20px;--awb-padding-bottom:20px;--awb-flex-wrap:wrap;\" ><div class=\"fusion-builder-row fusion-row\"><div class=\"fusion-layout-column fusion_builder_column fusion-builder-column-0 fusion_builder_column_1_1 1_1 fusion-one-full fusion-column-first fusion-column-last\" style=\"--awb-bg-size:cover;--awb-margin-bottom:50px;\"><div class=\"fusion-column-wrapper fusion-flex-column-wrapper-legacy\"><div class=\"fusion-text fusion-text-1\"><h1 style=\"text-align: center; margin-top: 0px;\"><strong><img decoding=\"async\" width=\"150\" height=\"150\" class=\"alignleft wp-image-871 size-thumbnail\" src=\"https:\/\/www.dgtmuenchen.de\/wp-content\/uploads\/2017\/03\/Lorbeerkranz-150x150.jpg\" alt=\"\" srcset=\"https:\/\/www.dgtmuenchen.de\/wp-content\/uploads\/2017\/03\/Lorbeerkranz-66x66.jpg 66w, https:\/\/www.dgtmuenchen.de\/wp-content\/uploads\/2017\/03\/Lorbeerkranz-150x150.jpg 150w\" sizes=\"(max-width: 150px) 100vw, 150px\" \/><img decoding=\"async\" class=\"size-full wp-image-1393 alignright\" src=\"https:\/\/www.dgtmuenchen.de\/wp-content\/uploads\/2017\/01\/spektrum.jpg\" alt=\"\" width=\"230\" srcset=\"https:\/\/www.dgtmuenchen.de\/wp-content\/uploads\/2017\/01\/spektrum-200x123.jpg 200w, https:\/\/www.dgtmuenchen.de\/wp-content\/uploads\/2017\/01\/spektrum-300x184.jpg 300w, https:\/\/www.dgtmuenchen.de\/wp-content\/uploads\/2017\/01\/spektrum.jpg 400w\" sizes=\"(max-width: 400px) 100vw, 400px\" \/>Remplissage \u00e0 gaz des vitrages isolants<\/strong><\/h1>\n<p style=\"text-align: center;\"><strong>&#8230; vous offre un spectre complet des appareils de remplissage \u00e0 gaz<\/strong><\/p>\n<p>&nbsp;<\/p>\n<p>Leader mondial dans le domaine des stations de remplissage de gaz pour vitrages isolants, DGT Anlagen und Systeme GmbH vous offre une gamme compl\u00e8te d\u2019appareils de remplissage \u00e0 gaz, qui \u00e0 fait ses preuves sur plus de 1900 installations dans le monde entier.<\/p>\n<p>Les stations de remplissage \u00e0 gaz \u00e0 grande vitesse ont un r\u00e9glage de type sensoriel. Option possible de reconnaissance automatique de la dimension des vitres, ainsi qu\u2019un m\u00e9langeur de gaz int\u00e9gr\u00e9.<\/p>\n<p>Le programme DGT est compl\u00e9t\u00e9 par <a href=\"https:\/\/www.dgtmuenchen.de\/fr\/produits\/sensoline\/\">les appareils de contr\u00f4le SENSOLINE<\/a>, tr\u00e8s pr\u00e9cise, pour votre contr\u00f4le de degr\u00e9 de remplissage \u00e0 gaz (EN 1279). Sur demande, il est possible effectuer des essais d\u00b4installation chez le client.<\/p>\n<\/div><div class=\"fusion-clearfix\"><\/div><\/div><\/div><div class=\"fusion-layout-column fusion_builder_column fusion-builder-column-1 fusion_builder_column_3_5 3_5 fusion-three-fifth fusion-column-first fusion-no-small-visibility\" style=\"--awb-bg-size:cover;width:60%;width:calc(60% - ( ( 4% ) * 0.6 ) );margin-right: 4%;\"><div class=\"fusion-column-wrapper fusion-flex-column-wrapper-legacy\">\n<p style=\"text-align: center;\">Temps de remplissage (secondes)<\/p>\n<div class=\"table-1\">\n<table width=\"100%\">\n<thead>\n<tr>\n<th align=\"left\">Dimension des vitrages isolants<\/th>\n<th style=\"text-align: center;\" align=\"left\">PIKO-STAR<\/th>\n<th style=\"text-align: center;\" align=\"left\">SMART-STAR<\/th>\n<th style=\"text-align: center;\" align=\"left\">SPEED-STAR<\/th>\n<\/tr>\n<\/thead>\n<tbody>\n<tr>\n<td align=\"left\">1100x800x12<\/td>\n<td style=\"text-align: center;\" align=\"left\">91,00<\/td>\n<td style=\"text-align: center;\" align=\"left\">30,00<\/td>\n<td style=\"text-align: center;\" align=\"left\">29,00<\/td>\n<\/tr>\n<tr>\n<td align=\"left\">1000x1000x16<\/td>\n<td style=\"text-align: center;\" align=\"left\">150,00<\/td>\n<td style=\"text-align: center;\" align=\"left\">49,00<\/td>\n<td style=\"text-align: center;\" align=\"left\">30,00<\/td>\n<\/tr>\n<tr>\n<td align=\"left\">1200x2500x12<\/td>\n<td style=\"text-align: center;\" align=\"left\">380,00<\/td>\n<td style=\"text-align: center;\" align=\"left\">80,00<\/td>\n<td style=\"text-align: center;\" align=\"left\">40,00<\/td>\n<\/tr>\n<tr>\n<td align=\"left\">1630x2500x12<\/td>\n<td style=\"text-align: center;\" align=\"left\">500,00<\/td>\n<td style=\"text-align: center;\" align=\"left\">105,00<\/td>\n<td style=\"text-align: center;\" align=\"left\">45,00<\/td>\n<\/tr>\n<tr>\n<td align=\"left\">1630x2500x16<\/td>\n<td style=\"text-align: center;\" align=\"left\">700,00<\/td>\n<td style=\"text-align: center;\" align=\"left\">140,00<\/td>\n<td style=\"text-align: center;\" align=\"left\">58,00<\/td>\n<\/tr>\n<\/tbody>\n<\/table>\n<\/div>\n<div class=\"fusion-clearfix\"><\/div><\/div><\/div><div class=\"fusion-layout-column fusion_builder_column fusion-builder-column-2 fusion_builder_column_2_5 2_5 fusion-two-fifth fusion-column-last\" style=\"--awb-bg-size:cover;width:40%;width:calc(40% - ( ( 4% ) * 0.4 ) );\"><div class=\"fusion-column-wrapper fusion-flex-column-wrapper-legacy\"><div class=\"fusion-text fusion-text-2\">\n\t\t<style type=\"text\/css\">\n\t\t\t#gallery-1 {\n\t\t\t\tmargin: auto;\n\t\t\t}\n\t\t\t#gallery-1 .gallery-item {\n\t\t\t\tfloat: left;\n\t\t\t\tmargin-top: 10px;\n\t\t\t\ttext-align: center;\n\t\t\t\twidth: 50%;\n\t\t\t}\n\t\t\t#gallery-1 img {\n\t\t\t\tborder: 2px solid #cfcfcf;\n\t\t\t}\n\t\t\t#gallery-1 .gallery-caption {\n\t\t\t\tmargin-left: 0;\n\t\t\t}\n\t\t\t\/* see gallery_shortcode() in wp-includes\/media.php *\/\n\t\t<\/style>\n\t\t<div id='gallery-1' class='gallery galleryid-1606 gallery-columns-2 gallery-size-thumbnail'><dl class='gallery-item'>\n\t\t\t<dt class='gallery-icon landscape'>\n\t\t\t\t<a data-rel=\"iLightbox[postimages]\" data-title=\"produkte1\" data-caption=\"\" href='https:\/\/www.dgtmuenchen.de\/wp-content\/uploads\/2017\/01\/produkte1.jpg'><img decoding=\"async\" width=\"150\" height=\"150\" src=\"https:\/\/www.dgtmuenchen.de\/wp-content\/uploads\/2017\/01\/produkte1-150x150.jpg\" class=\"attachment-thumbnail size-thumbnail\" alt=\"\" srcset=\"https:\/\/www.dgtmuenchen.de\/wp-content\/uploads\/2017\/01\/produkte1-66x66.jpg 66w, https:\/\/www.dgtmuenchen.de\/wp-content\/uploads\/2017\/01\/produkte1-150x150.jpg 150w\" sizes=\"(max-width: 150px) 100vw, 150px\" \/><\/a>\n\t\t\t<\/dt><\/dl><dl class='gallery-item'>\n\t\t\t<dt class='gallery-icon landscape'>\n\t\t\t\t<a data-rel=\"iLightbox[postimages]\" data-title=\"produkte2\" data-caption=\"\" href='https:\/\/www.dgtmuenchen.de\/wp-content\/uploads\/2017\/01\/produkte2.jpg'><img decoding=\"async\" width=\"150\" height=\"150\" src=\"https:\/\/www.dgtmuenchen.de\/wp-content\/uploads\/2017\/01\/produkte2-150x150.jpg\" class=\"attachment-thumbnail size-thumbnail\" alt=\"\" srcset=\"https:\/\/www.dgtmuenchen.de\/wp-content\/uploads\/2017\/01\/produkte2-66x66.jpg 66w, https:\/\/www.dgtmuenchen.de\/wp-content\/uploads\/2017\/01\/produkte2-150x150.jpg 150w\" sizes=\"(max-width: 150px) 100vw, 150px\" \/><\/a>\n\t\t\t<\/dt><\/dl><br style=\"clear: both\" \/><dl class='gallery-item'>\n\t\t\t<dt class='gallery-icon landscape'>\n\t\t\t\t<a data-rel=\"iLightbox[postimages]\" data-title=\"produkte4\" data-caption=\"\" href='https:\/\/www.dgtmuenchen.de\/wp-content\/uploads\/2017\/01\/produkte4.png'><img decoding=\"async\" width=\"150\" height=\"150\" src=\"https:\/\/www.dgtmuenchen.de\/wp-content\/uploads\/2017\/01\/produkte4-150x150.png\" class=\"attachment-thumbnail size-thumbnail\" alt=\"\" srcset=\"https:\/\/www.dgtmuenchen.de\/wp-content\/uploads\/2017\/01\/produkte4-66x66.png 66w, https:\/\/www.dgtmuenchen.de\/wp-content\/uploads\/2017\/01\/produkte4-150x150.png 150w\" sizes=\"(max-width: 150px) 100vw, 150px\" \/><\/a>\n\t\t\t<\/dt><\/dl><dl class='gallery-item'>\n\t\t\t<dt class='gallery-icon portrait'>\n\t\t\t\t<a data-rel=\"iLightbox[postimages]\" data-title=\"produkte5\" data-caption=\"\" href='https:\/\/www.dgtmuenchen.de\/wp-content\/uploads\/2017\/01\/produkte5.jpg'><img decoding=\"async\" width=\"150\" height=\"150\" src=\"https:\/\/www.dgtmuenchen.de\/wp-content\/uploads\/2017\/01\/produkte5-150x150.jpg\" class=\"attachment-thumbnail size-thumbnail\" alt=\"\" srcset=\"https:\/\/www.dgtmuenchen.de\/wp-content\/uploads\/2017\/01\/produkte5-66x66.jpg 66w, https:\/\/www.dgtmuenchen.de\/wp-content\/uploads\/2017\/01\/produkte5-150x150.jpg 150w\" sizes=\"(max-width: 150px) 100vw, 150px\" \/><\/a>\n\t\t\t<\/dt><\/dl><br style=\"clear: both\" \/>\n\t\t<\/div>\n\n<\/div><div class=\"fusion-clearfix\"><\/div><\/div><\/div><div class=\"fusion-layout-column fusion_builder_column fusion-builder-column-3 fusion_builder_column_3_5 3_5 fusion-three-fifth fusion-column-first fusion-no-medium-visibility fusion-no-large-visibility\" style=\"--awb-bg-size:cover;width:58.4%; margin-right: 4%;\"><div class=\"fusion-column-wrapper fusion-flex-column-wrapper-legacy\">\n<p style=\"text-align: center;\">Temps de remplissage (secondes)<\/p>\n<div class=\"table-1\">\n<table width=\"100%\">\n<thead>\n<tr>\n<th style=\"font-size: 16px; text-align: center;\" align=\"left\"><strong style=\"color: w;\">Dimension des vitrages isolants<br \/>\n&#8211; PIKO-STAR<br \/>\n<\/strong><\/th>\n<\/tr>\n<\/thead>\n<tbody>\n<tr>\n<td style=\"text-align: center;\" align=\"left\"><strong>1100x800x12<\/strong><br \/>\n91,00<\/td>\n<\/tr>\n<tr>\n<td style=\"text-align: center;\" align=\"left\"><strong>1000x1000x16<\/strong><br \/>\n150,00<\/td>\n<\/tr>\n<tr>\n<td style=\"text-align: center;\" align=\"left\"><strong>1200x2500x12<\/strong><br \/>\n380,00<\/td>\n<\/tr>\n<tr>\n<td style=\"text-align: center;\" align=\"left\"><strong>1630x2500x12<\/strong><br \/>\n500,00<\/td>\n<\/tr>\n<tr>\n<td style=\"text-align: center;\" align=\"left\"><strong>1630x2500x16<\/strong><br \/>\n700,00<\/td>\n<\/tr>\n<\/tbody>\n<\/table>\n<\/div>\n\n<div class=\"table-1\">\n<table width=\"100%\">\n<thead>\n<tr>\n<th style=\"font-size: 16px; text-align: center;\" align=\"left\"><strong style=\"color: w;\">Dimension des vitrages isolants<br \/>\n&#8211; SMART-STAR<br \/>\n<\/strong><\/th>\n<\/tr>\n<\/thead>\n<tbody>\n<tr>\n<td style=\"text-align: center;\" align=\"left\"><strong>1100x800x12<\/strong><br \/>\n30,00<\/td>\n<\/tr>\n<tr>\n<td style=\"text-align: center;\" align=\"left\"><strong>1000x1000x16<\/strong><br \/>\n49,00<\/td>\n<\/tr>\n<tr>\n<td style=\"text-align: center;\" align=\"left\"><strong>1200x2500x12<\/strong><br \/>\n80,00<\/td>\n<\/tr>\n<tr>\n<td style=\"text-align: center;\" align=\"left\"><strong>1630x2500x12<\/strong><br \/>\n105,00<\/td>\n<\/tr>\n<tr>\n<td style=\"text-align: center;\" align=\"left\"><strong>1630x2500x16<\/strong><br \/>\n140,00<\/td>\n<\/tr>\n<\/tbody>\n<\/table>\n<\/div>\n\n<div class=\"table-1\">\n<table width=\"100%\">\n<thead>\n<tr>\n<th style=\"font-size: 16px; text-align: center;\" align=\"left\"><strong style=\"color: w;\">Dimension des vitrages isolants<br \/>\n&#8211; SPEED-STAR<br \/>\n<\/strong><\/th>\n<\/tr>\n<\/thead>\n<tbody>\n<tr>\n<td style=\"text-align: center;\" align=\"left\"><strong>1100x800x12<\/strong><br \/>\n29,00<\/td>\n<\/tr>\n<tr>\n<td style=\"text-align: center;\" align=\"left\"><strong>1000x1000x16<\/strong><br \/>\n30,00<\/td>\n<\/tr>\n<tr>\n<td style=\"text-align: center;\" align=\"left\"><strong>1200x2500x12<\/strong><br \/>\n40,00<\/td>\n<\/tr>\n<tr>\n<td style=\"text-align: center;\" align=\"left\"><strong>1630x2500x12<\/strong><br \/>\n45,00<\/td>\n<\/tr>\n<tr>\n<td style=\"text-align: center;\" align=\"left\"><strong>1630x2500x16<\/strong><br \/>\n58,00<\/td>\n<\/tr>\n<\/tbody>\n<\/table>\n<\/div>\n<div class=\"fusion-clearfix\"><\/div><\/div><\/div><div class=\"fusion-layout-column fusion_builder_column fusion-builder-column-4 fusion_builder_column_1_1 1_1 fusion-one-full fusion-column-last\" style=\"--awb-bg-size:cover;\"><div class=\"fusion-column-wrapper fusion-flex-column-wrapper-legacy\"><div class=\"fusion-text fusion-text-3\"><p><img decoding=\"async\" class=\"size-thumbnail wp-image-881 alignleft\" src=\"https:\/\/www.dgtmuenchen.de\/wp-content\/uploads\/2017\/01\/Banner_made_in_Germany-150x60.jpg\" alt=\"\" width=\"150\" height=\"60\" \/><\/p>\n<\/div><div class=\"fusion-clearfix\"><\/div><\/div><\/div><div class=\"fusion-layout-column fusion_builder_column fusion-builder-column-5 fusion_builder_column_1_1 1_1 fusion-one-full fusion-column-first fusion-column-last\" style=\"--awb-bg-size:cover;\"><div class=\"fusion-column-wrapper fusion-flex-column-wrapper-legacy\"><div class=\"fusion-text fusion-text-4\"><p><video controls=\"controls\" width=\"600\" height=\"450\"><source src=\"https:\/\/www.dgtmuenchen.de\/videos\/SPEEDLINE.mp4\" type=\"video\/mp4\" \/>Your browser does not support the video tag.<\/video><\/p>\n<\/div><div class=\"fusion-clearfix\"><\/div><\/div><\/div><div class=\"fusion-layout-column fusion_builder_column fusion-builder-column-6 fusion_builder_column_1_1 1_1 fusion-one-full fusion-column-first fusion-column-last\" style=\"--awb-bg-size:cover;\"><div class=\"fusion-column-wrapper fusion-flex-column-wrapper-legacy\"><div class=\"fusion-text fusion-text-5\"><p><img decoding=\"async\" class=\"alignnone size-large wp-image-1635\" src=\"https:\/\/www.dgtmuenchen.de\/wp-content\/uploads\/2017\/01\/dgtsurvey0F-1024x723.jpg\" alt=\"\" width=\"1024\" height=\"723\" srcset=\"https:\/\/www.dgtmuenchen.de\/wp-content\/uploads\/2017\/01\/dgtsurvey0F-200x141.jpg 200w, https:\/\/www.dgtmuenchen.de\/wp-content\/uploads\/2017\/01\/dgtsurvey0F-300x212.jpg 300w, https:\/\/www.dgtmuenchen.de\/wp-content\/uploads\/2017\/01\/dgtsurvey0F-400x282.jpg 400w, https:\/\/www.dgtmuenchen.de\/wp-content\/uploads\/2017\/01\/dgtsurvey0F-600x424.jpg 600w, https:\/\/www.dgtmuenchen.de\/wp-content\/uploads\/2017\/01\/dgtsurvey0F-768x542.jpg 768w, https:\/\/www.dgtmuenchen.de\/wp-content\/uploads\/2017\/01\/dgtsurvey0F-800x565.jpg 800w, https:\/\/www.dgtmuenchen.de\/wp-content\/uploads\/2017\/01\/dgtsurvey0F-1024x723.jpg 1024w, https:\/\/www.dgtmuenchen.de\/wp-content\/uploads\/2017\/01\/dgtsurvey0F-1200x847.jpg 1200w\" sizes=\"(max-width: 1024px) 100vw, 1024px\" \/> <img decoding=\"async\" class=\"alignnone size-large wp-image-1634\" src=\"https:\/\/www.dgtmuenchen.de\/wp-content\/uploads\/2017\/01\/dgtsurvey2F-1024x727.jpg\" alt=\"\" width=\"1024\" height=\"727\" srcset=\"https:\/\/www.dgtmuenchen.de\/wp-content\/uploads\/2017\/01\/dgtsurvey2F-200x142.jpg 200w, https:\/\/www.dgtmuenchen.de\/wp-content\/uploads\/2017\/01\/dgtsurvey2F-300x214.jpg 300w, https:\/\/www.dgtmuenchen.de\/wp-content\/uploads\/2017\/01\/dgtsurvey2F-400x284.jpg 400w, https:\/\/www.dgtmuenchen.de\/wp-content\/uploads\/2017\/01\/dgtsurvey2F-600x426.jpg 600w, https:\/\/www.dgtmuenchen.de\/wp-content\/uploads\/2017\/01\/dgtsurvey2F-768x545.jpg 768w, https:\/\/www.dgtmuenchen.de\/wp-content\/uploads\/2017\/01\/dgtsurvey2F-800x568.jpg 800w, https:\/\/www.dgtmuenchen.de\/wp-content\/uploads\/2017\/01\/dgtsurvey2F-1024x727.jpg 1024w, https:\/\/www.dgtmuenchen.de\/wp-content\/uploads\/2017\/01\/dgtsurvey2F-1200x851.jpg 1200w\" sizes=\"(max-width: 1024px) 100vw, 1024px\" \/> <img decoding=\"async\" class=\"alignnone size-large wp-image-1633\" src=\"https:\/\/www.dgtmuenchen.de\/wp-content\/uploads\/2017\/01\/dgtsurvey3F-1024x724.jpg\" alt=\"\" width=\"1024\" height=\"724\" srcset=\"https:\/\/www.dgtmuenchen.de\/wp-content\/uploads\/2017\/01\/dgtsurvey3F-200x141.jpg 200w, https:\/\/www.dgtmuenchen.de\/wp-content\/uploads\/2017\/01\/dgtsurvey3F-300x212.jpg 300w, https:\/\/www.dgtmuenchen.de\/wp-content\/uploads\/2017\/01\/dgtsurvey3F-400x283.jpg 400w, https:\/\/www.dgtmuenchen.de\/wp-content\/uploads\/2017\/01\/dgtsurvey3F-600x424.jpg 600w, https:\/\/www.dgtmuenchen.de\/wp-content\/uploads\/2017\/01\/dgtsurvey3F-768x543.jpg 768w, https:\/\/www.dgtmuenchen.de\/wp-content\/uploads\/2017\/01\/dgtsurvey3F-800x566.jpg 800w, https:\/\/www.dgtmuenchen.de\/wp-content\/uploads\/2017\/01\/dgtsurvey3F-1024x724.jpg 1024w, https:\/\/www.dgtmuenchen.de\/wp-content\/uploads\/2017\/01\/dgtsurvey3F-1200x848.jpg 1200w\" sizes=\"(max-width: 1024px) 100vw, 1024px\" \/> <img decoding=\"async\" class=\"alignnone size-large wp-image-1632\" src=\"https:\/\/www.dgtmuenchen.de\/wp-content\/uploads\/2017\/01\/dgtsurvey4F-1024x725.jpg\" alt=\"\" width=\"1024\" height=\"725\" srcset=\"https:\/\/www.dgtmuenchen.de\/wp-content\/uploads\/2017\/01\/dgtsurvey4F-200x142.jpg 200w, https:\/\/www.dgtmuenchen.de\/wp-content\/uploads\/2017\/01\/dgtsurvey4F-300x212.jpg 300w, https:\/\/www.dgtmuenchen.de\/wp-content\/uploads\/2017\/01\/dgtsurvey4F-400x283.jpg 400w, https:\/\/www.dgtmuenchen.de\/wp-content\/uploads\/2017\/01\/dgtsurvey4F-600x425.jpg 600w, https:\/\/www.dgtmuenchen.de\/wp-content\/uploads\/2017\/01\/dgtsurvey4F-768x544.jpg 768w, https:\/\/www.dgtmuenchen.de\/wp-content\/uploads\/2017\/01\/dgtsurvey4F-800x566.jpg 800w, https:\/\/www.dgtmuenchen.de\/wp-content\/uploads\/2017\/01\/dgtsurvey4F-1024x725.jpg 1024w, https:\/\/www.dgtmuenchen.de\/wp-content\/uploads\/2017\/01\/dgtsurvey4F-1200x849.jpg 1200w\" sizes=\"(max-width: 1024px) 100vw, 1024px\" \/><\/p>\n<\/div><div class=\"fusion-clearfix\"><\/div><\/div><\/div><\/div><\/div>\n","protected":false},"excerpt":{"rendered":"","protected":false},"author":1,"featured_media":0,"parent":0,"menu_order":0,"comment_status":"closed","ping_status":"closed","template":"","meta":{"footnotes":""},"class_list":["post-1606","page","type-page","status-publish","hentry"],"_links":{"self":[{"href":"https:\/\/www.dgtmuenchen.de\/fr\/wp-json\/wp\/v2\/pages\/1606","targetHints":{"allow":["GET"]}}],"collection":[{"href":"https:\/\/www.dgtmuenchen.de\/fr\/wp-json\/wp\/v2\/pages"}],"about":[{"href":"https:\/\/www.dgtmuenchen.de\/fr\/wp-json\/wp\/v2\/types\/page"}],"author":[{"embeddable":true,"href":"https:\/\/www.dgtmuenchen.de\/fr\/wp-json\/wp\/v2\/users\/1"}],"replies":[{"embeddable":true,"href":"https:\/\/www.dgtmuenchen.de\/fr\/wp-json\/wp\/v2\/comments?post=1606"}],"version-history":[{"count":2,"href":"https:\/\/www.dgtmuenchen.de\/fr\/wp-json\/wp\/v2\/pages\/1606\/revisions"}],"predecessor-version":[{"id":1638,"href":"https:\/\/www.dgtmuenchen.de\/fr\/wp-json\/wp\/v2\/pages\/1606\/revisions\/1638"}],"wp:attachment":[{"href":"https:\/\/www.dgtmuenchen.de\/fr\/wp-json\/wp\/v2\/media?parent=1606"}],"curies":[{"name":"wp","href":"https:\/\/api.w.org\/{rel}","templated":true}]}}