{"id":3290,"date":"2025-11-20T13:27:17","date_gmt":"2025-11-20T12:27:17","guid":{"rendered":"https:\/\/www.dgtmuenchen.de\/?page_id=3290"},"modified":"2025-11-20T13:33:33","modified_gmt":"2025-11-20T12:33:33","slug":"ordres-2-2","status":"publish","type":"page","link":"https:\/\/www.dgtmuenchen.de\/fr\/ordres-2-2\/","title":{"rendered":"Ordres"},"content":{"rendered":"<div class=\"fusion-fullwidth fullwidth-box fusion-builder-row-1 fusion-flex-container has-pattern-background has-mask-background nonhundred-percent-fullwidth non-hundred-percent-height-scrolling\" style=\"--awb-border-radius-top-left:0px;--awb-border-radius-top-right:0px;--awb-border-radius-bottom-right:0px;--awb-border-radius-bottom-left:0px;--awb-flex-wrap:wrap;\" ><div class=\"fusion-builder-row fusion-row fusion-flex-align-items-flex-start fusion-flex-content-wrap\" style=\"max-width:calc( 1100px + 0px );margin-left: calc(-0px \/ 2 );margin-right: calc(-0px \/ 2 );\"><div class=\"fusion-layout-column fusion_builder_column fusion-builder-column-0 fusion_builder_column_1_2 1_2 fusion-flex-column\" style=\"--awb-bg-size:cover;--awb-width-large:50%;--awb-margin-top-large:0px;--awb-spacing-right-large:calc( 0.08 * calc( 100% - 0px ) );--awb-margin-bottom-large:0px;--awb-spacing-left-large:calc( 0.08 * calc( 100% - 0px ) );--awb-width-medium:100%;--awb-order-medium:0;--awb-spacing-right-medium:0px;--awb-spacing-left-medium:0px;--awb-width-small:100%;--awb-order-small:0;--awb-spacing-right-small:0px;--awb-spacing-left-small:0px;\" data-scroll-devices=\"small-visibility,medium-visibility,large-visibility\"><div class=\"fusion-column-wrapper fusion-column-has-shadow fusion-flex-justify-content-flex-start fusion-content-layout-column\"><div class=\"fusion-text fusion-text-1\"><p><img decoding=\"async\" class=\"alignleft size-large wp-image-3296\" src=\"https:\/\/www.dgtmuenchen.de\/wp-content\/uploads\/2025\/11\/hintergrund-1024x768.jpg\" alt=\"\" width=\"100%\" height=\"auto\" srcset=\"https:\/\/www.dgtmuenchen.de\/wp-content\/uploads\/2025\/11\/hintergrund-200x150.jpg 200w, https:\/\/www.dgtmuenchen.de\/wp-content\/uploads\/2025\/11\/hintergrund-300x225.jpg 300w, https:\/\/www.dgtmuenchen.de\/wp-content\/uploads\/2025\/11\/hintergrund-400x300.jpg 400w, https:\/\/www.dgtmuenchen.de\/wp-content\/uploads\/2025\/11\/hintergrund-600x450.jpg 600w, https:\/\/www.dgtmuenchen.de\/wp-content\/uploads\/2025\/11\/hintergrund-768x576.jpg 768w, https:\/\/www.dgtmuenchen.de\/wp-content\/uploads\/2025\/11\/hintergrund-800x600.jpg 800w, https:\/\/www.dgtmuenchen.de\/wp-content\/uploads\/2025\/11\/hintergrund-1024x768.jpg 1024w, https:\/\/www.dgtmuenchen.de\/wp-content\/uploads\/2025\/11\/hintergrund.jpg 1080w\" sizes=\"(max-width: 1024px) 100vw, 1024px\" \/><\/p>\n<\/div><\/div><\/div><div class=\"fusion-layout-column fusion_builder_column fusion-builder-column-1 fusion_builder_column_1_2 1_2 fusion-flex-column\" style=\"--awb-bg-size:cover;--awb-width-large:50%;--awb-margin-top-large:0px;--awb-spacing-right-large:0px;--awb-margin-bottom-large:0px;--awb-spacing-left-large:0px;--awb-width-medium:100%;--awb-spacing-right-medium:0px;--awb-spacing-left-medium:0px;--awb-width-small:100%;--awb-spacing-right-small:0px;--awb-spacing-left-small:0px;\"><div class=\"fusion-column-wrapper fusion-flex-justify-content-flex-start fusion-content-layout-column\"><div class=\"fusion-text fusion-text-2\"><p>En raison des diff\u00e9rences de r\u00e9glementation en mati\u00e8re de protection des donn\u00e9es \u00e0 travers le monde, de la cybercriminalit\u00e9 et de notre volont\u00e9 de vous offrir les meilleurs conseils personnalis\u00e9s et professionnels possibles, nous n\u2019acceptons pas les commandes via website. Nous vous prions donc de nous envoyer vos commandes par courriel \u00e0 <a href=\"mailto:DGTHeinzDrobe@aol.com\">DGTHeinzDrobe@aol.com<\/a>.<\/p>\n<p>Lorsque vous nous contactez par courriel ou passez commande, veuillez toujours indiquer vos coordonn\u00e9es compl\u00e8tes afin que nous puissions assurer un suivi (nom et num\u00e9ro de t\u00e9l\u00e9phone de la personne \u00e0 contacter, adresses de livraison et de facturation, adresse courriel et, le cas \u00e9ch\u00e9ant, votre num\u00e9ro de commande et votre num\u00e9ro de TVA intracommunautaire). Veuillez \u00e9galement pr\u00e9ciser le mod\u00e8le de votre appareil, id\u00e9alement en incluant son num\u00e9ro de s\u00e9rie, afin d&rsquo;\u00e9viter tout malentendu.<\/p>\n<p>Merci de votre compr\u00e9hension\u00a0!<\/p>\n<\/div><\/div><\/div><\/div><\/div>\n","protected":false},"excerpt":{"rendered":"","protected":false},"author":1,"featured_media":0,"parent":0,"menu_order":0,"comment_status":"closed","ping_status":"closed","template":"","meta":{"footnotes":""},"class_list":["post-3290","page","type-page","status-publish","hentry"],"_links":{"self":[{"href":"https:\/\/www.dgtmuenchen.de\/fr\/wp-json\/wp\/v2\/pages\/3290","targetHints":{"allow":["GET"]}}],"collection":[{"href":"https:\/\/www.dgtmuenchen.de\/fr\/wp-json\/wp\/v2\/pages"}],"about":[{"href":"https:\/\/www.dgtmuenchen.de\/fr\/wp-json\/wp\/v2\/types\/page"}],"author":[{"embeddable":true,"href":"https:\/\/www.dgtmuenchen.de\/fr\/wp-json\/wp\/v2\/users\/1"}],"replies":[{"embeddable":true,"href":"https:\/\/www.dgtmuenchen.de\/fr\/wp-json\/wp\/v2\/comments?post=3290"}],"version-history":[{"count":3,"href":"https:\/\/www.dgtmuenchen.de\/fr\/wp-json\/wp\/v2\/pages\/3290\/revisions"}],"predecessor-version":[{"id":3353,"href":"https:\/\/www.dgtmuenchen.de\/fr\/wp-json\/wp\/v2\/pages\/3290\/revisions\/3353"}],"wp:attachment":[{"href":"https:\/\/www.dgtmuenchen.de\/fr\/wp-json\/wp\/v2\/media?parent=3290"}],"curies":[{"name":"wp","href":"https:\/\/api.w.org\/{rel}","templated":true}]}}