{"id":351,"date":"2017-01-24T14:36:32","date_gmt":"2017-01-24T13:36:32","guid":{"rendered":"http:\/\/laurus-host.de\/20188\/home\/"},"modified":"2024-11-05T12:56:42","modified_gmt":"2024-11-05T11:56:42","slug":"home","status":"publish","type":"page","link":"https:\/\/www.dgtmuenchen.de\/fr\/","title":{"rendered":"Page d&rsquo;accueil"},"content":{"rendered":"<p><div class=\"fusion-bg-parallax\" data-bg-align=\"center center\" data-direction=\"up\" data-mute=\"false\" data-opacity=\"100\" data-velocity=\"-0.3\" data-mobile-enabled=\"false\" data-break_parents=\"0\" data-bg-image=\"https:\/\/www.dgtmuenchen.de\/wp-content\/uploads\/2017\/01\/home2.jpg\" data-bg-repeat=\"false\" ><\/div><div class=\"fusion-fullwidth fullwidth-box fusion-builder-row-1 fusion-parallax-up nonhundred-percent-fullwidth non-hundred-percent-height-scrolling\" style=\"--awb-border-radius-top-left:0px;--awb-border-radius-top-right:0px;--awb-border-radius-bottom-right:0px;--awb-border-radius-bottom-left:0px;--awb-padding-top:120px;--awb-padding-bottom:120px;--awb-margin-top:-1px;--awb-margin-bottom:40px;--awb-background-image:url(&quot;https:\/\/www.dgtmuenchen.de\/wp-content\/uploads\/2017\/01\/home2.jpg&quot;);--awb-background-size:cover;--awb-flex-wrap:wrap;\" ><div class=\"fusion-builder-row fusion-row\"><div class=\"fusion-layout-column fusion_builder_column fusion-builder-column-0 fusion_builder_column_1_4 1_4 fusion-one-fourth fusion-column-first\" style=\"--awb-bg-size:cover;width:25%;width:calc(25% - ( ( 4% + 4% ) * 0.25 ) );margin-right: 4%;\"><div class=\"fusion-column-wrapper fusion-flex-column-wrapper-legacy\"><div class=\"fusion-clearfix\"><\/div><\/div><\/div><div class=\"fusion-layout-column fusion_builder_column fusion-builder-column-1 fusion_builder_column_1_2 1_2 fusion-one-half\" style=\"--awb-padding-top:20px;--awb-padding-right:20px;--awb-padding-bottom:20px;--awb-padding-left:20px;--awb-bg-color:rgba(255,255,255,0.86);--awb-bg-color-hover:rgba(255,255,255,0.86);--awb-bg-size:cover;width:50%;width:calc(50% - ( ( 4% + 4% ) * 0.5 ) );margin-right: 4%;\"><div class=\"fusion-column-wrapper fusion-flex-column-wrapper-legacy\"><div class=\"fusion-text fusion-text-1\"><h2 style=\"text-align: center; margin-bottom: 0px;\"><span style=\"color: #1e4562;\">DGT &#8211; Anlagen und Systeme GmbH<\/span><span style=\"color: #1e4562;\"><br \/>\nSolution alternative et avantageuse \u00e0 une presse \u00e0 gaz<\/span><\/h2>\n<\/div><div class=\"fusion-clearfix\"><\/div><\/div><\/div><div class=\"fusion-layout-column fusion_builder_column fusion-builder-column-2 fusion_builder_column_1_4 1_4 fusion-one-fourth fusion-column-last\" style=\"--awb-bg-size:cover;width:25%;width:calc(25% - ( ( 4% + 4% ) * 0.25 ) );\"><div class=\"fusion-column-wrapper fusion-flex-column-wrapper-legacy\"><div class=\"fusion-clearfix\"><\/div><\/div><\/div><\/div><\/div><div class=\"fusion-fullwidth fullwidth-box fusion-builder-row-2 nonhundred-percent-fullwidth non-hundred-percent-height-scrolling fusion-equal-height-columns\" style=\"--awb-border-radius-top-left:0px;--awb-border-radius-top-right:0px;--awb-border-radius-bottom-right:0px;--awb-border-radius-bottom-left:0px;--awb-padding-top:20px;--awb-padding-bottom:20px;--awb-flex-wrap:wrap;\" ><div class=\"fusion-builder-row fusion-row\"><div class=\"fusion-layout-column fusion_builder_column fusion-builder-column-3 fusion_builder_column_1_1 1_1 fusion-one-full fusion-column-first fusion-column-last\" style=\"--awb-bg-size:cover;\"><div class=\"fusion-column-wrapper fusion-flex-column-wrapper-legacy\"><div class=\"fusion-text fusion-text-2\"><p><img decoding=\"async\" width=\"285\" height=\"80\" class=\"alignright size-full wp-image-568\" style=\"margin-bottom: 15px;\" src=\"https:\/\/www.dgtmuenchen.de\/wp-content\/uploads\/2017\/01\/logo-energy-efficiency-small.jpg\" alt=\"\" srcset=\"https:\/\/www.dgtmuenchen.de\/wp-content\/uploads\/2017\/01\/logo-energy-efficiency-small-200x56.jpg 200w, https:\/\/www.dgtmuenchen.de\/wp-content\/uploads\/2017\/01\/logo-energy-efficiency-small.jpg 285w\" sizes=\"(max-width: 285px) 100vw, 285px\" \/><span style=\"font-size: 16px;\">Leader mondial dans le domaine des stations de remplissage de gaz pour vitrages isolants, DGT Anlagen und Systeme GmbH vous offre une gamme compl\u00e8te d\u2019appareils de remplissage \u00e0 gaz, qui \u00e0 fait ses preuves sur plus de 1900 installations dans le monde entier.<\/span><\/p>\n<p><span style=\"font-size: 16px;\">Notre \u00e9quipement command\u00e9 par capteur pour le remplissage de gaz des vitrages isolants combinent:<\/span><\/p>\n<p><span style=\"font-size: 16px;\">\u2022 La plus <strong>grande convivialit\u00e9<\/strong> et simplicit\u00e9 radicale dans la pratique de l&rsquo;application.<br \/>\n\u2022 La plus <strong>haute efficacit\u00e9<\/strong> et perte de gaz minimale.<br \/>\n\u2022 Le plus <strong>rapide taux de remplissage mondial<\/strong> et des r\u00e9sultats fiables,<\/span><\/p>\n<p><span style=\"font-size: 16px;\">que ce soit dans des formes sp\u00e9ciales, des vitrages isolants incurv\u00e9s ou du verre bomb\u00e9, dans des constructions sp\u00e9ciales ou des verres standard, ceci en remplissage vertical ou horizontal, ou sur demande uniquement avec une seule ouverture pour le remplissage de gaz.<\/span><\/p>\n<\/div><div class=\"fusion-clearfix\"><\/div><\/div><\/div><\/div><\/div><div class=\"fusion-fullwidth fullwidth-box fusion-builder-row-3 nonhundred-percent-fullwidth non-hundred-percent-height-scrolling\" style=\"--awb-border-radius-top-left:0px;--awb-border-radius-top-right:0px;--awb-border-radius-bottom-right:0px;--awb-border-radius-bottom-left:0px;--awb-padding-top:20px;--awb-padding-bottom:20px;--awb-flex-wrap:wrap;\" ><div class=\"fusion-builder-row fusion-row\"><div class=\"fusion-layout-column fusion_builder_column fusion-builder-column-4 fusion_builder_column_1_3 1_3 fusion-one-third fusion-column-first fusion-column-inner-bg-wrapper\" style=\"--awb-padding-top:3%;--awb-padding-left:8%;--awb-inner-bg-color:#6f8ba1;--awb-inner-bg-color-hover:#6f8ba1;--awb-inner-bg-size:cover;width:33.333333333333%;width:calc(33.333333333333% - ( ( 4% + 4% ) * 0.33333333333333 ) );margin-right: 4%;\" data-scroll-devices=\"small-visibility,medium-visibility,large-visibility\"><span class=\"fusion-column-inner-bg hover-type-none\"><a class=\"fusion-column-anchor\" href=\"https:\/\/www.dgtmuenchen.de\/fr\/societe\/\"><span class=\"fusion-column-inner-bg-image\"><\/span><\/a><\/span><div class=\"fusion-column-wrapper fusion-column-has-shadow fusion-flex-column-wrapper-legacy\"><div class=\"fusion-image-element fusion-image-align-center in-legacy-container\" style=\"text-align:center;--awb-caption-title-font-family:var(--h2_typography-font-family);--awb-caption-title-font-weight:var(--h2_typography-font-weight);--awb-caption-title-font-style:var(--h2_typography-font-style);--awb-caption-title-size:var(--h2_typography-font-size);--awb-caption-title-transform:var(--h2_typography-text-transform);--awb-caption-title-line-height:var(--h2_typography-line-height);--awb-caption-title-letter-spacing:var(--h2_typography-letter-spacing);\"><div class=\"imageframe-align-center\"><span class=\" fusion-imageframe imageframe-none imageframe-1 hover-type-zoomin\"><img decoding=\"async\" width=\"508\" height=\"472\" title=\"unternehmen\" src=\"https:\/\/www.dgtmuenchen.de\/wp-content\/uploads\/2017\/01\/unternehmen.jpg\" alt class=\"img-responsive wp-image-1742\" srcset=\"https:\/\/www.dgtmuenchen.de\/wp-content\/uploads\/2017\/01\/unternehmen-200x186.jpg 200w, https:\/\/www.dgtmuenchen.de\/wp-content\/uploads\/2017\/01\/unternehmen-400x372.jpg 400w, https:\/\/www.dgtmuenchen.de\/wp-content\/uploads\/2017\/01\/unternehmen.jpg 508w\" sizes=\"(max-width: 800px) 100vw, 400px\" \/><\/span><\/div><\/div><div class=\"fusion-text fusion-text-3\"><div style=\"padding: 20px; color: white; font-size: 20px; text-transform: uppercase;\">L&rsquo;ENTREPRISE<\/div>\n<\/div><div class=\"fusion-text fusion-text-4\"><div style=\"padding: 0px 20px 20px 20px; color: white;\">Depuis des d\u00e9cennies, nous, en tant que DGT Anlagen und Systeme GmbH avec nos usines \u00e0 Poing et Sauerlach pr\u00e8s de Munich, sommes consid\u00e9r\u00e9s par nos clients et les parties int\u00e9ress\u00e9es de l&rsquo;industrie du verre isolant comme le partenaire comp\u00e9tent et le leader du march\u00e9 sans restriction dans le monde entier gr\u00e2ce \u00e0 nos produits et services convaincants, bas\u00e9 sur le savoir-faire de l&rsquo;ancienne DCL Glas Consult GmbH.<\/div>\n<\/div><div class=\"fusion-clearfix\"><\/div><\/div><\/div><div class=\"fusion-layout-column fusion_builder_column fusion-builder-column-5 fusion_builder_column_1_3 1_3 fusion-one-third fusion-column-inner-bg-wrapper\" style=\"--awb-padding-top:3%;--awb-padding-left:8%;--awb-inner-bg-color:rgba(18,65,99,0.82);--awb-inner-bg-color-hover:rgba(18,65,99,0.82);--awb-inner-bg-size:cover;width:33.333333333333%;width:calc(33.333333333333% - ( ( 4% + 4% ) * 0.33333333333333 ) );margin-right: 4%;\" data-scroll-devices=\"small-visibility,medium-visibility,large-visibility\"><span class=\"fusion-column-inner-bg hover-type-none\"><a class=\"fusion-column-anchor\" href=\"https:\/\/www.dgtmuenchen.de\/fr\/produits\/\"><span class=\"fusion-column-inner-bg-image\"><\/span><\/a><\/span><div class=\"fusion-column-wrapper fusion-column-has-shadow fusion-flex-column-wrapper-legacy\"><div class=\"fusion-image-element fusion-image-align-center in-legacy-container\" style=\"text-align:center;--awb-caption-title-font-family:var(--h2_typography-font-family);--awb-caption-title-font-weight:var(--h2_typography-font-weight);--awb-caption-title-font-style:var(--h2_typography-font-style);--awb-caption-title-size:var(--h2_typography-font-size);--awb-caption-title-transform:var(--h2_typography-text-transform);--awb-caption-title-line-height:var(--h2_typography-line-height);--awb-caption-title-letter-spacing:var(--h2_typography-letter-spacing);\"><div class=\"imageframe-align-center\"><span class=\" fusion-imageframe imageframe-none imageframe-2 hover-type-zoomin\"><img decoding=\"async\" width=\"508\" height=\"472\" title=\"produkte\" src=\"https:\/\/www.dgtmuenchen.de\/wp-content\/uploads\/2017\/01\/produkte.jpg\" alt class=\"img-responsive wp-image-1730\" srcset=\"https:\/\/www.dgtmuenchen.de\/wp-content\/uploads\/2017\/01\/produkte-200x186.jpg 200w, https:\/\/www.dgtmuenchen.de\/wp-content\/uploads\/2017\/01\/produkte-400x372.jpg 400w, https:\/\/www.dgtmuenchen.de\/wp-content\/uploads\/2017\/01\/produkte.jpg 508w\" sizes=\"(max-width: 800px) 100vw, 400px\" \/><\/span><\/div><\/div><div class=\"fusion-text fusion-text-5\"><div style=\"padding: 20px; color: white; font-size: 20px;\">PRODUITS<\/div>\n<\/div><div class=\"fusion-text fusion-text-6\"><div style=\"padding: 0px 20px 20px 20px; color: white;\">Nos appareils et syst\u00e8mes de technologie du verre \u00e0 la pointe de la technologie sont d\u00e9sormais utilis\u00e9s quotidiennement par plus de 1900 clients dans le monde. Ils ont \u00e9t\u00e9 test\u00e9s en fonctionnement continu et sont connus depuis des d\u00e9cennies comme \u00e9tant fiables et n\u00e9cessitant tr\u00e8s peu d&rsquo;entretien. Ils convainquent nos clients dans la production quotidienne ainsi que dans les solutions et projets sp\u00e9ciaux exigeants.<\/div>\n<\/div><div class=\"fusion-clearfix\"><\/div><\/div><\/div><div class=\"fusion-layout-column fusion_builder_column fusion-builder-column-6 fusion_builder_column_1_3 1_3 fusion-one-third fusion-column-last fusion-column-inner-bg-wrapper\" style=\"--awb-padding-top:3%;--awb-padding-left:8%;--awb-inner-bg-color:#1e4663;--awb-inner-bg-color-hover:#1e4663;--awb-inner-bg-size:cover;width:33.333333333333%;width:calc(33.333333333333% - ( ( 4% + 4% ) * 0.33333333333333 ) );\" data-scroll-devices=\"small-visibility,medium-visibility,large-visibility\"><span class=\"fusion-column-inner-bg hover-type-none\"><a class=\"fusion-column-anchor\" href=\"https:\/\/www.dgtmuenchen.de\/fr\/infos-techniques\/\"><span class=\"fusion-column-inner-bg-image\"><\/span><\/a><\/span><div class=\"fusion-column-wrapper fusion-column-has-shadow fusion-flex-column-wrapper-legacy\"><div class=\"fusion-image-element fusion-image-align-center in-legacy-container\" style=\"text-align:center;--awb-caption-title-font-family:var(--h2_typography-font-family);--awb-caption-title-font-weight:var(--h2_typography-font-weight);--awb-caption-title-font-style:var(--h2_typography-font-style);--awb-caption-title-size:var(--h2_typography-font-size);--awb-caption-title-transform:var(--h2_typography-text-transform);--awb-caption-title-line-height:var(--h2_typography-line-height);--awb-caption-title-letter-spacing:var(--h2_typography-letter-spacing);\"><div class=\"imageframe-align-center\"><span class=\" fusion-imageframe imageframe-none imageframe-3 hover-type-zoomin\"><img decoding=\"async\" width=\"508\" height=\"472\" title=\"systeme-technik\" src=\"https:\/\/www.dgtmuenchen.de\/wp-content\/uploads\/2017\/01\/systeme-technik.jpg\" alt class=\"img-responsive wp-image-1736\" srcset=\"https:\/\/www.dgtmuenchen.de\/wp-content\/uploads\/2017\/01\/systeme-technik-200x186.jpg 200w, https:\/\/www.dgtmuenchen.de\/wp-content\/uploads\/2017\/01\/systeme-technik-400x372.jpg 400w, https:\/\/www.dgtmuenchen.de\/wp-content\/uploads\/2017\/01\/systeme-technik.jpg 508w\" sizes=\"(max-width: 800px) 100vw, 400px\" \/><\/span><\/div><\/div><div class=\"fusion-text fusion-text-7\"><div style=\"padding: 20px; color: white; font-size: 20px; text-transform: uppercase;\">CONTEXTE TECHNIQUE<\/div>\n<\/div><div class=\"fusion-text fusion-text-8\"><div style=\"padding: 0px 20px 20px 20px; color: white;\">Notre gamme compl\u00e8te de solutions et de services pour la production de vitrage isolant comprend principalement le domaine des remplisseurs de gaz, des m\u00e9langeurs de gaz, des syst\u00e8mes de remplissage de gaz, des dispositifs de remplissage rapide et une technologie de remplissage fiable pour l&rsquo;argon, le krypton, le x\u00e9non et le SFe, mais aussi des applications dans lesquelles le CO2, du n\u00e9on, de l&rsquo;h\u00e9lium et des gaz protecteurs inertes sont utilis\u00e9s.<\/div>\n<\/div><div class=\"fusion-clearfix\"><\/div><\/div><\/div><div class=\"fusion-layout-column fusion_builder_column fusion-builder-column-7 fusion_builder_column_1_1 1_1 fusion-one-full fusion-column-first fusion-column-last\" style=\"--awb-bg-size:cover;\"><div class=\"fusion-column-wrapper fusion-flex-column-wrapper-legacy\"><div class=\"fusion-text fusion-text-9\"><p><img decoding=\"async\" class=\"aligncenter size-full wp-image-2833\" src=\"https:\/\/www.dgtmuenchen.de\/wp-content\/uploads\/2024\/01\/Folie1F.jpg\" alt=\"\" width=\"960\" height=\"720\" srcset=\"https:\/\/www.dgtmuenchen.de\/wp-content\/uploads\/2024\/01\/Folie1F-200x150.jpg 200w, https:\/\/www.dgtmuenchen.de\/wp-content\/uploads\/2024\/01\/Folie1F-300x225.jpg 300w, https:\/\/www.dgtmuenchen.de\/wp-content\/uploads\/2024\/01\/Folie1F-400x300.jpg 400w, https:\/\/www.dgtmuenchen.de\/wp-content\/uploads\/2024\/01\/Folie1F-600x450.jpg 600w, https:\/\/www.dgtmuenchen.de\/wp-content\/uploads\/2024\/01\/Folie1F-768x576.jpg 768w, https:\/\/www.dgtmuenchen.de\/wp-content\/uploads\/2024\/01\/Folie1F-800x600.jpg 800w, https:\/\/www.dgtmuenchen.de\/wp-content\/uploads\/2024\/01\/Folie1F.jpg 960w\" sizes=\"(max-width: 960px) 100vw, 960px\" \/><\/p>\n<p><img decoding=\"async\" class=\"aligncenter size-full wp-image-2833\" src=\"https:\/\/www.dgtmuenchen.de\/wp-content\/uploads\/2024\/01\/Folie2F.jpg\" alt=\"\" width=\"960\" height=\"720\" \/><\/p>\n<p><img decoding=\"async\" class=\"aligncenter size-full wp-image-2833\" src=\"https:\/\/www.dgtmuenchen.de\/wp-content\/uploads\/2024\/01\/Folie3F.jpg\" alt=\"\" width=\"960\" height=\"720\" \/><\/p>\n<p><img decoding=\"async\" class=\"aligncenter size-full wp-image-2833\" src=\"https:\/\/www.dgtmuenchen.de\/wp-content\/uploads\/2024\/01\/Folie4F.jpg\" alt=\"\" width=\"960\" height=\"720\" \/><\/p>\n<\/div><div class=\"fusion-clearfix\"><\/div><\/div><\/div><\/div><\/div><\/p>\n","protected":false},"excerpt":{"rendered":"","protected":false},"author":1,"featured_media":0,"parent":0,"menu_order":0,"comment_status":"closed","ping_status":"closed","template":"100-width.php","meta":{"footnotes":""},"class_list":["post-351","page","type-page","status-publish","hentry"],"_links":{"self":[{"href":"https:\/\/www.dgtmuenchen.de\/fr\/wp-json\/wp\/v2\/pages\/351","targetHints":{"allow":["GET"]}}],"collection":[{"href":"https:\/\/www.dgtmuenchen.de\/fr\/wp-json\/wp\/v2\/pages"}],"about":[{"href":"https:\/\/www.dgtmuenchen.de\/fr\/wp-json\/wp\/v2\/types\/page"}],"author":[{"embeddable":true,"href":"https:\/\/www.dgtmuenchen.de\/fr\/wp-json\/wp\/v2\/users\/1"}],"replies":[{"embeddable":true,"href":"https:\/\/www.dgtmuenchen.de\/fr\/wp-json\/wp\/v2\/comments?post=351"}],"version-history":[{"count":27,"href":"https:\/\/www.dgtmuenchen.de\/fr\/wp-json\/wp\/v2\/pages\/351\/revisions"}],"predecessor-version":[{"id":3139,"href":"https:\/\/www.dgtmuenchen.de\/fr\/wp-json\/wp\/v2\/pages\/351\/revisions\/3139"}],"wp:attachment":[{"href":"https:\/\/www.dgtmuenchen.de\/fr\/wp-json\/wp\/v2\/media?parent=351"}],"curies":[{"name":"wp","href":"https:\/\/api.w.org\/{rel}","templated":true}]}}