{"id":352,"date":"2017-01-24T14:36:35","date_gmt":"2017-01-24T13:36:35","guid":{"rendered":"http:\/\/laurus-host.de\/20188\/firmenprofil\/"},"modified":"2024-01-04T12:18:33","modified_gmt":"2024-01-04T11:18:33","slug":"societe","status":"publish","type":"page","link":"https:\/\/www.dgtmuenchen.de\/fr\/societe\/","title":{"rendered":"Soci\u00e9t\u00e9"},"content":{"rendered":"<div class=\"fusion-fullwidth fullwidth-box fusion-builder-row-1 nonhundred-percent-fullwidth non-hundred-percent-height-scrolling\" style=\"--awb-border-radius-top-left:0px;--awb-border-radius-top-right:0px;--awb-border-radius-bottom-right:0px;--awb-border-radius-bottom-left:0px;--awb-padding-top:20px;--awb-padding-bottom:20px;--awb-flex-wrap:wrap;\" ><div class=\"fusion-builder-row fusion-row\"><div class=\"fusion-layout-column fusion_builder_column fusion-builder-column-0 fusion_builder_column_1_1 1_1 fusion-one-full fusion-column-first fusion-column-last\" style=\"--awb-bg-size:cover;--awb-margin-bottom:50px;\"><div class=\"fusion-column-wrapper fusion-flex-column-wrapper-legacy\"><div class=\"fusion-text fusion-text-1\"><h1 data-fontsize=\"30\" data-lineheight=\"42\">Remplissage \u00e0 gaz des vitrages isolants: Efficace, commode et fiable<\/h1>\n<\/div><div class=\"fusion-clearfix\"><\/div><\/div><\/div><div class=\"fusion-layout-column fusion_builder_column fusion-builder-column-1 fusion_builder_column_3_4 3_4 fusion-three-fourth fusion-column-first\" style=\"--awb-bg-size:cover;--awb-margin-bottom:0px;width:75%;width:calc(75% - ( ( 0 ) * 0.75 ) );margin-right: 0px;\"><div class=\"fusion-column-wrapper fusion-flex-column-wrapper-legacy\"><div class=\"fusion-text fusion-text-2\"><p><img decoding=\"async\" class=\"alignleft wp-image-871 size-full\" src=\"https:\/\/www.dgtmuenchen.de\/wp-content\/uploads\/2017\/03\/Lorbeerkranz.jpg\" alt=\"\" width=\"240\" srcset=\"https:\/\/www.dgtmuenchen.de\/wp-content\/uploads\/2017\/03\/Lorbeerkranz-200x193.jpg 200w, https:\/\/www.dgtmuenchen.de\/wp-content\/uploads\/2017\/03\/Lorbeerkranz.jpg 300w\" sizes=\"(max-width: 300px) 100vw, 300px\" \/>Depuis des d\u00e9cennies, DGT-Anlagen und Systeme GmbH propose une gamme compl\u00e8te et techniquement aboutie d&rsquo;appareils de remplissage de gaz command\u00e9s par capteur et d&rsquo;appareils de remplissage rapide pour la production de vitrage isolant dans le monde entier. Elle peut s&rsquo;appuyer sur les connaissances sp\u00e9cialis\u00e9es d&#8217;employ\u00e9s qui ont particip\u00e9 de mani\u00e8re significative au d\u00e9veloppement et \u00e0 l&rsquo;optimisation pratique de la technologie moderne de remplissage de gaz pour l&rsquo;industrie du verre isolant pendant des d\u00e9cennies.<\/p>\n<p>En s&rsquo;occupant d&rsquo;environ 1900 clients actifs, DGT-Anlagen und Systeme GmbH, avec des sites \u00e0 Poing\/Ebersberg et Sauerlach\/Munich, s&rsquo;est impos\u00e9e contre toute concurrence nationale et internationale avec une orientation client et des produits de qualit\u00e9 comme le leader mondial du march\u00e9 dans le domaine de syst\u00e8mes de remplissage de gaz contr\u00f4l\u00e9s par capteur et de dispositifs de remplissage rapide. Dans certaines r\u00e9gions du monde, DGT d\u00e9tient plus de 90 % de part de march\u00e9. En raison du grand nombre et de la vari\u00e9t\u00e9 d&rsquo;entreprises et de groupes d&rsquo;entreprises de toutes tailles que DGT g\u00e8re d\u00e9j\u00e0 avec comp\u00e9tence, tous les clients trouveront chez DGT des solutions industrielles optimales, \u00e9prouv\u00e9es et \u00e9prouv\u00e9es pour leurs besoins particuliers. Outre la qualit\u00e9 technique et la fiabilit\u00e9 de ses produits, l&rsquo;entreprise familiale bavaroise attribue son chiffre d&rsquo;affaires en constante augmentation \u00e0 un concept de service et de conseil convivial qui, d\u00e8s le d\u00e9part, avait une orientation non seulement nationale mais aussi internationale. La DGT est joignable directement sur tous les continents du monde gr\u00e2ce \u00e0 un r\u00e9seau dense d&rsquo;agences et de repr\u00e9sentants comp\u00e9tents.<\/p>\n<p>Pour les pi\u00e8ces de rechange, les consommables et les accessoires, l&rsquo;entreprise dispose d&rsquo;un syst\u00e8me d&rsquo;exp\u00e9dition et d&rsquo;entreposage bien \u00e9tabli qui garantit toujours une assistance technique rapide et des temps de r\u00e9ponse courts pour ses clients. La nouvelle division \u00ab\u00a0Capteurs de gaz et analyse\u00a0\u00bb compl\u00e8te depuis des ann\u00e9es la gamme de services de l&rsquo;entreprise, y compris les appareils de test SENSOLINE bien connus pour l&rsquo;assurance qualit\u00e9 dans la production de vitrage isolant.<\/p>\n<p><img decoding=\"async\" class=\"size-full wp-image-647 alignleft\" src=\"https:\/\/www.dgtmuenchen.de\/wp-content\/uploads\/2017\/01\/firmenprofil-3.jpg\" alt=\"\" width=\"101\" height=\"148\" \/>Des solutions flexibles et orient\u00e9es client sont une force de DGT-Anlagen und Systeme GmbH. Cela peut \u00e9galement signifier vous aider avec des syst\u00e8mes d&rsquo;occasion fiables, r\u00e9vis\u00e9s et enti\u00e8rement garantis au lieu de nouveaux appareils et syst\u00e8mes. Des installations de test de ces appareils sont possibles \u00e0 tout moment si vous souhaitez les acheter. N&rsquo;h\u00e9sitez pas \u00e0 parler \u00e0 l&rsquo;\u00e9quipe DGT de cette opportunit\u00e9 si vous souhaitez voir l&rsquo;un des produits DGT int\u00e9gr\u00e9 \u00e0 la production dans votre propre usine. Dans des cas individuels, par exemple pour des commandes sp\u00e9ciales plus importantes, il est \u00e9galement possible de louer des appareils de remplissage de gaz DGT pour une dur\u00e9e limit\u00e9e.<\/p>\n<p>&nbsp;<\/p>\n<\/div><div class=\"fusion-text fusion-text-3\"><p><span style=\"color: #6f8ba1;\"><em><strong><i><span lang=\"FR\">Chez Glasstec, DGT-Anlagen und Systeme GmbH pr\u00e9sente r\u00e9guli\u00e8rement sa gamme actuelle d&rsquo;appareils fiables pour la production \u00e9conomique de vitrage isolant et l&rsquo;assurance qualit\u00e9 \u00e0 ses clients et \u00e0 toutes les parties int\u00e9ress\u00e9es &#8211; ainsi qu&rsquo;au VITRUM \u00e0 Milan et \u00e0 d&rsquo;autres salons importants au niveau r\u00e9gional.<\/span><\/i><\/strong><\/em><\/span><\/p>\n<\/div><div class=\"fusion-text fusion-text-4\"><p><img decoding=\"async\" class=\"aligncenter size-full wp-image-2833\" src=\"https:\/\/www.dgtmuenchen.de\/wp-content\/uploads\/2024\/01\/Folie3F.jpg\" alt=\"\" width=\"960\" height=\"720\" \/><\/p>\n<\/div><div class=\"fusion-clearfix\"><\/div><\/div><\/div><div class=\"fusion-layout-column fusion_builder_column fusion-builder-column-2 fusion_builder_column_1_4 1_4 fusion-one-fourth fusion-column-last\" style=\"--awb-bg-size:cover;--awb-margin-bottom:0px;width:25%;width:calc(25% - ( ( 0 ) * 0.25 ) );\"><div class=\"fusion-column-wrapper fusion-flex-column-wrapper-legacy\"><div class=\"fusion-image-element fusion-image-align-center in-legacy-container\" style=\"text-align:center;--awb-caption-title-font-family:var(--h2_typography-font-family);--awb-caption-title-font-weight:var(--h2_typography-font-weight);--awb-caption-title-font-style:var(--h2_typography-font-style);--awb-caption-title-size:var(--h2_typography-font-size);--awb-caption-title-transform:var(--h2_typography-text-transform);--awb-caption-title-line-height:var(--h2_typography-line-height);--awb-caption-title-letter-spacing:var(--h2_typography-letter-spacing);\"><div class=\"imageframe-align-center\"><span class=\" fusion-imageframe imageframe-none imageframe-1 hover-type-zoomin\"><img decoding=\"async\" width=\"221\" height=\"150\" title=\"3-firmen\" src=\"https:\/\/www.dgtmuenchen.de\/wp-content\/uploads\/2017\/01\/3-firmen.jpg\" alt class=\"img-responsive wp-image-1868\" srcset=\"https:\/\/www.dgtmuenchen.de\/wp-content\/uploads\/2017\/01\/3-firmen-200x136.jpg 200w, https:\/\/www.dgtmuenchen.de\/wp-content\/uploads\/2017\/01\/3-firmen.jpg 221w\" sizes=\"(max-width: 800px) 100vw, 221px\" \/><\/span><\/div><\/div><div class=\"fusion-sep-clear\"><\/div><div class=\"fusion-separator fusion-full-width-sep\" style=\"margin-left: auto;margin-right: auto;margin-top:40px;width:100%;\"><\/div><div class=\"fusion-sep-clear\"><\/div><div class=\"fusion-image-element fusion-image-align-center in-legacy-container\" style=\"text-align:center;--awb-caption-title-font-family:var(--h2_typography-font-family);--awb-caption-title-font-weight:var(--h2_typography-font-weight);--awb-caption-title-font-style:var(--h2_typography-font-style);--awb-caption-title-size:var(--h2_typography-font-size);--awb-caption-title-transform:var(--h2_typography-text-transform);--awb-caption-title-line-height:var(--h2_typography-line-height);--awb-caption-title-letter-spacing:var(--h2_typography-letter-spacing);\"><div class=\"imageframe-align-center\"><span class=\" fusion-imageframe imageframe-none imageframe-2 hover-type-zoomin\"><img decoding=\"async\" width=\"221\" height=\"150\" title=\"firmenprofil\" src=\"https:\/\/www.dgtmuenchen.de\/wp-content\/uploads\/2017\/01\/firmenprofil.jpg\" alt class=\"img-responsive wp-image-2012\" srcset=\"https:\/\/www.dgtmuenchen.de\/wp-content\/uploads\/2017\/01\/firmenprofil-200x136.jpg 200w, https:\/\/www.dgtmuenchen.de\/wp-content\/uploads\/2017\/01\/firmenprofil.jpg 221w\" sizes=\"(max-width: 800px) 100vw, 221px\" \/><\/span><\/div><\/div><div class=\"fusion-sep-clear\"><\/div><div class=\"fusion-separator fusion-full-width-sep\" style=\"margin-left: auto;margin-right: auto;margin-top:40px;width:100%;\"><\/div><div class=\"fusion-sep-clear\"><\/div><div class=\"fusion-image-element fusion-image-align-center in-legacy-container\" style=\"text-align:center;--awb-caption-title-font-family:var(--h2_typography-font-family);--awb-caption-title-font-weight:var(--h2_typography-font-weight);--awb-caption-title-font-style:var(--h2_typography-font-style);--awb-caption-title-size:var(--h2_typography-font-size);--awb-caption-title-transform:var(--h2_typography-text-transform);--awb-caption-title-line-height:var(--h2_typography-line-height);--awb-caption-title-letter-spacing:var(--h2_typography-letter-spacing);\"><div class=\"imageframe-align-center\"><span class=\" fusion-imageframe imageframe-none imageframe-3 hover-type-zoomin\"><img decoding=\"async\" width=\"221\" height=\"150\" title=\"firmeprofil-2\" src=\"https:\/\/www.dgtmuenchen.de\/wp-content\/uploads\/2017\/01\/firmeprofil-2.jpg\" alt class=\"img-responsive wp-image-2006\" srcset=\"https:\/\/www.dgtmuenchen.de\/wp-content\/uploads\/2017\/01\/firmeprofil-2-200x136.jpg 200w, https:\/\/www.dgtmuenchen.de\/wp-content\/uploads\/2017\/01\/firmeprofil-2.jpg 221w\" sizes=\"(max-width: 800px) 100vw, 221px\" \/><\/span><\/div><\/div><div class=\"fusion-sep-clear\"><\/div><div class=\"fusion-separator fusion-full-width-sep\" style=\"margin-left: auto;margin-right: auto;margin-top:40px;width:100%;\"><\/div><div class=\"fusion-sep-clear\"><\/div><div class=\"fusion-image-element fusion-image-align-center in-legacy-container\" style=\"text-align:center;--awb-caption-title-font-family:var(--h2_typography-font-family);--awb-caption-title-font-weight:var(--h2_typography-font-weight);--awb-caption-title-font-style:var(--h2_typography-font-style);--awb-caption-title-size:var(--h2_typography-font-size);--awb-caption-title-transform:var(--h2_typography-text-transform);--awb-caption-title-line-height:var(--h2_typography-line-height);--awb-caption-title-letter-spacing:var(--h2_typography-letter-spacing);\"><div class=\"imageframe-align-center\"><span class=\" fusion-imageframe imageframe-none imageframe-4 hover-type-zoomin\"><img decoding=\"async\" width=\"221\" height=\"150\" title=\"1-firmen\" src=\"https:\/\/www.dgtmuenchen.de\/wp-content\/uploads\/2017\/01\/1-firmen.jpg\" alt class=\"img-responsive wp-image-1856\" srcset=\"https:\/\/www.dgtmuenchen.de\/wp-content\/uploads\/2017\/01\/1-firmen-200x136.jpg 200w, https:\/\/www.dgtmuenchen.de\/wp-content\/uploads\/2017\/01\/1-firmen.jpg 221w\" sizes=\"(max-width: 800px) 100vw, 221px\" \/><\/span><\/div><\/div><div class=\"fusion-clearfix\"><\/div><\/div><\/div><\/div><\/div>\n","protected":false},"excerpt":{"rendered":"","protected":false},"author":1,"featured_media":0,"parent":0,"menu_order":0,"comment_status":"closed","ping_status":"closed","template":"","meta":{"footnotes":""},"class_list":["post-352","page","type-page","status-publish","hentry"],"_links":{"self":[{"href":"https:\/\/www.dgtmuenchen.de\/fr\/wp-json\/wp\/v2\/pages\/352","targetHints":{"allow":["GET"]}}],"collection":[{"href":"https:\/\/www.dgtmuenchen.de\/fr\/wp-json\/wp\/v2\/pages"}],"about":[{"href":"https:\/\/www.dgtmuenchen.de\/fr\/wp-json\/wp\/v2\/types\/page"}],"author":[{"embeddable":true,"href":"https:\/\/www.dgtmuenchen.de\/fr\/wp-json\/wp\/v2\/users\/1"}],"replies":[{"embeddable":true,"href":"https:\/\/www.dgtmuenchen.de\/fr\/wp-json\/wp\/v2\/comments?post=352"}],"version-history":[{"count":13,"href":"https:\/\/www.dgtmuenchen.de\/fr\/wp-json\/wp\/v2\/pages\/352\/revisions"}],"predecessor-version":[{"id":2874,"href":"https:\/\/www.dgtmuenchen.de\/fr\/wp-json\/wp\/v2\/pages\/352\/revisions\/2874"}],"wp:attachment":[{"href":"https:\/\/www.dgtmuenchen.de\/fr\/wp-json\/wp\/v2\/media?parent=352"}],"curies":[{"name":"wp","href":"https:\/\/api.w.org\/{rel}","templated":true}]}}