{"id":353,"date":"2017-01-24T14:33:50","date_gmt":"2017-01-24T13:33:50","guid":{"rendered":"http:\/\/laurus-host.de\/20188\/aktuelles\/"},"modified":"2024-11-05T12:58:31","modified_gmt":"2024-11-05T11:58:31","slug":"actualites-2","status":"publish","type":"page","link":"https:\/\/www.dgtmuenchen.de\/fr\/actualites-2\/","title":{"rendered":"Actualit\u00e9s"},"content":{"rendered":"<p><div class=\"fusion-fullwidth fullwidth-box fusion-builder-row-1 nonhundred-percent-fullwidth non-hundred-percent-height-scrolling\" style=\"--awb-border-radius-top-left:0px;--awb-border-radius-top-right:0px;--awb-border-radius-bottom-right:0px;--awb-border-radius-bottom-left:0px;--awb-padding-top:20px;--awb-padding-bottom:20px;--awb-flex-wrap:wrap;\" ><div class=\"fusion-builder-row fusion-row\"><div class=\"fusion-layout-column fusion_builder_column fusion-builder-column-0 fusion_builder_column_1_1 1_1 fusion-one-full fusion-column-first fusion-column-last\" style=\"--awb-bg-size:cover;\"><div class=\"fusion-column-wrapper fusion-flex-column-wrapper-legacy\"><div class=\"fusion-text fusion-text-1\"><p><span style=\"font-size: 16px;\"><img decoding=\"async\" class=\"alignleft wp-image-2996\" src=\"https:\/\/www.dgtmuenchen.de\/wp-content\/uploads\/2024\/08\/Lorbeerkranz.jpg\" alt=\"\" width=\"272\" height=\"263\" srcset=\"https:\/\/www.dgtmuenchen.de\/wp-content\/uploads\/2024\/08\/Lorbeerkranz-200x193.jpg 200w, https:\/\/www.dgtmuenchen.de\/wp-content\/uploads\/2024\/08\/Lorbeerkranz.jpg 300w\" sizes=\"(max-width: 272px) 100vw, 272px\" \/>Notre gamme compl\u00e8te de solutions et de services internes pour la production de vitrage isolant comprend principalement le domaine des remplisseurs de gaz, des m\u00e9langeurs de gaz et des dispositifs de remplissage rapide, dans lequel notre technologie de remplissage fiable pour l&rsquo;argon, le krypton et le x\u00e9non, qui a fait ses preuves pendant des d\u00e9cennies, est utilis\u00e9. Des appareils de contr\u00f4le mobiles pr\u00e9cis pour la mesure du degr\u00e9 de remplissage selon EN 1279:6 compl\u00e8tent \u00e9galement depuis plus de 10 ans notre gamme sur le th\u00e8me \u00ab GAZ DANS LE VERRE ISOL\u00c9 \u00bb.<\/span><\/p>\n<p><span style=\"font-size: 16px;\">Alors que l&rsquo;am\u00e9lioration de la s\u00e9rie standard de la DGT, qui a fait ses preuves depuis des d\u00e9cennies, ne se limite qu&rsquo;aux moindres d\u00e9tails apr\u00e8s une si longue optimisation, nos techniciens avec des d\u00e9veloppements mat\u00e9riels et logiciels convaincants cr\u00e9ent toujours de nouveaux, purement sp\u00e9cifiques au client solutions, telles que les syst\u00e8mes de remplissage multicanaux pour les \u00e9l\u00e9ments de fa\u00e7ade filigranes \u00e0 chambres multiples, les syst\u00e8mes de remplissage mobiles pour les syst\u00e8mes remplis d&rsquo;h\u00e9lium ou de SF6, les syst\u00e8mes de sondes de remplissage de gaz optimis\u00e9s pour les nouvelles entretoises, les solutions personnalis\u00e9es de remplissage et de test de gaz pour les presses de remplissage de gaz, en ligne des syst\u00e8mes de mesure pour d\u00e9terminer les pertes de krypton ou de x\u00e9non ou de nouveaux types de manipulation Solutions pour le remplissage de syst\u00e8mes sp\u00e9ciaux de vitrage.<\/span><\/p>\n<p><span style=\"font-size: 16px;\">En tant que fabricant soucieux de la qualit\u00e9 et partenaire de service mondial, nous sommes appr\u00e9ci\u00e9s par nos clients du monde entier (avec des ventes \u00e0 l&rsquo;\u00e9tranger &gt; 85 %) pour des solutions de haute qualit\u00e9.<\/span><\/p>\n<p><span style=\"font-size: 16px;\">Au cours des 5 derni\u00e8res ann\u00e9es, nous avons commenc\u00e9 \u00e0 nous \u00e9tablir avec succ\u00e8s en tant que partenaire de service et de vente pour les lignes compl\u00e8tes de vitrage isolant et les machines de scellement, pour les cintreuses de cadres et tous les \u00e9quipements suppl\u00e9mentaires pour la production de vitrage isolant sur le march\u00e9 europ\u00e9en. Nous sommes heureux d&rsquo;apporter notre exp\u00e9rience de plusieurs d\u00e9cennies de partenariat avec les fabricants de verre isolant \u00e0 titre de conseil.<\/span><\/p>\n<p><span style=\"font-size: 16px;\">Par cons\u00e9quent, n&rsquo;h\u00e9sitez pas \u00e0 nous contacter imm\u00e9diatement pour toutes les questions dans le domaine de la production de vitrage isolant &#8211; qu&rsquo;il s&rsquo;agisse de produits standard bon march\u00e9 ou de constructions sp\u00e9ciales individuelles.<\/span><\/p>\n<\/div><div class=\"fusion-clearfix\"><\/div><\/div><\/div><\/div><\/div><div class=\"fusion-fullwidth fullwidth-box fusion-builder-row-2 nonhundred-percent-fullwidth non-hundred-percent-height-scrolling\" style=\"--awb-border-radius-top-left:0px;--awb-border-radius-top-right:0px;--awb-border-radius-bottom-right:0px;--awb-border-radius-bottom-left:0px;--awb-padding-top:20px;--awb-padding-bottom:20px;--awb-flex-wrap:wrap;\" ><div class=\"fusion-builder-row fusion-row\"><div class=\"fusion-layout-column fusion_builder_column fusion-builder-column-1 fusion_builder_column_1_4 1_4 fusion-one-fourth fusion-column-first\" style=\"--awb-bg-color:rgba(18,65,99,0.82);--awb-bg-color-hover:rgba(18,65,99,0.82);--awb-bg-size:cover;--awb-border-color:#6f8ba1;--awb-border-top:0;--awb-border-right:0;--awb-border-bottom:0;--awb-border-left:0;--awb-border-style:solid;width:25%;width:calc(25% - ( ( 4% + 4% + 4% ) * 0.25 ) );margin-right: 4%;\"><div class=\"fusion-column-wrapper fusion-flex-column-wrapper-legacy\"><div class=\"fusion-image-element fusion-image-align-center in-legacy-container\" style=\"text-align:center;--awb-caption-title-font-family:var(--h2_typography-font-family);--awb-caption-title-font-weight:var(--h2_typography-font-weight);--awb-caption-title-font-style:var(--h2_typography-font-style);--awb-caption-title-size:var(--h2_typography-font-size);--awb-caption-title-transform:var(--h2_typography-text-transform);--awb-caption-title-line-height:var(--h2_typography-line-height);--awb-caption-title-letter-spacing:var(--h2_typography-letter-spacing);\"><div class=\"imageframe-align-center\"><span class=\" fusion-imageframe imageframe-none imageframe-1 hover-type-zoomin\"><a class=\"fusion-no-lightbox\" href=\"https:\/\/www.dgtmuenchen.de\/fr\/expositions\/\" target=\"_self\" aria-label=\"1\"><img decoding=\"async\" width=\"557\" height=\"349\" src=\"https:\/\/www.dgtmuenchen.de\/wp-content\/uploads\/2017\/01\/1.jpg\" alt class=\"img-responsive wp-image-1820\" srcset=\"https:\/\/www.dgtmuenchen.de\/wp-content\/uploads\/2017\/01\/1-200x125.jpg 200w, https:\/\/www.dgtmuenchen.de\/wp-content\/uploads\/2017\/01\/1-400x251.jpg 400w, https:\/\/www.dgtmuenchen.de\/wp-content\/uploads\/2017\/01\/1.jpg 557w\" sizes=\"(max-width: 800px) 100vw, 400px\" \/><\/a><\/span><\/div><\/div><div class=\"fusion-sep-clear\"><\/div><div class=\"fusion-separator fusion-full-width-sep\" style=\"margin-left: auto;margin-right: auto;margin-top:15px;width:100%;\"><\/div><div class=\"fusion-sep-clear\"><\/div><div class=\"fusion-text fusion-text-2\"><p style=\"text-align: center; color: #ffffff;\">Nous serions heureux de vous y accueillir:<\/p>\n<p style=\"text-align: center; color: #ffffff;\"><a style=\"color: #ffffff;\" title=\"DGT - Expositions\" href=\"https:\/\/www.dgtmuenchen.de\/fr\/expositions\/\">Expositions professionnelles<\/a><\/p>\n<\/div><div class=\"fusion-clearfix\"><\/div><\/div><\/div><div class=\"fusion-layout-column fusion_builder_column fusion-builder-column-2 fusion_builder_column_1_4 1_4 fusion-one-fourth\" style=\"--awb-bg-color:rgba(18,65,99,0.82);--awb-bg-color-hover:rgba(18,65,99,0.82);--awb-bg-size:cover;--awb-border-color:#6f8ba1;--awb-border-top:0;--awb-border-right:0;--awb-border-bottom:0;--awb-border-left:0;--awb-border-style:solid;width:25%;width:calc(25% - ( ( 4% + 4% + 4% ) * 0.25 ) );margin-right: 4%;\"><div class=\"fusion-column-wrapper fusion-flex-column-wrapper-legacy\"><div class=\"fusion-image-element fusion-image-align-center in-legacy-container\" style=\"text-align:center;--awb-caption-title-font-family:var(--h2_typography-font-family);--awb-caption-title-font-weight:var(--h2_typography-font-weight);--awb-caption-title-font-style:var(--h2_typography-font-style);--awb-caption-title-size:var(--h2_typography-font-size);--awb-caption-title-transform:var(--h2_typography-text-transform);--awb-caption-title-line-height:var(--h2_typography-line-height);--awb-caption-title-letter-spacing:var(--h2_typography-letter-spacing);\"><div class=\"imageframe-align-center\"><span class=\" fusion-imageframe imageframe-none imageframe-2 hover-type-zoomin\"><a class=\"fusion-no-lightbox\" href=\"https:\/\/www.dgtmuenchen.de\/fr\/societe\/\" target=\"_self\" aria-label=\"2\"><img decoding=\"async\" width=\"557\" height=\"349\" src=\"https:\/\/www.dgtmuenchen.de\/wp-content\/uploads\/2017\/01\/2.jpg\" alt class=\"img-responsive wp-image-1826\" srcset=\"https:\/\/www.dgtmuenchen.de\/wp-content\/uploads\/2017\/01\/2-200x125.jpg 200w, https:\/\/www.dgtmuenchen.de\/wp-content\/uploads\/2017\/01\/2-400x251.jpg 400w, https:\/\/www.dgtmuenchen.de\/wp-content\/uploads\/2017\/01\/2.jpg 557w\" sizes=\"(max-width: 800px) 100vw, 400px\" \/><\/a><\/span><\/div><\/div><div class=\"fusion-sep-clear\"><\/div><div class=\"fusion-separator fusion-full-width-sep\" style=\"margin-left: auto;margin-right: auto;margin-top:15px;width:100%;\"><\/div><div class=\"fusion-sep-clear\"><\/div><div class=\"fusion-text fusion-text-3\"><p style=\"text-align: center; color: #ffffff;\">Soci\u00e9t\u00e9<\/p>\n<p style=\"text-align: center; color: #ffffff;\"><a style=\"color: #ffffff;\" href=\"https:\/\/www.dgtmuenchen.de\/fr\/societe\/\">DGT<\/a><\/p>\n<\/div><div class=\"fusion-clearfix\"><\/div><\/div><\/div><div class=\"fusion-layout-column fusion_builder_column fusion-builder-column-3 fusion_builder_column_1_4 1_4 fusion-one-fourth\" style=\"--awb-bg-color:#1e4663;--awb-bg-color-hover:#1e4663;--awb-bg-size:cover;--awb-border-color:#6f8ba1;--awb-border-top:0;--awb-border-right:0;--awb-border-bottom:0;--awb-border-left:0;--awb-border-style:solid;width:25%;width:calc(25% - ( ( 4% + 4% + 4% ) * 0.25 ) );margin-right: 4%;\"><div class=\"fusion-column-wrapper fusion-flex-column-wrapper-legacy\"><div class=\"fusion-image-element fusion-image-align-center in-legacy-container\" style=\"text-align:center;--awb-caption-title-font-family:var(--h2_typography-font-family);--awb-caption-title-font-weight:var(--h2_typography-font-weight);--awb-caption-title-font-style:var(--h2_typography-font-style);--awb-caption-title-size:var(--h2_typography-font-size);--awb-caption-title-transform:var(--h2_typography-text-transform);--awb-caption-title-line-height:var(--h2_typography-line-height);--awb-caption-title-letter-spacing:var(--h2_typography-letter-spacing);\"><div class=\"imageframe-align-center\"><span class=\" fusion-imageframe imageframe-none imageframe-3 hover-type-zoomin\"><a class=\"fusion-no-lightbox\" href=\"https:\/\/www.dgtmuenchen.de\/fr\/produits\/\" target=\"_self\" aria-label=\"4\"><img decoding=\"async\" width=\"557\" height=\"349\" src=\"https:\/\/www.dgtmuenchen.de\/wp-content\/uploads\/2017\/01\/4.jpg\" alt class=\"img-responsive wp-image-1838\" srcset=\"https:\/\/www.dgtmuenchen.de\/wp-content\/uploads\/2017\/01\/4-200x125.jpg 200w, https:\/\/www.dgtmuenchen.de\/wp-content\/uploads\/2017\/01\/4-400x251.jpg 400w, https:\/\/www.dgtmuenchen.de\/wp-content\/uploads\/2017\/01\/4.jpg 557w\" sizes=\"(max-width: 800px) 100vw, 400px\" \/><\/a><\/span><\/div><\/div><div class=\"fusion-sep-clear\"><\/div><div class=\"fusion-separator fusion-full-width-sep\" style=\"margin-left: auto;margin-right: auto;margin-top:15px;width:100%;\"><\/div><div class=\"fusion-sep-clear\"><\/div><div class=\"fusion-text fusion-text-4\"><p style=\"text-align: center; color: #ffffff;\">Produits:<\/p>\n<p style=\"text-align: center; color: #ffffff;\"><a style=\"color: #ffffff;\" href=\"https:\/\/www.dgtmuenchen.de\/fr\/produits\/piko-star\/\">PIKO<\/a>, <a style=\"color: #ffffff;\" href=\"https:\/\/www.dgtmuenchen.de\/fr\/produits\/smart-star\/\">SMART-STAR<\/a>, <a style=\"color: #ffffff;\" href=\"https:\/\/www.dgtmuenchen.de\/fr\/produits\/speed-star\/\">SPEED<\/a>,<\/p>\n<\/div><div class=\"fusion-clearfix\"><\/div><\/div><\/div><div class=\"fusion-layout-column fusion_builder_column fusion-builder-column-4 fusion_builder_column_1_4 1_4 fusion-one-fourth fusion-column-last\" style=\"--awb-bg-color:#1f394c;--awb-bg-color-hover:#1f394c;--awb-bg-size:cover;--awb-border-color:#6f8ba1;--awb-border-top:0;--awb-border-right:0;--awb-border-bottom:0;--awb-border-left:0;--awb-border-style:solid;width:25%;width:calc(25% - ( ( 4% + 4% + 4% ) * 0.25 ) );\"><div class=\"fusion-column-wrapper fusion-flex-column-wrapper-legacy\"><div class=\"fusion-image-element fusion-image-align-center in-legacy-container\" style=\"text-align:center;--awb-caption-title-font-family:var(--h2_typography-font-family);--awb-caption-title-font-weight:var(--h2_typography-font-weight);--awb-caption-title-font-style:var(--h2_typography-font-style);--awb-caption-title-size:var(--h2_typography-font-size);--awb-caption-title-transform:var(--h2_typography-text-transform);--awb-caption-title-line-height:var(--h2_typography-line-height);--awb-caption-title-letter-spacing:var(--h2_typography-letter-spacing);\"><div class=\"imageframe-align-center\"><span class=\" fusion-imageframe imageframe-none imageframe-4 hover-type-zoomin\"><a class=\"fusion-no-lightbox\" href=\"https:\/\/www.dgtmuenchen.de\/fr\/produits\/sensoline\/\" target=\"_self\" aria-label=\"sensoline-2\"><img decoding=\"async\" width=\"956\" height=\"612\" src=\"https:\/\/www.dgtmuenchen.de\/wp-content\/uploads\/2017\/01\/sensoline-2-1.jpg\" alt class=\"img-responsive wp-image-2612\" srcset=\"https:\/\/www.dgtmuenchen.de\/wp-content\/uploads\/2017\/01\/sensoline-2-1-200x128.jpg 200w, https:\/\/www.dgtmuenchen.de\/wp-content\/uploads\/2017\/01\/sensoline-2-1-400x256.jpg 400w, https:\/\/www.dgtmuenchen.de\/wp-content\/uploads\/2017\/01\/sensoline-2-1-600x384.jpg 600w, https:\/\/www.dgtmuenchen.de\/wp-content\/uploads\/2017\/01\/sensoline-2-1-800x512.jpg 800w, https:\/\/www.dgtmuenchen.de\/wp-content\/uploads\/2017\/01\/sensoline-2-1.jpg 956w\" sizes=\"(max-width: 800px) 100vw, 400px\" \/><\/a><\/span><\/div><\/div><div class=\"fusion-sep-clear\"><\/div><div class=\"fusion-separator fusion-full-width-sep\" style=\"margin-left: auto;margin-right: auto;margin-top:15px;width:100%;\"><\/div><div class=\"fusion-sep-clear\"><\/div><div class=\"fusion-text fusion-text-5\"><p style=\"text-align: center; color: #ffffff;\">Analyseur de remplissage:<\/p>\n<p style=\"text-align: center; color: #ffffff;\"><a style=\"color: #ffffff;\" href=\"https:\/\/www.dgtmuenchen.de\/fr\/produits\/sensoline\/\">SENSOLINE<\/a><\/p>\n<\/div><div class=\"fusion-clearfix\"><\/div><\/div><\/div><div class=\"fusion-layout-column fusion_builder_column fusion-builder-column-5 fusion_builder_column_1_1 1_1 fusion-one-full fusion-column-first fusion-column-last\" style=\"--awb-bg-size:cover;\"><div class=\"fusion-column-wrapper fusion-flex-column-wrapper-legacy\"><div class=\"fusion-text fusion-text-6\"><p><img decoding=\"async\" class=\"alignnone size-full wp-image-1696\" src=\"https:\/\/www.dgtmuenchen.de\/wp-content\/uploads\/2017\/01\/DGTSURVEY0Fn.jpg\" alt=\"\" width=\"1990\" height=\"1410\" srcset=\"https:\/\/www.dgtmuenchen.de\/wp-content\/uploads\/2017\/01\/DGTSURVEY0Fn-200x142.jpg 200w, https:\/\/www.dgtmuenchen.de\/wp-content\/uploads\/2017\/01\/DGTSURVEY0Fn-300x214.jpg 300w, https:\/\/www.dgtmuenchen.de\/wp-content\/uploads\/2017\/01\/DGTSURVEY0Fn-400x283.jpg 400w, https:\/\/www.dgtmuenchen.de\/wp-content\/uploads\/2017\/01\/DGTSURVEY0Fn-600x425.jpg 600w, https:\/\/www.dgtmuenchen.de\/wp-content\/uploads\/2017\/01\/DGTSURVEY0Fn-768x544.jpg 768w, https:\/\/www.dgtmuenchen.de\/wp-content\/uploads\/2017\/01\/DGTSURVEY0Fn-800x567.jpg 800w, https:\/\/www.dgtmuenchen.de\/wp-content\/uploads\/2017\/01\/DGTSURVEY0Fn-1024x726.jpg 1024w, https:\/\/www.dgtmuenchen.de\/wp-content\/uploads\/2017\/01\/DGTSURVEY0Fn-1200x850.jpg 1200w, https:\/\/www.dgtmuenchen.de\/wp-content\/uploads\/2017\/01\/DGTSURVEY0Fn.jpg 1990w\" sizes=\"(max-width: 1990px) 100vw, 1990px\" \/> <img decoding=\"async\" class=\"alignnone size-full wp-image-1695\" src=\"https:\/\/www.dgtmuenchen.de\/wp-content\/uploads\/2017\/01\/DGTSURVEY2Fn.jpg\" alt=\"\" width=\"1980\" height=\"1396\" srcset=\"https:\/\/www.dgtmuenchen.de\/wp-content\/uploads\/2017\/01\/DGTSURVEY2Fn-200x141.jpg 200w, https:\/\/www.dgtmuenchen.de\/wp-content\/uploads\/2017\/01\/DGTSURVEY2Fn-300x212.jpg 300w, https:\/\/www.dgtmuenchen.de\/wp-content\/uploads\/2017\/01\/DGTSURVEY2Fn-400x282.jpg 400w, https:\/\/www.dgtmuenchen.de\/wp-content\/uploads\/2017\/01\/DGTSURVEY2Fn-600x423.jpg 600w, https:\/\/www.dgtmuenchen.de\/wp-content\/uploads\/2017\/01\/DGTSURVEY2Fn-768x541.jpg 768w, https:\/\/www.dgtmuenchen.de\/wp-content\/uploads\/2017\/01\/DGTSURVEY2Fn-800x564.jpg 800w, https:\/\/www.dgtmuenchen.de\/wp-content\/uploads\/2017\/01\/DGTSURVEY2Fn-1024x722.jpg 1024w, https:\/\/www.dgtmuenchen.de\/wp-content\/uploads\/2017\/01\/DGTSURVEY2Fn-1200x846.jpg 1200w, https:\/\/www.dgtmuenchen.de\/wp-content\/uploads\/2017\/01\/DGTSURVEY2Fn.jpg 1980w\" sizes=\"(max-width: 1980px) 100vw, 1980px\" \/><\/p>\n<p><img decoding=\"async\" class=\"alignnone size-large wp-image-1633\" src=\"https:\/\/www.dgtmuenchen.de\/wp-content\/uploads\/2017\/01\/dgtsurvey3F-1024x724.jpg\" alt=\"\" width=\"1024\" height=\"724\" srcset=\"https:\/\/www.dgtmuenchen.de\/wp-content\/uploads\/2017\/01\/dgtsurvey3F-200x141.jpg 200w, https:\/\/www.dgtmuenchen.de\/wp-content\/uploads\/2017\/01\/dgtsurvey3F-300x212.jpg 300w, https:\/\/www.dgtmuenchen.de\/wp-content\/uploads\/2017\/01\/dgtsurvey3F-400x283.jpg 400w, https:\/\/www.dgtmuenchen.de\/wp-content\/uploads\/2017\/01\/dgtsurvey3F-600x424.jpg 600w, https:\/\/www.dgtmuenchen.de\/wp-content\/uploads\/2017\/01\/dgtsurvey3F-768x543.jpg 768w, https:\/\/www.dgtmuenchen.de\/wp-content\/uploads\/2017\/01\/dgtsurvey3F-800x566.jpg 800w, https:\/\/www.dgtmuenchen.de\/wp-content\/uploads\/2017\/01\/dgtsurvey3F-1024x724.jpg 1024w, https:\/\/www.dgtmuenchen.de\/wp-content\/uploads\/2017\/01\/dgtsurvey3F-1200x848.jpg 1200w\" sizes=\"(max-width: 1024px) 100vw, 1024px\" \/> <img decoding=\"async\" class=\"alignnone size-large wp-image-1632\" src=\"https:\/\/www.dgtmuenchen.de\/wp-content\/uploads\/2017\/01\/dgtsurvey4F-1024x725.jpg\" alt=\"\" width=\"1024\" height=\"725\" srcset=\"https:\/\/www.dgtmuenchen.de\/wp-content\/uploads\/2017\/01\/dgtsurvey4F-200x142.jpg 200w, https:\/\/www.dgtmuenchen.de\/wp-content\/uploads\/2017\/01\/dgtsurvey4F-300x212.jpg 300w, https:\/\/www.dgtmuenchen.de\/wp-content\/uploads\/2017\/01\/dgtsurvey4F-400x283.jpg 400w, https:\/\/www.dgtmuenchen.de\/wp-content\/uploads\/2017\/01\/dgtsurvey4F-600x425.jpg 600w, https:\/\/www.dgtmuenchen.de\/wp-content\/uploads\/2017\/01\/dgtsurvey4F-768x544.jpg 768w, https:\/\/www.dgtmuenchen.de\/wp-content\/uploads\/2017\/01\/dgtsurvey4F-800x566.jpg 800w, https:\/\/www.dgtmuenchen.de\/wp-content\/uploads\/2017\/01\/dgtsurvey4F-1024x725.jpg 1024w, https:\/\/www.dgtmuenchen.de\/wp-content\/uploads\/2017\/01\/dgtsurvey4F-1200x849.jpg 1200w\" sizes=\"(max-width: 1024px) 100vw, 1024px\" \/><\/p>\n<\/div><div class=\"fusion-clearfix\"><\/div><\/div><\/div><\/div><\/div><\/p>\n","protected":false},"excerpt":{"rendered":"","protected":false},"author":1,"featured_media":0,"parent":0,"menu_order":0,"comment_status":"closed","ping_status":"closed","template":"","meta":{"footnotes":""},"class_list":["post-353","page","type-page","status-publish","hentry"],"_links":{"self":[{"href":"https:\/\/www.dgtmuenchen.de\/fr\/wp-json\/wp\/v2\/pages\/353","targetHints":{"allow":["GET"]}}],"collection":[{"href":"https:\/\/www.dgtmuenchen.de\/fr\/wp-json\/wp\/v2\/pages"}],"about":[{"href":"https:\/\/www.dgtmuenchen.de\/fr\/wp-json\/wp\/v2\/types\/page"}],"author":[{"embeddable":true,"href":"https:\/\/www.dgtmuenchen.de\/fr\/wp-json\/wp\/v2\/users\/1"}],"replies":[{"embeddable":true,"href":"https:\/\/www.dgtmuenchen.de\/fr\/wp-json\/wp\/v2\/comments?post=353"}],"version-history":[{"count":26,"href":"https:\/\/www.dgtmuenchen.de\/fr\/wp-json\/wp\/v2\/pages\/353\/revisions"}],"predecessor-version":[{"id":3147,"href":"https:\/\/www.dgtmuenchen.de\/fr\/wp-json\/wp\/v2\/pages\/353\/revisions\/3147"}],"wp:attachment":[{"href":"https:\/\/www.dgtmuenchen.de\/fr\/wp-json\/wp\/v2\/media?parent=353"}],"curies":[{"name":"wp","href":"https:\/\/api.w.org\/{rel}","templated":true}]}}