{"id":358,"date":"2017-01-24T14:36:37","date_gmt":"2017-01-24T13:36:37","guid":{"rendered":"http:\/\/laurus-host.de\/20188\/sensoline\/"},"modified":"2024-02-16T11:42:05","modified_gmt":"2024-02-16T10:42:05","slug":"sensoline","status":"publish","type":"page","link":"https:\/\/www.dgtmuenchen.de\/fr\/produits-2\/sensoline\/","title":{"rendered":"SENSOLINE"},"content":{"rendered":"<div class=\"fusion-fullwidth fullwidth-box fusion-builder-row-1 nonhundred-percent-fullwidth non-hundred-percent-height-scrolling\" style=\"--awb-border-radius-top-left:0px;--awb-border-radius-top-right:0px;--awb-border-radius-bottom-right:0px;--awb-border-radius-bottom-left:0px;--awb-padding-top:20px;--awb-padding-bottom:20px;--awb-flex-wrap:wrap;\" ><div class=\"fusion-builder-row fusion-row\"><div class=\"fusion-layout-column fusion_builder_column fusion-builder-column-0 fusion_builder_column_1_1 1_1 fusion-one-full fusion-column-first fusion-column-last\" style=\"--awb-bg-size:cover;\"><div class=\"fusion-column-wrapper fusion-flex-column-wrapper-legacy\"><div class=\"fusion-title title fusion-title-1 fusion-title-text fusion-title-size-one\"><h1 class=\"fusion-title-heading title-heading-left\" style=\"margin:0;\">SENSOLINE O<sub>2<\/sub> &#8211; Handy II \u00ab\u00a0SMART\u00a0\u00bb<\/h1><span class=\"awb-title-spacer\"><\/span><div class=\"title-sep-container\"><div class=\"title-sep sep-single sep-solid\" style=\"border-color:#e0dede;\"><\/div><\/div><\/div><div class=\"fusion-text fusion-text-1\"><h2>Analyseur de remplissage \u00e0 gaz dans le doubles vitrages<\/h2>\n<\/div><div class=\"fusion-clearfix\"><\/div><\/div><\/div><div class=\"fusion-layout-column fusion_builder_column fusion-builder-column-1 fusion_builder_column_3_4 3_4 fusion-three-fourth fusion-column-first\" style=\"--awb-bg-size:cover;width:75%;width:calc(75% - ( ( 4% ) * 0.75 ) );margin-right: 4%;\"><div class=\"fusion-column-wrapper fusion-flex-column-wrapper-legacy\"><div class=\"fusion-text fusion-text-2\"><p>Mobile, \u00e9conomique instrument de pr\u00e9cision, facile pour d\u00e9terminer la concentration en gaz (Argon, Krypton) dans le double vitrage (conforme au EN 1279-6)<\/p>\n<\/div><ul style=\"--awb-size:15px;--awb-iconcolor:#6f8ba1;--awb-line-height:25.5px;--awb-icon-width:25.5px;--awb-icon-height:25.5px;--awb-icon-margin:10.5px;--awb-content-margin:36px;\" class=\"fusion-checklist fusion-checklist-1 fusion-checklist-default type-icons\"><li class=\"fusion-li-item\" style=\"\"><span class=\"icon-wrapper circle-no\"><i class=\"fusion-li-icon fa fa-check-square-o\" aria-hidden=\"true\"><\/i><\/span><div class=\"fusion-li-item-content\">Mobile et portable<\/div><\/li><li class=\"fusion-li-item\" style=\"\"><span class=\"icon-wrapper circle-no\"><i class=\"fusion-li-icon fa fa-check-square-o\" aria-hidden=\"true\"><\/i><\/span><div class=\"fusion-li-item-content\">Indication pr\u00e9cise de la concentration gaz<\/div><\/li><li class=\"fusion-li-item\" style=\"\"><span class=\"icon-wrapper circle-no\"><i class=\"fusion-li-icon fa fa-check-square-o\" aria-hidden=\"true\"><\/i><\/span><div class=\"fusion-li-item-content\">\n<p>Mise en route facile, op\u00e9ration rapide, sur pile (&lt;10s)<\/p>\n<\/div><\/li><li class=\"fusion-li-item\" style=\"\"><span class=\"icon-wrapper circle-no\"><i class=\"fusion-li-icon fa fa-check-square-o\" aria-hidden=\"true\"><\/i><\/span><div class=\"fusion-li-item-content\">\n<p>Simple bouton pour calibrer (&lt;20s)<\/p>\n<\/div><\/li><li class=\"fusion-li-item\" style=\"\"><span class=\"icon-wrapper circle-no\"><i class=\"fusion-li-icon fa fa-check-square-o\" aria-hidden=\"true\"><\/i><\/span><div class=\"fusion-li-item-content\">\n<p>Pas compliqu\u00e9, pas de partie cassante<\/p>\n<\/div><\/li><li class=\"fusion-li-item\" style=\"\"><span class=\"icon-wrapper circle-no\"><i class=\"fusion-li-icon fa fa-check-square-o\" aria-hidden=\"true\"><\/i><\/span><div class=\"fusion-li-item-content\">Capteur pr\u00e9cis \u00e9lectrochimique robuste<\/div><\/li><li class=\"fusion-li-item\" style=\"\"><span class=\"icon-wrapper circle-no\"><i class=\"fusion-li-icon fa fa-check-square-o\" aria-hidden=\"true\"><\/i><\/span><div class=\"fusion-li-item-content\">Pompe int\u00e9gr\u00e9e, technique d\u2019\u00e9chantillonge facile sans les d\u00e9faults li\u00e9s \u00e0 la seringue<\/div><\/li><\/ul><div class=\"fusion-sep-clear\"><\/div><div class=\"fusion-separator fusion-full-width-sep\" style=\"margin-left: auto;margin-right: auto;margin-bottom:30px;width:100%;\"><\/div><div class=\"fusion-sep-clear\"><\/div><div class=\"fusion-text fusion-text-3\"><p><strong>Fonction et Design<\/strong><\/p>\n<\/div><ul style=\"--awb-size:15px;--awb-iconcolor:#6f8ba1;--awb-line-height:25.5px;--awb-icon-width:25.5px;--awb-icon-height:25.5px;--awb-icon-margin:10.5px;--awb-content-margin:36px;\" class=\"fusion-checklist fusion-checklist-2 fusion-checklist-default type-icons\"><li class=\"fusion-li-item\" style=\"\"><span class=\"icon-wrapper circle-no\"><i class=\"fusion-li-icon fa fa-check-square-o\" aria-hidden=\"true\"><\/i><\/span><div class=\"fusion-li-item-content\">Compact et portable, pas d\u2019op\u00e9ration compliqu\u00e9, pi\u00e8ces m\u00e9caniques<\/div><\/li><li class=\"fusion-li-item\" style=\"\"><span class=\"icon-wrapper circle-no\"><i class=\"fusion-li-icon fa fa-check-square-o\" aria-hidden=\"true\"><\/i><\/span><div class=\"fusion-li-item-content\">Technique s\u00fbre et facile pour d\u00e9terminer la qualit\u00e9 de remplissage du double vitrage<\/div><\/li><li class=\"fusion-li-item\" style=\"\"><span class=\"icon-wrapper circle-no\"><i class=\"fusion-li-icon fa fa-check-square-o\" aria-hidden=\"true\"><\/i><\/span><div class=\"fusion-li-item-content\">\u00c9lectrochimique mesure avec un capteur de gaz<\/div><\/li><li class=\"fusion-li-item\" style=\"\"><span class=\"icon-wrapper circle-no\"><i class=\"fusion-li-icon fa fa-check-square-o\" aria-hidden=\"true\"><\/i><\/span><div class=\"fusion-li-item-content\">Utilisation et lisibilt\u00e9 facile, test interne automatique, une simple pression pour la calibration<\/div><\/li><li class=\"fusion-li-item\" style=\"\"><span class=\"icon-wrapper circle-no\"><i class=\"fusion-li-icon fa fa-check-square-o\" aria-hidden=\"true\"><\/i><\/span><div class=\"fusion-li-item-content\">Pompe int\u00e9gr\u00e9e, pour \u00e9liminer les probl\u00e8mes li\u00e9s aux seringues, \u00e9chantillonage facile \u00e0 faire<\/div><\/li><\/ul><div class=\"fusion-clearfix\"><\/div><\/div><\/div><div class=\"fusion-layout-column fusion_builder_column fusion-builder-column-2 fusion_builder_column_1_4 1_4 fusion-one-fourth fusion-column-last\" style=\"--awb-bg-size:cover;width:25%;width:calc(25% - ( ( 4% ) * 0.25 ) );\"><div class=\"fusion-column-wrapper fusion-flex-column-wrapper-legacy\"><div class=\"fusion-image-element fusion-image-align-right in-legacy-container\" style=\"text-align:right;--awb-caption-title-font-family:var(--h2_typography-font-family);--awb-caption-title-font-weight:var(--h2_typography-font-weight);--awb-caption-title-font-style:var(--h2_typography-font-style);--awb-caption-title-size:var(--h2_typography-font-size);--awb-caption-title-transform:var(--h2_typography-text-transform);--awb-caption-title-line-height:var(--h2_typography-line-height);--awb-caption-title-letter-spacing:var(--h2_typography-letter-spacing);\"><span class=\" fusion-imageframe imageframe-none imageframe-1 hover-type-zoomin\" style=\"margin-left:25px;float:right;\"><img decoding=\"async\" width=\"240\" height=\"189\" title=\"sensoline\" src=\"https:\/\/www.dgtmuenchen.de\/wp-content\/uploads\/2017\/01\/sensoline.gif\" alt class=\"img-responsive wp-image-1892\"\/><\/span><\/div><div class=\"fusion-clearfix\"><\/div><\/div><\/div><div class=\"fusion-layout-column fusion_builder_column fusion-builder-column-3 fusion_builder_column_1_1 1_1 fusion-one-full fusion-column-first fusion-column-last fusion-no-small-visibility\" style=\"--awb-bg-size:cover;\"><div class=\"fusion-column-wrapper fusion-flex-column-wrapper-legacy\"><div class=\"fusion-sep-clear\"><\/div><div class=\"fusion-separator fusion-full-width-sep\" style=\"margin-left: auto;margin-right: auto;margin-bottom:15px;width:100%;\"><\/div><div class=\"fusion-sep-clear\"><\/div>\n<div class=\"table-1\">\n<table width=\"100%\">\n<thead>\n<tr>\n<th align=\"left\"><strong>Caract\u00e9ristique technique<\/strong><\/th>\n<th align=\"left\"><strong>SENSOLINE<\/strong><\/th>\n<\/tr>\n<\/thead>\n<tbody>\n<tr>\n<td align=\"left\">Resolution<\/td>\n<td align=\"left\">0,1% O<sub>2<\/sub><\/td>\n<\/tr>\n<tr>\n<td align=\"left\">Reproductibilit\u00e9<\/td>\n<td align=\"left\">mieux que + \/ &#8211; 0,1% (O<sub>2<\/sub>)<\/td>\n<\/tr>\n<tr>\n<td align=\"left\">Pompe<\/td>\n<td align=\"left\">int\u00e9gr\u00e9 dans le syst\u00e8me de mesure<\/td>\n<\/tr>\n<tr>\n<td align=\"left\">Hauteur x largeur x profondeur, poids<\/td>\n<td align=\"left\">79 mm x 159 mm x 72 mm, &lt; 0,5 kg<\/td>\n<\/tr>\n<tr>\n<td align=\"left\">Alimentation<\/td>\n<td align=\"left\">pile standard 1,5V<\/td>\n<\/tr>\n<tr>\n<td align=\"left\">Options sp\u00e9cifiques du client<\/td>\n<td align=\"left\">sur demande<\/td>\n<\/tr>\n<tr>\n<td align=\"left\">Certifikat (c.au EN1279)<\/td>\n<td align=\"left\">KIWA-ZEMLABOR Magdeburg\/D<\/td>\n<\/tr>\n<\/tbody>\n<\/table>\n<p><small>Possibilit\u00e9 de modification technique r\u00e9serv\u00e9.<\/small><\/p>\n<\/div>\n<div class=\"fusion-clearfix\"><\/div><\/div><\/div><div class=\"fusion-layout-column fusion_builder_column fusion-builder-column-4 fusion_builder_column_1_1 1_1 fusion-one-full fusion-column-first fusion-column-last fusion-no-medium-visibility fusion-no-large-visibility\" style=\"--awb-bg-size:cover;\"><div class=\"fusion-column-wrapper fusion-flex-column-wrapper-legacy\"><div class=\"fusion-sep-clear\"><\/div><div class=\"fusion-separator fusion-full-width-sep\" style=\"margin-left: auto;margin-right: auto;margin-bottom:15px;width:100%;\"><\/div><div class=\"fusion-sep-clear\"><\/div>\n<div class=\"table-1\">\n<table width=\"100%\">\n<thead>\n<tr>\n<th align=\"left\"><strong>Caract\u00e9ristique technique &#8211;<br \/>\nSENSOLINE<\/strong><\/th>\n<\/tr>\n<\/thead>\n<tbody>\n<tr>\n<td align=\"left\"><strong>Resolution<\/strong><br \/>\n0,1% O<sub>2<\/sub><\/td>\n<\/tr>\n<tr>\n<td align=\"left\"><strong>Reproductibilit\u00e9<\/strong><br \/>\nmieux que + \/ &#8211; 0,1% (O<sub>2<\/sub>)<\/td>\n<\/tr>\n<tr>\n<td align=\"left\"><strong>Pompe<\/strong><br \/>\nint\u00e9gr\u00e9 dans le syst\u00e8me de mesure<\/td>\n<\/tr>\n<tr>\n<td align=\"left\"><strong>Hauteur x largeur x profondeur,<br \/>\npoids<\/strong><br \/>\n75mm x 135mm x 63mm, &lt;0,5kg<\/td>\n<\/tr>\n<tr>\n<td align=\"left\"><strong>Alimentation<\/strong><br \/>\npile standard 1,5V<\/td>\n<\/tr>\n<tr>\n<td align=\"left\"><strong>Options sp\u00e9cifiques du client<\/strong><br \/>\nsur demande<\/td>\n<\/tr>\n<tr>\n<td align=\"left\"><strong>Certifikat (c.au EN1279)<\/strong><br \/>\nKIWA-ZEMLABOR Magdeburg\/D<\/td>\n<\/tr>\n<\/tbody>\n<\/table>\n<p><small>Possibilit\u00e9 de modification technique r\u00e9serv\u00e9.<\/small><\/p>\n<\/div>\n<div class=\"fusion-clearfix\"><\/div><\/div><\/div><div class=\"fusion-layout-column fusion_builder_column fusion-builder-column-5 fusion_builder_column_1_1 1_1 fusion-one-full fusion-column-first fusion-column-last\" style=\"--awb-bg-size:cover;\"><div class=\"fusion-column-wrapper fusion-flex-column-wrapper-legacy\"><div class=\"fusion-text fusion-text-4\"><p><strong>Utilisation typique<\/strong><\/p>\n<\/div><ul style=\"--awb-size:15px;--awb-iconcolor:#6f8ba1;--awb-line-height:25.5px;--awb-icon-width:25.5px;--awb-icon-height:25.5px;--awb-icon-margin:10.5px;--awb-content-margin:36px;\" class=\"fusion-checklist fusion-checklist-3 fusion-checklist-default type-icons\"><li class=\"fusion-li-item\" style=\"\"><span class=\"icon-wrapper circle-no\"><i class=\"fusion-li-icon fa fa-check-square-o\" aria-hidden=\"true\"><\/i><\/span><div class=\"fusion-li-item-content\">D\u00e9termination de la concentration de gaz dans un double vitrage<\/div><\/li><li class=\"fusion-li-item\" style=\"\"><span class=\"icon-wrapper circle-no\"><i class=\"fusion-li-icon fa fa-check-square-o\" aria-hidden=\"true\"><\/i><\/span><div class=\"fusion-li-item-content\">\n<p>Equipement standard pour la qualit\u00e9 des fabricants de double vitrage<\/p>\n<\/div><\/li><\/ul><div class=\"fusion-text fusion-text-5\"><p><img decoding=\"async\" class=\"alignright size-full wp-image-880\" style=\"box-shadow: 0 0 5px rgba(0,0,0,0.5);\" src=\"https:\/\/www.dgtmuenchen.de\/wp-content\/uploads\/2017\/01\/banner_klein.jpg\" alt=\"\" width=\"100\" height=\"100\" srcset=\"https:\/\/www.dgtmuenchen.de\/wp-content\/uploads\/2017\/01\/banner_klein-66x66.jpg 66w, https:\/\/www.dgtmuenchen.de\/wp-content\/uploads\/2017\/01\/banner_klein.jpg 100w\" sizes=\"(max-width: 100px) 100vw, 100px\" \/><\/p>\n<\/div><div class=\"fusion-clearfix\"><\/div><\/div><\/div><div class=\"fusion-layout-column fusion_builder_column fusion-builder-column-6 fusion_builder_column_1_1 1_1 fusion-one-full fusion-column-first fusion-column-last\" style=\"--awb-bg-size:cover;\"><div class=\"fusion-column-wrapper fusion-flex-column-wrapper-legacy\"><div class=\"fusion-text fusion-text-6\"><p><video controls=\"controls\" width=\"600\" height=\"450\"><source src=\"https:\/\/www.dgtmuenchen.de\/videos\/sensomusik.mp4\" type=\"video\/mp4\" \/>Your browser does not support the video tag.<\/video><\/p>\n<p>SENSOLINE Handy<\/p>\n<\/div><div class=\"fusion-clearfix\"><\/div><\/div><\/div><\/div><\/div>\n","protected":false},"excerpt":{"rendered":"","protected":false},"author":1,"featured_media":0,"parent":356,"menu_order":0,"comment_status":"closed","ping_status":"closed","template":"","meta":{"footnotes":""},"class_list":["post-358","page","type-page","status-publish","hentry"],"_links":{"self":[{"href":"https:\/\/www.dgtmuenchen.de\/fr\/wp-json\/wp\/v2\/pages\/358","targetHints":{"allow":["GET"]}}],"collection":[{"href":"https:\/\/www.dgtmuenchen.de\/fr\/wp-json\/wp\/v2\/pages"}],"about":[{"href":"https:\/\/www.dgtmuenchen.de\/fr\/wp-json\/wp\/v2\/types\/page"}],"author":[{"embeddable":true,"href":"https:\/\/www.dgtmuenchen.de\/fr\/wp-json\/wp\/v2\/users\/1"}],"replies":[{"embeddable":true,"href":"https:\/\/www.dgtmuenchen.de\/fr\/wp-json\/wp\/v2\/comments?post=358"}],"version-history":[{"count":12,"href":"https:\/\/www.dgtmuenchen.de\/fr\/wp-json\/wp\/v2\/pages\/358\/revisions"}],"predecessor-version":[{"id":2921,"href":"https:\/\/www.dgtmuenchen.de\/fr\/wp-json\/wp\/v2\/pages\/358\/revisions\/2921"}],"up":[{"embeddable":true,"href":"https:\/\/www.dgtmuenchen.de\/fr\/wp-json\/wp\/v2\/pages\/356"}],"wp:attachment":[{"href":"https:\/\/www.dgtmuenchen.de\/fr\/wp-json\/wp\/v2\/media?parent=358"}],"curies":[{"name":"wp","href":"https:\/\/api.w.org\/{rel}","templated":true}]}}