{"id":359,"date":"2017-01-24T14:36:40","date_gmt":"2017-01-24T13:36:40","guid":{"rendered":"http:\/\/laurus-host.de\/20188\/speedline\/"},"modified":"2020-04-28T11:45:36","modified_gmt":"2020-04-28T09:45:36","slug":"speed-star","status":"publish","type":"page","link":"https:\/\/www.dgtmuenchen.de\/fr\/produits-2\/speed-star\/","title":{"rendered":"SPEED-STAR"},"content":{"rendered":"<div class=\"fusion-fullwidth fullwidth-box fusion-builder-row-1 nonhundred-percent-fullwidth non-hundred-percent-height-scrolling\" style=\"--awb-border-radius-top-left:0px;--awb-border-radius-top-right:0px;--awb-border-radius-bottom-right:0px;--awb-border-radius-bottom-left:0px;--awb-padding-top:20px;--awb-padding-bottom:20px;--awb-flex-wrap:wrap;\" ><div class=\"fusion-builder-row fusion-row\"><div class=\"fusion-layout-column fusion_builder_column fusion-builder-column-0 fusion_builder_column_1_1 1_1 fusion-one-full fusion-column-first fusion-column-last\" style=\"--awb-bg-size:cover;\"><div class=\"fusion-column-wrapper fusion-flex-column-wrapper-legacy\"><div class=\"fusion-title title fusion-title-1 fusion-title-text fusion-title-size-one\"><h1 class=\"fusion-title-heading title-heading-left\" style=\"margin:0;\">SPEED-STAR 70 \/ 100 \/ 150 \u2013 I \/ II<\/h1><span class=\"awb-title-spacer\"><\/span><div class=\"title-sep-container\"><div class=\"title-sep sep-single sep-solid\" style=\"border-color:#e0dede;\"><\/div><\/div><\/div><div class=\"fusion-clearfix\"><\/div><\/div><\/div><div class=\"fusion-layout-column fusion_builder_column fusion-builder-column-1 fusion_builder_column_3_4 3_4 fusion-three-fourth fusion-column-first\" style=\"--awb-bg-size:cover;width:75%;width:calc(75% - ( ( 4% ) * 0.75 ) );margin-right: 4%;\"><div class=\"fusion-column-wrapper fusion-flex-column-wrapper-legacy\"><div class=\"fusion-text fusion-text-1\"><p>Station de remplissage \u00e0 gaz \u00e0 performance hors du commun pour vitrages isolants, avec syst\u00e8me de r\u00e9glage sensorielle de pression et de gaz, \u00e0 perte de gaz minimale, pour service en dehors ou en ligne (usuelle 1200, jusqu\u2018\u00e0 1800 unit\u00e9s avec 2 canaux pendant 8 heures, d\u00e9pendant des dimensions des vitres) pour toutes les gaz seules (Argon, SF6, Krypton, X\u00e9non) et les m\u00e9langes des gaz qui sont livr\u00e9.<\/p>\n<\/div><ul style=\"--awb-size:15px;--awb-iconcolor:#6f8ba1;--awb-line-height:25.5px;--awb-icon-width:25.5px;--awb-icon-height:25.5px;--awb-icon-margin:10.5px;--awb-content-margin:36px;\" class=\"fusion-checklist fusion-checklist-1 fusion-checklist-default type-icons\"><li class=\"fusion-li-item\" style=\"\"><span class=\"icon-wrapper circle-no\"><i class=\"fusion-li-icon fa fa-check-square-o\" aria-hidden=\"true\"><\/i><\/span><div class=\"fusion-li-item-content\">\n<p>utilisation tr\u00e8s simple, sans calibrer de l&rsquo;ext\u00e9rieur<\/p>\n<\/div><\/li><li class=\"fusion-li-item\" style=\"\"><span class=\"icon-wrapper circle-no\"><i class=\"fusion-li-icon fa fa-check-square-o\" aria-hidden=\"true\"><\/i><\/span><div class=\"fusion-li-item-content\">remplissage des vitrages \u00e0 vitesse maximale, gr\u00e2ce \u00e0 une aspiration de gaz r\u00e9gl\u00e9<\/div><\/li><li class=\"fusion-li-item\" style=\"\"><span class=\"icon-wrapper circle-no\"><i class=\"fusion-li-icon fa fa-check-square-o\" aria-hidden=\"true\"><\/i><\/span><div class=\"fusion-li-item-content\">technique robuste qui \u00e0 fait ses preuves en plus de 1900 installations dans le monde entier<\/div><\/li><li class=\"fusion-li-item\" style=\"\"><span class=\"icon-wrapper circle-no\"><i class=\"fusion-li-icon fa fa-check-square-o\" aria-hidden=\"true\"><\/i><\/span><div class=\"fusion-li-item-content\"><strong style=\"color: #ff3300;\">avec le capacit\u00e9 de remplissage total les plus hauts dans le monde entier de jusqu&rsquo;\u00e0 300 l\/min (Ar)<\/strong><\/div><\/li><li class=\"fusion-li-item\" style=\"\"><span class=\"icon-wrapper circle-no\"><i class=\"fusion-li-icon fa fa-check-square-o\" aria-hidden=\"true\"><\/i><\/span><div class=\"fusion-li-item-content\"><strong style=\"color: #ff3300;\">pour des temps de cycle moins de 30 secondes<\/strong><\/div><\/li><\/ul><div class=\"fusion-sep-clear\"><\/div><div class=\"fusion-separator fusion-full-width-sep\" style=\"margin-left: auto;margin-right: auto;margin-bottom:30px;width:100%;\"><\/div><div class=\"fusion-sep-clear\"><\/div><div class=\"fusion-text fusion-text-2\"><p><strong>Fonction et Design<\/strong><\/p>\n<\/div><ul style=\"--awb-size:15px;--awb-iconcolor:#6f8ba1;--awb-line-height:25.5px;--awb-icon-width:25.5px;--awb-icon-height:25.5px;--awb-icon-margin:10.5px;--awb-content-margin:36px;\" class=\"fusion-checklist fusion-checklist-2 fusion-checklist-default type-icons\"><li class=\"fusion-li-item\" style=\"\"><span class=\"icon-wrapper circle-no\"><i class=\"fusion-li-icon fa fa-check-square-o\" aria-hidden=\"true\"><\/i><\/span><div class=\"fusion-li-item-content\">Design modulaire de forme compacte (technique 19&Prime;), sur chariot avec girafe pour tuyaux<\/div><\/li><li class=\"fusion-li-item\" style=\"\"><span class=\"icon-wrapper circle-no\"><i class=\"fusion-li-icon fa fa-check-square-o\" aria-hidden=\"true\"><\/i><\/span><div class=\"fusion-li-item-content\">\n<p>Installation, utilisation, etalonnage et technique de remplissage tout simple<\/p>\n<\/div><\/li><li class=\"fusion-li-item\" style=\"\"><span class=\"icon-wrapper circle-no\"><i class=\"fusion-li-icon fa fa-check-square-o\" aria-hidden=\"true\"><\/i><\/span><div class=\"fusion-li-item-content\">\n<p>Contr\u00f4le automatique pour le processus de remplissage au moyen d\u2019un capteur de gaz \u00e9lectronique<\/p>\n<\/div><\/li><li class=\"fusion-li-item\" style=\"\"><span class=\"icon-wrapper circle-no\"><i class=\"fusion-li-icon fa fa-check-square-o\" aria-hidden=\"true\"><\/i><\/span><div class=\"fusion-li-item-content\">\n<p lang=\"fr-FR\">Etalonnage et surveille interne des capteurs de gaz tr\u00e8s pr\u00e9cis et automatique<\/p>\n<\/div><\/li><li class=\"fusion-li-item\" style=\"\"><span class=\"icon-wrapper circle-no\"><i class=\"fusion-li-icon fa fa-check-square-o\" aria-hidden=\"true\"><\/i><\/span><div class=\"fusion-li-item-content\">\n<p lang=\"fr-FR\">Contr\u00f4le de pression en ligne pour aspiration de gaz r\u00e9gl\u00e9 pr\u00e9cise et simultan\u00e9ment<\/p>\n<\/div><\/li><li class=\"fusion-li-item\" style=\"\"><span class=\"icon-wrapper circle-no\"><i class=\"fusion-li-icon fa fa-check-square-o\" aria-hidden=\"true\"><\/i><\/span><div class=\"fusion-li-item-content\">\n<p lang=\"fr-FR\">Fiabilit\u00e9 longtemps avec travaux de maintenance minimal<\/p>\n<\/div><\/li><li class=\"fusion-li-item\" style=\"\"><span class=\"icon-wrapper circle-no\"><i class=\"fusion-li-icon fa fa-check-square-o\" aria-hidden=\"true\"><\/i><\/span><div class=\"fusion-li-item-content\">\n<p lang=\"fr-FR\">En cas d\u2019urgence, exp\u00e9dition par express des appareils \u00e0 \u00e9change (toujours en stock)<\/p>\n<\/div><\/li><\/ul><div class=\"fusion-clearfix\"><\/div><\/div><\/div><div class=\"fusion-layout-column fusion_builder_column fusion-builder-column-2 fusion_builder_column_1_4 1_4 fusion-one-fourth fusion-column-last\" style=\"--awb-bg-size:cover;width:25%;width:calc(25% - ( ( 4% ) * 0.25 ) );\"><div class=\"fusion-column-wrapper fusion-flex-column-wrapper-legacy\"><div class=\"fusion-image-element fusion-image-align-right in-legacy-container\" style=\"text-align:right;--awb-caption-title-font-family:var(--h2_typography-font-family);--awb-caption-title-font-weight:var(--h2_typography-font-weight);--awb-caption-title-font-style:var(--h2_typography-font-style);--awb-caption-title-size:var(--h2_typography-font-size);--awb-caption-title-transform:var(--h2_typography-text-transform);--awb-caption-title-line-height:var(--h2_typography-line-height);--awb-caption-title-letter-spacing:var(--h2_typography-letter-spacing);\"><span class=\" fusion-imageframe imageframe-none imageframe-1 hover-type-zoomin\" style=\"margin-left:25px;float:right;\"><img decoding=\"async\" width=\"827\" height=\"1003\" title=\"speed100\" src=\"https:\/\/www.dgtmuenchen.de\/wp-content\/uploads\/2017\/01\/speed100.jpg\" alt class=\"img-responsive wp-image-2318\" srcset=\"https:\/\/www.dgtmuenchen.de\/wp-content\/uploads\/2017\/01\/speed100-200x243.jpg 200w, https:\/\/www.dgtmuenchen.de\/wp-content\/uploads\/2017\/01\/speed100-400x485.jpg 400w, https:\/\/www.dgtmuenchen.de\/wp-content\/uploads\/2017\/01\/speed100-600x728.jpg 600w, https:\/\/www.dgtmuenchen.de\/wp-content\/uploads\/2017\/01\/speed100-800x970.jpg 800w, https:\/\/www.dgtmuenchen.de\/wp-content\/uploads\/2017\/01\/speed100.jpg 827w\" sizes=\"(max-width: 800px) 100vw, 400px\" \/><\/span><\/div><div class=\"fusion-clearfix\"><\/div><\/div><\/div><div class=\"fusion-layout-column fusion_builder_column fusion-builder-column-3 fusion_builder_column_1_1 1_1 fusion-one-full fusion-column-first fusion-column-last fusion-no-small-visibility\" style=\"--awb-bg-size:cover;\"><div class=\"fusion-column-wrapper fusion-flex-column-wrapper-legacy\"><div class=\"fusion-sep-clear\"><\/div><div class=\"fusion-separator fusion-full-width-sep\" style=\"margin-left: auto;margin-right: auto;margin-bottom:15px;width:100%;\"><\/div><div class=\"fusion-sep-clear\"><\/div>\n<div class=\"table-1\">\n<table width=\"100%\">\n<thead>\n<tr>\n<th align=\"left\"><strong>Caract\u00e9ristique technique<\/strong><\/th>\n<th align=\"left\"><strong>SPEED-STAR xxx -I\/II (XXX = 70, 100 oder 150)<\/strong><\/th>\n<\/tr>\n<\/thead>\n<tbody>\n<tr>\n<td align=\"left\">Nombre des canaux de gaz ind\u00e9pendant<\/td>\n<td align=\"left\">1 ou 2, sur demande<\/td>\n<\/tr>\n<tr>\n<td align=\"left\">Vitesse de remplissage<\/td>\n<td align=\"left\">70, 100 ou 150 L \/ min. (Ar)<\/td>\n<\/tr>\n<tr>\n<td align=\"left\">Capacit\u00e9 de remplissage<\/td>\n<td align=\"left\">140, 200 ou 300 L \/ min. (Ar)<\/td>\n<\/tr>\n<tr>\n<td align=\"left\">Hauteur x largeur x profondeur, poids<\/td>\n<td align=\"left\">1060mm x 610mmx 600mm, 90kg<\/td>\n<\/tr>\n<tr>\n<td align=\"left\">Alimentation \u00e9lectrique<\/td>\n<td align=\"left\">230V \u00b1 10%, 50Hz<\/td>\n<\/tr>\n<tr>\n<td align=\"left\">Puissance consomm\u00e9e \/ Stand-by<\/td>\n<td align=\"left\">max. 2500VA \/ 500 VA<\/td>\n<\/tr>\n<tr>\n<td align=\"left\">Autres sp\u00e9cifications<\/td>\n<td align=\"left\">sur demande<\/td>\n<\/tr>\n<\/tbody>\n<\/table>\n<p><small>Possibilit\u00e9 de modification technique r\u00e9serv\u00e9e.<\/small><\/p>\n<\/div>\n<div class=\"fusion-clearfix\"><\/div><\/div><\/div><div class=\"fusion-layout-column fusion_builder_column fusion-builder-column-4 fusion_builder_column_1_1 1_1 fusion-one-full fusion-column-first fusion-column-last fusion-no-medium-visibility fusion-no-large-visibility\" style=\"--awb-bg-size:cover;\"><div class=\"fusion-column-wrapper fusion-flex-column-wrapper-legacy\"><div class=\"fusion-sep-clear\"><\/div><div class=\"fusion-separator fusion-full-width-sep\" style=\"margin-left: auto;margin-right: auto;margin-bottom:15px;width:100%;\"><\/div><div class=\"fusion-sep-clear\"><\/div>\n<div class=\"table-1\">\n<table width=\"100%\">\n<thead>\n<tr>\n<th style=\"text-align: center; font-size: 16px;\" align=\"left\"><strong>Caract\u00e9ristique technique &#8211;<br \/>\nSPEED-STAR<\/strong><\/th>\n<\/tr>\n<\/thead>\n<tbody>\n<tr>\n<td style=\"text-align: center;\" align=\"left\"><strong>Nombre des canaux de<br \/>\ngaz ind\u00e9pendant<br \/>\n<\/strong>1 ou 2, sur demande<strong><br \/>\n<\/strong><\/td>\n<\/tr>\n<tr>\n<td style=\"text-align: center;\" align=\"left\"><strong>Vitesse de remplissage<br \/>\n<\/strong>70, 100 ou 150 L \/ min. (Ar)<strong><br \/>\n<\/strong><\/td>\n<\/tr>\n<tr>\n<td style=\"text-align: center;\" align=\"left\"><strong>Capacit\u00e9 de remplissage<br \/>\n<\/strong>140, 200 ou 300 L \/ min. (Ar)<strong><br \/>\n<\/strong><\/td>\n<\/tr>\n<tr>\n<td style=\"text-align: center;\" align=\"left\"><strong>Hauteur x largeur x profondeur,<br \/>\npoids<br \/>\n<\/strong>1060mm x 610mmx 600mm, 90kg<strong><br \/>\n<\/strong><\/td>\n<\/tr>\n<tr>\n<td style=\"text-align: center;\" align=\"left\"><strong>Alimentation \u00e9lectrique<br \/>\n<\/strong>230V \u00b1 10%, 50Hz<strong><br \/>\n<\/strong><\/td>\n<\/tr>\n<tr>\n<td style=\"text-align: center;\" align=\"left\"><strong>Puissance consomm\u00e9e \/ Stand-by<br \/>\n<\/strong>max. 2500VA \/ 500 VA<strong><br \/>\n<\/strong><\/td>\n<\/tr>\n<tr>\n<td style=\"text-align: center;\" align=\"left\"><strong>Autres sp\u00e9cifications<br \/>\n<\/strong>sur demande<strong><br \/>\n<\/strong><\/td>\n<\/tr>\n<\/tbody>\n<\/table>\n<p><small>Possibilit\u00e9 de modification technique r\u00e9serv\u00e9e.<\/small><\/p>\n<\/div>\n<div class=\"fusion-clearfix\"><\/div><\/div><\/div><div class=\"fusion-layout-column fusion_builder_column fusion-builder-column-5 fusion_builder_column_1_1 1_1 fusion-one-full fusion-column-first fusion-column-last\" style=\"--awb-bg-size:cover;\"><div class=\"fusion-column-wrapper fusion-flex-column-wrapper-legacy\"><div class=\"fusion-text fusion-text-3\"><p><strong>Utilisation typique <\/strong><\/p>\n<\/div><ul style=\"--awb-size:15px;--awb-iconcolor:#6f8ba1;--awb-line-height:25.5px;--awb-icon-width:25.5px;--awb-icon-height:25.5px;--awb-icon-margin:10.5px;--awb-content-margin:36px;\" class=\"fusion-checklist fusion-checklist-3 fusion-checklist-default type-icons\"><li class=\"fusion-li-item\" style=\"\"><span class=\"icon-wrapper circle-no\"><i class=\"fusion-li-icon fa fa-check-square-o\" aria-hidden=\"true\"><\/i><\/span><div class=\"fusion-li-item-content\">Flexibilit\u00e9 maximale pour remplissage des vitres mod\u00e8le en ligne<\/div><\/li><li class=\"fusion-li-item\" style=\"\"><span class=\"icon-wrapper circle-no\"><i class=\"fusion-li-icon fa fa-check-square-o\" aria-hidden=\"true\"><\/i><\/span><div class=\"fusion-li-item-content\">Remplissage de gaz fiable, \u00e0 grande vitesse pour cycles \u00e0 mois que 30 sec<\/div><\/li><li class=\"fusion-li-item\" style=\"\"><span class=\"icon-wrapper circle-no\"><i class=\"fusion-li-icon fa fa-check-square-o\" aria-hidden=\"true\"><\/i><\/span><div class=\"fusion-li-item-content\">\n<p>Solution alternative et avantageuse \u00e0 une presse \u00e0 gaz<\/p>\n<\/div><\/li><\/ul><div class=\"fusion-text fusion-text-4\"><p><img decoding=\"async\" class=\"alignright size-full wp-image-880\" style=\"box-shadow: 0 0 5px rgba(0,0,0,0.5);\" src=\"https:\/\/www.dgtmuenchen.de\/wp-content\/uploads\/2017\/01\/banner_klein.jpg\" alt=\"\" width=\"100\" height=\"100\" srcset=\"https:\/\/www.dgtmuenchen.de\/wp-content\/uploads\/2017\/01\/banner_klein-66x66.jpg 66w, https:\/\/www.dgtmuenchen.de\/wp-content\/uploads\/2017\/01\/banner_klein.jpg 100w\" sizes=\"(max-width: 100px) 100vw, 100px\" \/><\/p>\n<\/div><div style=\"text-align:left;\"><video controls=\"controls\" width=\"600\" height=\"450\">\n<source src=\"https:\/\/www.dgtmuenchen.de\/videos\/SPEEDLINE.mp4\" type=\"video\/mp4\" \/>\nYour browser does not support the video tag.\n<\/video><\/div><div class=\"fusion-clearfix\"><\/div><\/div><\/div><\/div><\/div>\n","protected":false},"excerpt":{"rendered":"","protected":false},"author":1,"featured_media":0,"parent":356,"menu_order":0,"comment_status":"closed","ping_status":"closed","template":"","meta":{"footnotes":""},"class_list":["post-359","page","type-page","status-publish","hentry"],"_links":{"self":[{"href":"https:\/\/www.dgtmuenchen.de\/fr\/wp-json\/wp\/v2\/pages\/359","targetHints":{"allow":["GET"]}}],"collection":[{"href":"https:\/\/www.dgtmuenchen.de\/fr\/wp-json\/wp\/v2\/pages"}],"about":[{"href":"https:\/\/www.dgtmuenchen.de\/fr\/wp-json\/wp\/v2\/types\/page"}],"author":[{"embeddable":true,"href":"https:\/\/www.dgtmuenchen.de\/fr\/wp-json\/wp\/v2\/users\/1"}],"replies":[{"embeddable":true,"href":"https:\/\/www.dgtmuenchen.de\/fr\/wp-json\/wp\/v2\/comments?post=359"}],"version-history":[{"count":14,"href":"https:\/\/www.dgtmuenchen.de\/fr\/wp-json\/wp\/v2\/pages\/359\/revisions"}],"predecessor-version":[{"id":1376,"href":"https:\/\/www.dgtmuenchen.de\/fr\/wp-json\/wp\/v2\/pages\/359\/revisions\/1376"}],"up":[{"embeddable":true,"href":"https:\/\/www.dgtmuenchen.de\/fr\/wp-json\/wp\/v2\/pages\/356"}],"wp:attachment":[{"href":"https:\/\/www.dgtmuenchen.de\/fr\/wp-json\/wp\/v2\/media?parent=359"}],"curies":[{"name":"wp","href":"https:\/\/api.w.org\/{rel}","templated":true}]}}