{"id":361,"date":"2017-01-24T14:34:56","date_gmt":"2017-01-24T13:34:56","guid":{"rendered":"http:\/\/laurus-host.de\/20188\/ecoline\/"},"modified":"2020-04-28T11:55:03","modified_gmt":"2020-04-28T09:55:03","slug":"piko-star","status":"publish","type":"page","link":"https:\/\/www.dgtmuenchen.de\/fr\/produits-2\/piko-star\/","title":{"rendered":"PIKO-STAR"},"content":{"rendered":"<div class=\"fusion-fullwidth fullwidth-box fusion-builder-row-1 nonhundred-percent-fullwidth non-hundred-percent-height-scrolling\" style=\"--awb-border-radius-top-left:0px;--awb-border-radius-top-right:0px;--awb-border-radius-bottom-right:0px;--awb-border-radius-bottom-left:0px;--awb-padding-top:20px;--awb-padding-bottom:20px;--awb-flex-wrap:wrap;\" ><div class=\"fusion-builder-row fusion-row\"><div class=\"fusion-layout-column fusion_builder_column fusion-builder-column-0 fusion_builder_column_1_1 1_1 fusion-one-full fusion-column-first fusion-column-last\" style=\"--awb-bg-size:cover;\"><div class=\"fusion-column-wrapper fusion-flex-column-wrapper-legacy\"><div class=\"fusion-title title fusion-title-1 fusion-title-text fusion-title-size-one\"><h1 class=\"fusion-title-heading title-heading-left\" style=\"margin:0;\">PIKO-STAR 100 \u2013 I \/ II \/ IV<\/h1><span class=\"awb-title-spacer\"><\/span><div class=\"title-sep-container\"><div class=\"title-sep sep-single sep-solid\" style=\"border-color:#e0dede;\"><\/div><\/div><\/div><div class=\"fusion-clearfix\"><\/div><\/div><\/div><div class=\"fusion-layout-column fusion_builder_column fusion-builder-column-1 fusion_builder_column_2_3 2_3 fusion-two-third fusion-column-first\" style=\"--awb-bg-size:cover;width:66.666666666667%;width:calc(66.666666666667% - ( ( 4% ) * 0.66666666666667 ) );margin-right: 4%;\"><div class=\"fusion-column-wrapper fusion-flex-column-wrapper-legacy\"><div class=\"fusion-text fusion-text-1\"><p>Station de remplissage \u00e0 gaz pour vitrages isolants en dehors de la ligne, avec syst\u00e8me de contr\u00f4le sensorielle tr\u00e8s simple et \u00e0 perte de gaz minimale (jusqu\u2018\u00e0 250 unit\u00e9s avec 2 canaux\/ 400 unit\u00e9s avec 4 canaux pendant 8 heures, d\u00e9pendant des dimensions des vitres) pour toutes les gaz seules (Argon, SF<sub>6<\/sub>, Krypton, X\u00e9non) et les m\u00e9langes binaire des gaz qui sont livr\u00e9.<\/p>\n<\/div><ul style=\"--awb-size:15px;--awb-iconcolor:#6f8ba1;--awb-line-height:25.5px;--awb-icon-width:25.5px;--awb-icon-height:25.5px;--awb-icon-margin:10.5px;--awb-content-margin:36px;\" class=\"fusion-checklist fusion-checklist-1 fusion-checklist-default type-icons\"><li class=\"fusion-li-item\" style=\"\"><span class=\"icon-wrapper circle-no\"><i class=\"fusion-li-icon fa fa-check-square-o\" aria-hidden=\"true\"><\/i><\/span><div class=\"fusion-li-item-content\">utilisation tr\u00e8s simple, sens \u00e9talonnage de l\u2019ext\u00e9rieur<\/div><\/li><li class=\"fusion-li-item\" style=\"\"><span class=\"icon-wrapper circle-no\"><i class=\"fusion-li-icon fa fa-check-square-o\" aria-hidden=\"true\"><\/i><\/span><div class=\"fusion-li-item-content\">\n<p>perte minimale de gaz, gr\u00e2ce \u00e0 un capteur de gaz r\u00e9gulier<\/p>\n<\/div><\/li><li class=\"fusion-li-item\" style=\"\"><span class=\"icon-wrapper circle-no\"><i class=\"fusion-li-icon fa fa-check-square-o\" aria-hidden=\"true\"><\/i><\/span><div class=\"fusion-li-item-content\">\n<p>technique robuste qui \u00e0 fait ses preuves en plus de 1900 installations dans le monde entier<\/p>\n<\/div><\/li><li class=\"fusion-li-item\" style=\"\"><span class=\"icon-wrapper circle-no\"><i class=\"fusion-li-icon fa fa-check-square-o\" aria-hidden=\"true\"><\/i><\/span><div class=\"fusion-li-item-content\">\n<p>possibilit\u00e9 \u00e0 vider la bouteille de gaz jusqu\u2019\u00e0 un 1,2 bar de pression<\/p>\n<\/div><\/li><\/ul><div class=\"fusion-sep-clear\"><\/div><div class=\"fusion-separator fusion-full-width-sep\" style=\"margin-left: auto;margin-right: auto;margin-bottom:30px;width:100%;\"><\/div><div class=\"fusion-sep-clear\"><\/div><div class=\"fusion-text fusion-text-2\"><p><strong>Fonction et Design<\/strong><\/p>\n<\/div><ul style=\"--awb-size:15px;--awb-iconcolor:#6f8ba1;--awb-line-height:25.5px;--awb-icon-width:25.5px;--awb-icon-height:25.5px;--awb-icon-margin:10.5px;--awb-content-margin:36px;\" class=\"fusion-checklist fusion-checklist-2 fusion-checklist-default type-icons\"><li class=\"fusion-li-item\" style=\"\"><span class=\"icon-wrapper circle-no\"><i class=\"fusion-li-icon fa fa-check-square-o\" aria-hidden=\"true\"><\/i><\/span><div class=\"fusion-li-item-content\">Design de forme compacte, installation, utilisation et technique de remplissage tout simple<\/div><\/li><li class=\"fusion-li-item\" style=\"\"><span class=\"icon-wrapper circle-no\"><i class=\"fusion-li-icon fa fa-check-square-o\" aria-hidden=\"true\"><\/i><\/span><div class=\"fusion-li-item-content\">\n<p>Contr\u00f4le automatique pour le processus de remplissage au moyen d&rsquo;un capteur de gaz<\/p>\n<\/div><\/li><li class=\"fusion-li-item\" style=\"\"><span class=\"icon-wrapper circle-no\"><i class=\"fusion-li-icon fa fa-check-square-o\" aria-hidden=\"true\"><\/i><\/span><div class=\"fusion-li-item-content\">\n<p>\u00c9talonnement et surveille interne des capteurs de gaz tr\u00e8s pr\u00e9cis et automatique<\/p>\n<\/div><\/li><li class=\"fusion-li-item\" style=\"\"><span class=\"icon-wrapper circle-no\"><i class=\"fusion-li-icon fa fa-check-square-o\" aria-hidden=\"true\"><\/i><\/span><div class=\"fusion-li-item-content\">\n<p>2 ou 4 canaux de gaz ind\u00e9pendant pour r\u00e9duire les temps de travail<\/p>\n<\/div><\/li><li class=\"fusion-li-item\" style=\"\"><span class=\"icon-wrapper circle-no\"><i class=\"fusion-li-icon fa fa-check-square-o\" aria-hidden=\"true\"><\/i><\/span><div class=\"fusion-li-item-content\">\n<p>Fiabilit\u00e9 longtemps avec travaux de maintenance minimal<\/p>\n<\/div><\/li><li class=\"fusion-li-item\" style=\"\"><span class=\"icon-wrapper circle-no\"><i class=\"fusion-li-icon fa fa-check-square-o\" aria-hidden=\"true\"><\/i><\/span><div class=\"fusion-li-item-content\">\n<p>En cas d&rsquo;urgence, exp\u00e9dition par express des appareils \u00e0 \u00e9change (toujours en stock)<\/p>\n<\/div><\/li><\/ul><div class=\"fusion-clearfix\"><\/div><\/div><\/div><div class=\"fusion-layout-column fusion_builder_column fusion-builder-column-2 fusion_builder_column_1_3 1_3 fusion-one-third fusion-column-last\" style=\"--awb-bg-size:cover;width:33.333333333333%;width:calc(33.333333333333% - ( ( 4% ) * 0.33333333333333 ) );\"><div class=\"fusion-column-wrapper fusion-flex-column-wrapper-legacy\"><div class=\"fusion-image-element in-legacy-container\" style=\"--awb-caption-title-font-family:var(--h2_typography-font-family);--awb-caption-title-font-weight:var(--h2_typography-font-weight);--awb-caption-title-font-style:var(--h2_typography-font-style);--awb-caption-title-size:var(--h2_typography-font-size);--awb-caption-title-transform:var(--h2_typography-text-transform);--awb-caption-title-line-height:var(--h2_typography-line-height);--awb-caption-title-letter-spacing:var(--h2_typography-letter-spacing);\"><span class=\" fusion-imageframe imageframe-none imageframe-1 hover-type-zoomin\"><img decoding=\"async\" width=\"400\" height=\"266\" title=\"piko100\" src=\"https:\/\/www.dgtmuenchen.de\/wp-content\/uploads\/2017\/01\/piko100.jpg\" alt class=\"img-responsive wp-image-2330\" srcset=\"https:\/\/www.dgtmuenchen.de\/wp-content\/uploads\/2017\/01\/piko100-200x133.jpg 200w, https:\/\/www.dgtmuenchen.de\/wp-content\/uploads\/2017\/01\/piko100.jpg 400w\" sizes=\"(max-width: 800px) 100vw, 400px\" \/><\/span><\/div><div class=\"fusion-clearfix\"><\/div><\/div><\/div><div class=\"fusion-layout-column fusion_builder_column fusion-builder-column-3 fusion_builder_column_1_1 1_1 fusion-one-full fusion-column-first fusion-column-last fusion-no-small-visibility\" style=\"--awb-bg-size:cover;\"><div class=\"fusion-column-wrapper fusion-flex-column-wrapper-legacy\"><div class=\"fusion-sep-clear\"><\/div><div class=\"fusion-separator fusion-full-width-sep\" style=\"margin-left: auto;margin-right: auto;margin-bottom:15px;width:100%;\"><\/div><div class=\"fusion-sep-clear\"><\/div>\n<div class=\"table-1\">\n<table width=\"100%\">\n<thead>\n<tr>\n<th align=\"left\"><strong style=\"color: w;\"><strong>Caract\u00e9ristique technique<\/strong><\/strong><\/th>\n<th align=\"left\"><strong>PIKO-STAR 100 &#8211; I \/ II \/ IV<\/strong><\/th>\n<\/tr>\n<\/thead>\n<tbody>\n<tr>\n<td align=\"left\">Nombre des canaux de gaz ind\u00e9pendant<\/td>\n<td align=\"left\">1, 2 ou 4, sur demande<\/td>\n<\/tr>\n<tr>\n<td align=\"left\">Vitesse de remplissage<\/td>\n<td align=\"left\">8L \/ min. (Ar)<\/td>\n<\/tr>\n<tr>\n<td align=\"left\">Hauteur x largeur x profondeur, poid<\/td>\n<td align=\"left\">220mm x 260\/520mm x 480mm, 8kg \/ 16kg<\/td>\n<\/tr>\n<tr>\n<td align=\"left\">Alimentation \u00e9lectrique<\/td>\n<td align=\"left\">230V \u00b1 10%, 50Hz<\/td>\n<\/tr>\n<tr>\n<td align=\"left\">Puissance consomm\u00e9e \/ Stand-by<\/td>\n<td align=\"left\">max. 62VA \/ 22 VA<\/td>\n<\/tr>\n<tr>\n<td align=\"left\">Autres sp\u00e9cifications<\/td>\n<td align=\"left\">sur demande<\/td>\n<\/tr>\n<\/tbody>\n<\/table>\n<p><small>Possibilit\u00e9 de modification technique r\u00e9serv\u00e9e.<\/small><\/p>\n<\/div>\n<div class=\"fusion-clearfix\"><\/div><\/div><\/div><div class=\"fusion-layout-column fusion_builder_column fusion-builder-column-4 fusion_builder_column_1_1 1_1 fusion-one-full fusion-column-first fusion-column-last fusion-no-medium-visibility fusion-no-large-visibility\" style=\"--awb-bg-size:cover;\"><div class=\"fusion-column-wrapper fusion-flex-column-wrapper-legacy\"><div class=\"fusion-sep-clear\"><\/div><div class=\"fusion-separator fusion-full-width-sep\" style=\"margin-left: auto;margin-right: auto;margin-bottom:15px;width:100%;\"><\/div><div class=\"fusion-sep-clear\"><\/div>\n<div class=\"table-1\">\n<table width=\"100%\">\n<thead>\n<tr>\n<th style=\"text-align: center; font-size: 16px;\" align=\"left\"><strong>Caract\u00e9ristique technique &#8211;<br \/>\nPIKO-STAR<br \/>\n<\/strong><\/th>\n<\/tr>\n<\/thead>\n<tbody>\n<tr>\n<td style=\"text-align: center;\" align=\"left\"><strong>Nombre des canaux de<br \/>\ngaz ind\u00e9pendant<br \/>\n<\/strong>1, 2 ou 4, sur demande<\/td>\n<\/tr>\n<tr>\n<td style=\"text-align: center;\" align=\"left\"><strong>Vitesse de remplissage<br \/>\n<\/strong>8L \/ min. (Ar)<\/td>\n<\/tr>\n<tr>\n<td style=\"text-align: center;\" align=\"left\"><strong>Hauteur x largeur x profondeur,<br \/>\npoid<br \/>\n<\/strong>220mm x 260\/520mm x 480mm,<br \/>\n8kg \/ 16kg<\/td>\n<\/tr>\n<tr>\n<td style=\"text-align: center;\" align=\"left\"><strong>Alimentation \u00e9lectrique<br \/>\n<\/strong>230V \u00b1 10%, 50Hz<\/td>\n<\/tr>\n<tr>\n<td style=\"text-align: center;\" align=\"left\"><strong>Puissance consomm\u00e9e \/ Stand-by<br \/>\n<\/strong>max. 62VA \/ 22 VA<\/td>\n<\/tr>\n<tr>\n<td style=\"text-align: center;\" align=\"left\"><strong>Autres sp\u00e9cifications<br \/>\n<\/strong>sur demande<\/td>\n<\/tr>\n<\/tbody>\n<\/table>\n<p><small>Possibilit\u00e9 de modification technique r\u00e9serv\u00e9e.<\/small><\/p>\n<\/div>\n<div class=\"fusion-clearfix\"><\/div><\/div><\/div><div class=\"fusion-layout-column fusion_builder_column fusion-builder-column-5 fusion_builder_column_1_1 1_1 fusion-one-full fusion-column-first fusion-column-last\" style=\"--awb-bg-size:cover;\"><div class=\"fusion-column-wrapper fusion-flex-column-wrapper-legacy\"><div class=\"fusion-text fusion-text-3\"><p><strong>Utilisation typique<\/strong><\/p>\n<\/div><ul style=\"--awb-size:15px;--awb-iconcolor:#6f8ba1;--awb-line-height:25.5px;--awb-icon-width:25.5px;--awb-icon-height:25.5px;--awb-icon-margin:10.5px;--awb-content-margin:36px;\" class=\"fusion-checklist fusion-checklist-3 fusion-checklist-default type-icons\"><li class=\"fusion-li-item\" style=\"\"><span class=\"icon-wrapper circle-no\"><i class=\"fusion-li-icon fa fa-check-square-o\" aria-hidden=\"true\"><\/i><\/span><div class=\"fusion-li-item-content\">Remplissage de gaz des vitres isolants en dehors de la ligne de production<\/div><\/li><li class=\"fusion-li-item\" style=\"\"><span class=\"icon-wrapper circle-no\"><i class=\"fusion-li-icon fa fa-check-square-o\" aria-hidden=\"true\"><\/i><\/span><div class=\"fusion-li-item-content\">R\u00e9alisation des remplissages de Krypton et X\u00e9non \u00e9conomique<\/div><\/li><li class=\"fusion-li-item\" style=\"\"><span class=\"icon-wrapper circle-no\"><i class=\"fusion-li-icon fa fa-check-square-o\" aria-hidden=\"true\"><\/i><\/span><div class=\"fusion-li-item-content\">Equipement pour petites entreprises \u00e0 co\u00fbt limit\u00e9<\/div><\/li><\/ul><div class=\"fusion-text fusion-text-4\"><p><img decoding=\"async\" class=\"alignright size-full wp-image-880\" style=\"box-shadow: 0 0 5px rgba(0,0,0,0.5);\" src=\"https:\/\/www.dgtmuenchen.de\/wp-content\/uploads\/2017\/01\/banner_klein.jpg\" alt=\"\" width=\"100\" height=\"100\" srcset=\"https:\/\/www.dgtmuenchen.de\/wp-content\/uploads\/2017\/01\/banner_klein-66x66.jpg 66w, https:\/\/www.dgtmuenchen.de\/wp-content\/uploads\/2017\/01\/banner_klein.jpg 100w\" sizes=\"(max-width: 100px) 100vw, 100px\" \/><\/p>\n<\/div><div class=\"fusion-clearfix\"><\/div><\/div><\/div><\/div><\/div>\n","protected":false},"excerpt":{"rendered":"","protected":false},"author":1,"featured_media":0,"parent":356,"menu_order":0,"comment_status":"closed","ping_status":"closed","template":"","meta":{"footnotes":""},"class_list":["post-361","page","type-page","status-publish","hentry"],"_links":{"self":[{"href":"https:\/\/www.dgtmuenchen.de\/fr\/wp-json\/wp\/v2\/pages\/361","targetHints":{"allow":["GET"]}}],"collection":[{"href":"https:\/\/www.dgtmuenchen.de\/fr\/wp-json\/wp\/v2\/pages"}],"about":[{"href":"https:\/\/www.dgtmuenchen.de\/fr\/wp-json\/wp\/v2\/types\/page"}],"author":[{"embeddable":true,"href":"https:\/\/www.dgtmuenchen.de\/fr\/wp-json\/wp\/v2\/users\/1"}],"replies":[{"embeddable":true,"href":"https:\/\/www.dgtmuenchen.de\/fr\/wp-json\/wp\/v2\/comments?post=361"}],"version-history":[{"count":9,"href":"https:\/\/www.dgtmuenchen.de\/fr\/wp-json\/wp\/v2\/pages\/361\/revisions"}],"predecessor-version":[{"id":1390,"href":"https:\/\/www.dgtmuenchen.de\/fr\/wp-json\/wp\/v2\/pages\/361\/revisions\/1390"}],"up":[{"embeddable":true,"href":"https:\/\/www.dgtmuenchen.de\/fr\/wp-json\/wp\/v2\/pages\/356"}],"wp:attachment":[{"href":"https:\/\/www.dgtmuenchen.de\/fr\/wp-json\/wp\/v2\/media?parent=361"}],"curies":[{"name":"wp","href":"https:\/\/api.w.org\/{rel}","templated":true}]}}