{"id":445,"date":"2017-01-24T14:36:35","date_gmt":"2017-01-24T13:36:35","guid":{"rendered":"http:\/\/laurus-host.de\/20188\/firmenprofil\/"},"modified":"2024-01-04T12:14:19","modified_gmt":"2024-01-04T11:14:19","slug":"azienda","status":"publish","type":"page","link":"https:\/\/www.dgtmuenchen.de\/it\/azienda\/","title":{"rendered":"Azienda"},"content":{"rendered":"<div class=\"fusion-fullwidth fullwidth-box fusion-builder-row-1 nonhundred-percent-fullwidth non-hundred-percent-height-scrolling\" style=\"--awb-border-radius-top-left:0px;--awb-border-radius-top-right:0px;--awb-border-radius-bottom-right:0px;--awb-border-radius-bottom-left:0px;--awb-padding-top:20px;--awb-padding-bottom:20px;--awb-flex-wrap:wrap;\" ><div class=\"fusion-builder-row fusion-row\"><div class=\"fusion-layout-column fusion_builder_column fusion-builder-column-0 fusion_builder_column_1_1 1_1 fusion-one-full fusion-column-first fusion-column-last\" style=\"--awb-bg-size:cover;--awb-margin-bottom:50px;\"><div class=\"fusion-column-wrapper fusion-flex-column-wrapper-legacy\"><div class=\"fusion-text fusion-text-1\"><h1 style=\"text-align: center; margin-top: 0px;\">Tecnica di riempimento gas dalla Germania<br \/>\nDGT Anlagen und Systeme GmbH: Leader nel Mondo<\/h1>\n<\/div><div class=\"fusion-clearfix\"><\/div><\/div><\/div><div class=\"fusion-layout-column fusion_builder_column fusion-builder-column-1 fusion_builder_column_3_4 3_4 fusion-three-fourth fusion-column-first\" style=\"--awb-bg-size:cover;--awb-margin-bottom:0px;width:75%;width:calc(75% - ( ( 0 ) * 0.75 ) );margin-right: 0px;\"><div class=\"fusion-column-wrapper fusion-flex-column-wrapper-legacy\"><div class=\"fusion-text fusion-text-2\"><div>\n<p><img decoding=\"async\" class=\"alignleft wp-image-871 size-full\" src=\"https:\/\/www.dgtmuenchen.de\/wp-content\/uploads\/2017\/03\/Lorbeerkranz.jpg\" alt=\"\" width=\"240\" srcset=\"https:\/\/www.dgtmuenchen.de\/wp-content\/uploads\/2017\/03\/Lorbeerkranz-200x193.jpg 200w, https:\/\/www.dgtmuenchen.de\/wp-content\/uploads\/2017\/03\/Lorbeerkranz.jpg 300w\" sizes=\"(max-width: 300px) 100vw, 300px\" \/>La DGT &#8211; Anlagen und Systeme GmbH offre in tutto il mondo da decine di anni una gamma completa di attrezzature per il riempimento gas a controllo sensoriale ad elevata velocita per la produzione di vetrate isolanti. Conta sulla collaborazione di esperti DCL del settore che da quasi tre decenni sono stati di vitale importanza nello sviluppo e nell\u00b4ottimizzazione della tecnica di riempimento gas per l\u00b4industria dei vetri isolanti.<\/p>\n<p>Con l\u2019assistenza a circa 1.900 clienti la DGT &#8211; Anlagen und Systeme GmbH, con stabilimenti a Poing\/Ebersberg e Sauerlach\/M\u00fcnchen, \u00e8 diventata leader mondiale nel settore degli impianti di riempimento gas e delle attrezzature per riempimento rapido fronteggiando la concorrenza interna ed estera. In alcune zone del mondo, la DGT ha circa il 90% del mercato.<\/p>\n<p>Le numerose e molteplici ditte e imprese di varie dimensioni servite da anni dalla DGT, fanno si che tutti i clienti trovino delle soluzioni industriali collaudate e adatte alle loro precise esigenze. Il fatturato in continua crescita \u00e8 da attribuirsi non soltanto alla qualit\u00e0 e affidabilit\u00e0 tecnica dei prodotti dell\u2019azienda bavarese, ma soprattutto al concetto di assistenza e consulenza, rivolto sin dall\u00b4inizio non solo al mercato nazionale, ma anche a quello internazionale. La DGT \u00e8 rappresentata nel mondo da una fitta rete di rappresentanze e agenzie competenti.<\/p>\n<p>Per i pezzi di ricambio, il materiale di consumo e gli accessori la ditta dispone di un collaudato sistema di spedizione e magazzinaggio, permettendo di dare immediata assistenza tecnica e tempi di risposta brevissimi.\u00a0I nuovi ambiti aziendali \u201cSensori gas e strumenti analitici\u201d e sigillanti &#8220;Hotmelt&#8221; e pompe completano in modo convincente la gamma dell\u2019azienda da anni presente con i conosciuti apparecchi di controllo SENSOLINE idonei per garantire la qualit\u00e0 nella produzione del vetro isolante. La DGT offre cos\u00ec una vasta gamma di apparecchi per il riempimento di vetrate isolanti. Sono \u00a0anche possibili installazioni-test di tutti questi apparecchi, cosa interessante al fine dell\u2019acquisto. Non esitate, a questo proposito, ad interpellare il Team DGT nel caso voleste provare presso la vostra azienda uno dei prodotti DGT. In casi particolari \u00e8 possibile anche, ad esempio per grosse commesse, prendere in prova per un tempo determinato gli apparecchi di riempimento gas della DGT.<\/p>\n<p><img decoding=\"async\" class=\"alignleft size-full wp-image-647\" src=\"https:\/\/www.dgtmuenchen.de\/wp-content\/uploads\/2017\/01\/firmenprofil-3.jpg\" alt=\"\" width=\"101\" height=\"148\" \/>La forza della DGT &#8211; Anlagen und Systeme Gmbh \u00e8 rappresentata da soluzioni flessibili e orientate alla clientela. Ci\u00f2 pu\u00f2 anche significare venire incontro al cliente non con un nuovo apparecchio o impianto, ma con uno usato affidabile e revisionato con una garanzia totale.<\/p>\n<\/div>\n<\/div><div class=\"fusion-text fusion-text-3\"><p><span style=\"color: #6f8ba1;\"><em><strong>Anche in occasione del GLASSTEC a D\u00fcsseldorf e del VITRUM a Milano, la DGT \u2013 Anlagen und Systeme GmbH si presenta alla clientela e a tutti i potenziali interessati, con l\u2019attuale vasta gamma di affidabili apparecchi per una produzione di vetrocamera economica e di qualit\u00e0.<\/strong><\/em><\/span><\/p>\n<\/div><div class=\"fusion-text fusion-text-4\"><p><img decoding=\"async\" class=\"aligncenter size-full wp-image-2804\" src=\"https:\/\/www.dgtmuenchen.de\/wp-content\/uploads\/2024\/01\/Folie3GB-1.jpg\" alt=\"\" width=\"960\" height=\"720\" \/><\/p>\n<\/div><div class=\"fusion-clearfix\"><\/div><\/div><\/div><div class=\"fusion-layout-column fusion_builder_column fusion-builder-column-2 fusion_builder_column_1_4 1_4 fusion-one-fourth fusion-column-last\" style=\"--awb-bg-size:cover;--awb-margin-bottom:0px;width:25%;width:calc(25% - ( ( 0 ) * 0.25 ) );\"><div class=\"fusion-column-wrapper fusion-flex-column-wrapper-legacy\"><div class=\"fusion-image-element fusion-image-align-center in-legacy-container\" style=\"text-align:center;--awb-caption-title-font-family:var(--h2_typography-font-family);--awb-caption-title-font-weight:var(--h2_typography-font-weight);--awb-caption-title-font-style:var(--h2_typography-font-style);--awb-caption-title-size:var(--h2_typography-font-size);--awb-caption-title-transform:var(--h2_typography-text-transform);--awb-caption-title-line-height:var(--h2_typography-line-height);--awb-caption-title-letter-spacing:var(--h2_typography-letter-spacing);\"><div class=\"imageframe-align-center\"><span class=\" fusion-imageframe imageframe-none imageframe-1 hover-type-zoomin\"><img decoding=\"async\" width=\"221\" height=\"150\" title=\"3-firmen\" src=\"https:\/\/www.dgtmuenchen.de\/wp-content\/uploads\/2017\/01\/3-firmen.jpg\" alt class=\"img-responsive wp-image-1869\" srcset=\"https:\/\/www.dgtmuenchen.de\/wp-content\/uploads\/2017\/01\/3-firmen-200x136.jpg 200w, https:\/\/www.dgtmuenchen.de\/wp-content\/uploads\/2017\/01\/3-firmen.jpg 221w\" sizes=\"(max-width: 800px) 100vw, 221px\" \/><\/span><\/div><\/div><div class=\"fusion-sep-clear\"><\/div><div class=\"fusion-separator fusion-full-width-sep\" style=\"margin-left: auto;margin-right: auto;margin-top:40px;width:100%;\"><\/div><div class=\"fusion-sep-clear\"><\/div><div class=\"fusion-image-element fusion-image-align-center in-legacy-container\" style=\"text-align:center;--awb-caption-title-font-family:var(--h2_typography-font-family);--awb-caption-title-font-weight:var(--h2_typography-font-weight);--awb-caption-title-font-style:var(--h2_typography-font-style);--awb-caption-title-size:var(--h2_typography-font-size);--awb-caption-title-transform:var(--h2_typography-text-transform);--awb-caption-title-line-height:var(--h2_typography-line-height);--awb-caption-title-letter-spacing:var(--h2_typography-letter-spacing);\"><div class=\"imageframe-align-center\"><span class=\" fusion-imageframe imageframe-none imageframe-2 hover-type-zoomin\"><img decoding=\"async\" width=\"221\" height=\"150\" title=\"firmenprofil\" src=\"https:\/\/www.dgtmuenchen.de\/wp-content\/uploads\/2017\/01\/firmenprofil.jpg\" alt class=\"img-responsive wp-image-2013\" srcset=\"https:\/\/www.dgtmuenchen.de\/wp-content\/uploads\/2017\/01\/firmenprofil-200x136.jpg 200w, https:\/\/www.dgtmuenchen.de\/wp-content\/uploads\/2017\/01\/firmenprofil.jpg 221w\" sizes=\"(max-width: 800px) 100vw, 221px\" \/><\/span><\/div><\/div><div class=\"fusion-sep-clear\"><\/div><div class=\"fusion-separator fusion-full-width-sep\" style=\"margin-left: auto;margin-right: auto;margin-top:40px;width:100%;\"><\/div><div class=\"fusion-sep-clear\"><\/div><div class=\"fusion-image-element fusion-image-align-center in-legacy-container\" style=\"text-align:center;--awb-caption-title-font-family:var(--h2_typography-font-family);--awb-caption-title-font-weight:var(--h2_typography-font-weight);--awb-caption-title-font-style:var(--h2_typography-font-style);--awb-caption-title-size:var(--h2_typography-font-size);--awb-caption-title-transform:var(--h2_typography-text-transform);--awb-caption-title-line-height:var(--h2_typography-line-height);--awb-caption-title-letter-spacing:var(--h2_typography-letter-spacing);\"><div class=\"imageframe-align-center\"><span class=\" fusion-imageframe imageframe-none imageframe-3 hover-type-zoomin\"><img decoding=\"async\" width=\"221\" height=\"150\" title=\"firmeprofil-2\" src=\"https:\/\/www.dgtmuenchen.de\/wp-content\/uploads\/2017\/01\/firmeprofil-2.jpg\" alt class=\"img-responsive wp-image-2007\" srcset=\"https:\/\/www.dgtmuenchen.de\/wp-content\/uploads\/2017\/01\/firmeprofil-2-200x136.jpg 200w, https:\/\/www.dgtmuenchen.de\/wp-content\/uploads\/2017\/01\/firmeprofil-2.jpg 221w\" sizes=\"(max-width: 800px) 100vw, 221px\" \/><\/span><\/div><\/div><div class=\"fusion-sep-clear\"><\/div><div class=\"fusion-separator fusion-full-width-sep\" style=\"margin-left: auto;margin-right: auto;margin-top:40px;width:100%;\"><\/div><div class=\"fusion-sep-clear\"><\/div><div class=\"fusion-image-element fusion-image-align-center in-legacy-container\" style=\"text-align:center;--awb-caption-title-font-family:var(--h2_typography-font-family);--awb-caption-title-font-weight:var(--h2_typography-font-weight);--awb-caption-title-font-style:var(--h2_typography-font-style);--awb-caption-title-size:var(--h2_typography-font-size);--awb-caption-title-transform:var(--h2_typography-text-transform);--awb-caption-title-line-height:var(--h2_typography-line-height);--awb-caption-title-letter-spacing:var(--h2_typography-letter-spacing);\"><div class=\"imageframe-align-center\"><span class=\" fusion-imageframe imageframe-none imageframe-4 hover-type-zoomin\"><img decoding=\"async\" width=\"221\" height=\"150\" title=\"1-firmen\" src=\"https:\/\/www.dgtmuenchen.de\/wp-content\/uploads\/2017\/01\/1-firmen.jpg\" alt class=\"img-responsive wp-image-1857\" srcset=\"https:\/\/www.dgtmuenchen.de\/wp-content\/uploads\/2017\/01\/1-firmen-200x136.jpg 200w, https:\/\/www.dgtmuenchen.de\/wp-content\/uploads\/2017\/01\/1-firmen.jpg 221w\" sizes=\"(max-width: 800px) 100vw, 221px\" \/><\/span><\/div><\/div><div class=\"fusion-clearfix\"><\/div><\/div><\/div><\/div><\/div>\n","protected":false},"excerpt":{"rendered":"","protected":false},"author":1,"featured_media":0,"parent":0,"menu_order":0,"comment_status":"closed","ping_status":"closed","template":"","meta":{"footnotes":""},"class_list":["post-445","page","type-page","status-publish","hentry"],"_links":{"self":[{"href":"https:\/\/www.dgtmuenchen.de\/it\/wp-json\/wp\/v2\/pages\/445","targetHints":{"allow":["GET"]}}],"collection":[{"href":"https:\/\/www.dgtmuenchen.de\/it\/wp-json\/wp\/v2\/pages"}],"about":[{"href":"https:\/\/www.dgtmuenchen.de\/it\/wp-json\/wp\/v2\/types\/page"}],"author":[{"embeddable":true,"href":"https:\/\/www.dgtmuenchen.de\/it\/wp-json\/wp\/v2\/users\/1"}],"replies":[{"embeddable":true,"href":"https:\/\/www.dgtmuenchen.de\/it\/wp-json\/wp\/v2\/comments?post=445"}],"version-history":[{"count":8,"href":"https:\/\/www.dgtmuenchen.de\/it\/wp-json\/wp\/v2\/pages\/445\/revisions"}],"predecessor-version":[{"id":2858,"href":"https:\/\/www.dgtmuenchen.de\/it\/wp-json\/wp\/v2\/pages\/445\/revisions\/2858"}],"wp:attachment":[{"href":"https:\/\/www.dgtmuenchen.de\/it\/wp-json\/wp\/v2\/media?parent=445"}],"curies":[{"name":"wp","href":"https:\/\/api.w.org\/{rel}","templated":true}]}}