{"id":3063,"date":"2017-01-24T14:36:32","date_gmt":"2017-01-24T13:36:32","guid":{"rendered":"https:\/\/www.dgtmuenchen.de\/home\/"},"modified":"2024-11-05T12:57:04","modified_gmt":"2024-11-05T11:57:04","slug":"home","status":"publish","type":"page","link":"https:\/\/www.dgtmuenchen.de\/tr\/","title":{"rendered":"ANASAYFA"},"content":{"rendered":"<p><div class=\"fusion-bg-parallax\" data-bg-align=\"center center\" data-direction=\"up\" data-mute=\"false\" data-opacity=\"100\" data-velocity=\"-0.3\" data-mobile-enabled=\"false\" data-break_parents=\"0\" data-bg-image=\"https:\/\/www.dgtmuenchen.de\/wp-content\/uploads\/2017\/01\/home2.jpg\" data-bg-repeat=\"false\" ><\/div><div class=\"fusion-fullwidth fullwidth-box fusion-builder-row-1 fusion-parallax-up nonhundred-percent-fullwidth non-hundred-percent-height-scrolling\" style=\"--awb-border-radius-top-left:0px;--awb-border-radius-top-right:0px;--awb-border-radius-bottom-right:0px;--awb-border-radius-bottom-left:0px;--awb-padding-top:120px;--awb-padding-bottom:120px;--awb-margin-top:-1px;--awb-margin-bottom:40px;--awb-background-image:url(&quot;https:\/\/www.dgtmuenchen.de\/wp-content\/uploads\/2017\/01\/home2.jpg&quot;);--awb-background-size:cover;--awb-flex-wrap:wrap;\" ><div class=\"fusion-builder-row fusion-row\"><div class=\"fusion-layout-column fusion_builder_column fusion-builder-column-0 fusion_builder_column_1_4 1_4 fusion-one-fourth fusion-column-first\" style=\"--awb-bg-size:cover;width:25%;width:calc(25% - ( ( 4% + 4% ) * 0.25 ) );margin-right: 4%;\"><div class=\"fusion-column-wrapper fusion-flex-column-wrapper-legacy\"><div class=\"fusion-clearfix\"><\/div><\/div><\/div><div class=\"fusion-layout-column fusion_builder_column fusion-builder-column-1 fusion_builder_column_1_2 1_2 fusion-one-half\" style=\"--awb-padding-top:20px;--awb-padding-right:20px;--awb-padding-bottom:20px;--awb-padding-left:20px;--awb-bg-color:rgba(255,255,255,0.86);--awb-bg-color-hover:rgba(255,255,255,0.86);--awb-bg-size:cover;width:50%;width:calc(50% - ( ( 4% + 4% ) * 0.5 ) );margin-right: 4%;\"><div class=\"fusion-column-wrapper fusion-flex-column-wrapper-legacy\"><div class=\"fusion-text fusion-text-1\"><h2 style=\"text-align: center; margin-bottom: 0px;\"><span style=\"color: #1e4562;\">DGT &#8211; <\/span>Bitkiler ve Sistemler GmbH<br \/>\nGaz dolum teknolojinizin uzmanlar\u0131<br \/>\nOrtaklar\u0131n\u0131z \u2013 d\u00fcnya \u00e7ap\u0131nda.<\/h2>\n<\/div><div class=\"fusion-clearfix\"><\/div><\/div><\/div><div class=\"fusion-layout-column fusion_builder_column fusion-builder-column-2 fusion_builder_column_1_4 1_4 fusion-one-fourth fusion-column-last\" style=\"--awb-bg-size:cover;width:25%;width:calc(25% - ( ( 4% + 4% ) * 0.25 ) );\"><div class=\"fusion-column-wrapper fusion-flex-column-wrapper-legacy\"><div class=\"fusion-clearfix\"><\/div><\/div><\/div><\/div><\/div><div class=\"fusion-fullwidth fullwidth-box fusion-builder-row-2 nonhundred-percent-fullwidth non-hundred-percent-height-scrolling fusion-equal-height-columns\" style=\"--awb-border-radius-top-left:0px;--awb-border-radius-top-right:0px;--awb-border-radius-bottom-right:0px;--awb-border-radius-bottom-left:0px;--awb-padding-top:20px;--awb-padding-bottom:20px;--awb-flex-wrap:wrap;\" ><div class=\"fusion-builder-row fusion-row\"><div class=\"fusion-layout-column fusion_builder_column fusion-builder-column-3 fusion_builder_column_1_1 1_1 fusion-one-full fusion-column-first fusion-column-last\" style=\"--awb-bg-size:cover;\"><div class=\"fusion-column-wrapper fusion-flex-column-wrapper-legacy\"><div class=\"fusion-text fusion-text-2\"><p><img decoding=\"async\" width=\"285\" height=\"80\" class=\"alignright size-full wp-image-568\" style=\"margin-bottom: 15px;\" src=\"https:\/\/www.dgtmuenchen.de\/wp-content\/uploads\/2017\/01\/logo-energy-efficiency-small.jpg\" alt=\"\" srcset=\"https:\/\/www.dgtmuenchen.de\/wp-content\/uploads\/2017\/01\/logo-energy-efficiency-small-200x56.jpg 200w, https:\/\/www.dgtmuenchen.de\/wp-content\/uploads\/2017\/01\/logo-energy-efficiency-small.jpg 285w\" sizes=\"(max-width: 285px) 100vw, 285px\" \/><span style=\"font-size: 16px;\">Yal\u0131t\u0131m cam\u0131 end\u00fcstrisinin uzun s\u00fcreli bir orta\u011f\u0131 olan DGT Anlagen und Systeme GmbH, d\u00fcnya \u00e7ap\u0131nda her b\u00fcy\u00fckl\u00fckteki \u00e7ok say\u0131da m\u00fc\u015fterisine, \u00f6zel ihtiya\u00e7lar\u0131 i\u00e7in defalarca denenmi\u015f ve test edilmi\u015f end\u00fcstriyel gaz dolum teknolojisi i\u00e7in bireysel olarak optimize edilmi\u015f, sunmaktad\u0131r<strong><u> profesyonel ve g\u00fcvenilir \u00e7\u00f6z\u00fcmler <\/u><\/strong><\/span><\/p>\n<p><span style=\"font-size: 16px;\">DGT&#8217;nin m\u00fc\u015fterileri, \u00fcretim sistemlerinin ve ekipmanlar\u0131n\u0131n son derece basit, kendi kendini a\u00e7\u0131klayan \u00e7al\u0131\u015fmas\u0131n\u0131 \u00f6zellikle takdir ediyor, bu da operat\u00f6r\u00fc fazla zorlamadan son derece karma\u015f\u0131k g\u00f6revler i\u00e7in bile s\u00fcrekli olarak iyi, g\u00fcvenilir \u00fcretim sonu\u00e7lar\u0131na yol a\u00e7\u0131yor.<br \/>\n<\/span><\/p>\n<p><strong><span style=\"font-size: 16px;\">Yal\u0131t\u0131m cam\u0131n\u0131n gaz\u0131n\u0131 doldurmak i\u00e7in sens\u00f6r kontroll\u00fc sistemlerimiz \u015funlar\u0131 birle\u015ftirir:<\/span><\/strong><\/p>\n<ul>\n<li>Pratik uygulamada en y\u00fcksek kullan\u0131m kolayl\u0131\u011f\u0131 ve radikal basitlik<\/li>\n<li>Gaz doldurma prosesi i\u00e7in ak\u0131ll\u0131 kendi kendine testler ve tam otomatik parametre ayarlamalar\u0131<\/li>\n<li>En y\u00fcksek verimlilik ve en d\u00fc\u015f\u00fck gaz kay\u0131plar\u0131<\/li>\n<li>D\u00fcnya \u00e7ap\u0131nda en y\u00fcksek dolum h\u0131zlar\u0131 ve g\u00fcvenilir sonu\u00e7lar<\/li>\n<\/ul>\n<p>\u00d6zel \u015fekiller, kavisli yal\u0131t\u0131m cam\u0131 \u00fcniteleri, \u00f6zel yap\u0131lar veya standart camlar i\u00e7in, dikey veya yatay doldurma teknolojisinde veya istek \u00fczerine sadece bir gaz doldurma a\u011fz\u0131 ile.<\/p>\n<\/div><div class=\"fusion-clearfix\"><\/div><\/div><\/div><\/div><\/div><div class=\"fusion-fullwidth fullwidth-box fusion-builder-row-3 has-pattern-background has-mask-background nonhundred-percent-fullwidth non-hundred-percent-height-scrolling\" style=\"--awb-border-radius-top-left:0px;--awb-border-radius-top-right:0px;--awb-border-radius-bottom-right:0px;--awb-border-radius-bottom-left:0px;--awb-overflow:visible;--awb-padding-top:20px;--awb-padding-bottom:20px;--awb-flex-wrap:wrap;\" ><div class=\"fusion-builder-row fusion-row\"><div class=\"fusion-layout-column fusion_builder_column fusion-builder-column-4 fusion_builder_column_1_3 1_3 fusion-one-third fusion-column-first fusion-column-inner-bg-wrapper\" style=\"--awb-padding-top:3%;--awb-padding-left:8%;--awb-inner-bg-color:#6f8ba1;--awb-inner-bg-color-hover:#6f8ba1;--awb-inner-bg-size:cover;width:33.333333333333%;width:calc(33.333333333333% - ( ( 4% + 4% ) * 0.33333333333333 ) );margin-right: 4%;\" data-scroll-devices=\"small-visibility,medium-visibility,large-visibility\"><span class=\"fusion-column-inner-bg hover-type-none\"><a class=\"fusion-column-anchor\" href=\"https:\/\/www.dgtmuenchen.de\/firmenprofil\/\"><span class=\"fusion-column-inner-bg-image\"><\/span><\/a><\/span><div class=\"fusion-column-wrapper fusion-column-has-shadow fusion-flex-column-wrapper-legacy\"><div class=\"fusion-image-element fusion-image-align-center in-legacy-container\" style=\"text-align:center;--awb-caption-title-font-family:var(--h2_typography-font-family);--awb-caption-title-font-weight:var(--h2_typography-font-weight);--awb-caption-title-font-style:var(--h2_typography-font-style);--awb-caption-title-size:var(--h2_typography-font-size);--awb-caption-title-transform:var(--h2_typography-text-transform);--awb-caption-title-line-height:var(--h2_typography-line-height);--awb-caption-title-letter-spacing:var(--h2_typography-letter-spacing);\"><div class=\"imageframe-align-center\"><span class=\" fusion-imageframe imageframe-none imageframe-1 hover-type-zoomin\"><img decoding=\"async\" width=\"508\" height=\"472\" title=\"unternehmen\" src=\"https:\/\/www.dgtmuenchen.de\/wp-content\/uploads\/2017\/01\/unternehmen.jpg\" alt class=\"img-responsive wp-image-51\" srcset=\"https:\/\/www.dgtmuenchen.de\/wp-content\/uploads\/2017\/01\/unternehmen-200x186.jpg 200w, https:\/\/www.dgtmuenchen.de\/wp-content\/uploads\/2017\/01\/unternehmen-400x372.jpg 400w, https:\/\/www.dgtmuenchen.de\/wp-content\/uploads\/2017\/01\/unternehmen.jpg 508w\" sizes=\"(max-width: 800px) 100vw, 400px\" \/><\/span><\/div><\/div><div class=\"fusion-text fusion-text-3\"><div style=\"padding: 20px; color: white; font-size: 20px;\">\u015eikret<\/div>\n<\/div><div class=\"fusion-text fusion-text-4\"><\/div><div class=\"fusion-text fusion-text-5 fusion-text-no-margin\" style=\"--awb-margin-top:2%;--awb-margin-right:2%;--awb-margin-bottom:2%;--awb-margin-left:2%;\"><div style=\"padding: 0px 20px 20px 20px; color: white;\">DGT Anlagen und Systeme GmbH olarak, M\u00fcnih yak\u0131nlar\u0131ndaki Poing ve Sauerlach&#8217;ta faaliyet g\u00f6steren tesislerimizle onlarca y\u0131ld\u0131r m\u00fc\u015fterilerimiz ve yal\u0131t\u0131m cam\u0131 end\u00fcstrisinden ilgili taraflar taraf\u0131ndan d\u00fcnya \u00e7ap\u0131nda yetkin bir ortak ve tart\u0131\u015fmas\u0131z pazar lideri olarak g\u00f6r\u00fcl\u00fcyoruz &#8211; eski DCL Glas Consult GmbH&#8217;nin bilgi birikimine dayanan ikna edici \u00fcr\u00fcnlerimiz ve hizmetlerimiz sayesinde<\/div>\n<\/div><div class=\"fusion-clearfix\"><\/div><\/div><\/div><div class=\"fusion-layout-column fusion_builder_column fusion-builder-column-5 fusion_builder_column_1_3 1_3 fusion-one-third fusion-column-inner-bg-wrapper\" style=\"--awb-padding-top:3%;--awb-padding-left:8%;--awb-inner-bg-color:rgba(18,65,99,0.82);--awb-inner-bg-color-hover:rgba(18,65,99,0.82);--awb-inner-bg-size:cover;width:33.333333333333%;width:calc(33.333333333333% - ( ( 4% + 4% ) * 0.33333333333333 ) );margin-right: 4%;\" data-scroll-devices=\"small-visibility,medium-visibility,large-visibility\"><span class=\"fusion-column-inner-bg hover-type-none\"><a class=\"fusion-column-anchor\" href=\"https:\/\/www.dgtmuenchen.de\/produkte\/\"><span class=\"fusion-column-inner-bg-image\"><\/span><\/a><\/span><div class=\"fusion-column-wrapper fusion-column-has-shadow fusion-flex-column-wrapper-legacy\"><div class=\"fusion-image-element fusion-image-align-center in-legacy-container\" style=\"text-align:center;--awb-caption-title-font-family:var(--h2_typography-font-family);--awb-caption-title-font-weight:var(--h2_typography-font-weight);--awb-caption-title-font-style:var(--h2_typography-font-style);--awb-caption-title-size:var(--h2_typography-font-size);--awb-caption-title-transform:var(--h2_typography-text-transform);--awb-caption-title-line-height:var(--h2_typography-line-height);--awb-caption-title-letter-spacing:var(--h2_typography-letter-spacing);\"><div class=\"imageframe-align-center\"><span class=\" fusion-imageframe imageframe-none imageframe-2 hover-type-zoomin\"><img decoding=\"async\" width=\"508\" height=\"472\" title=\"produkte\" src=\"https:\/\/www.dgtmuenchen.de\/wp-content\/uploads\/2017\/01\/produkte.jpg\" alt class=\"img-responsive wp-image-3064\" srcset=\"https:\/\/www.dgtmuenchen.de\/wp-content\/uploads\/2017\/01\/produkte-200x186.jpg 200w, https:\/\/www.dgtmuenchen.de\/wp-content\/uploads\/2017\/01\/produkte-400x372.jpg 400w, https:\/\/www.dgtmuenchen.de\/wp-content\/uploads\/2017\/01\/produkte.jpg 508w\" sizes=\"(max-width: 800px) 100vw, 400px\" \/><\/span><\/div><\/div><div class=\"fusion-text fusion-text-6\"><div style=\"padding: 20px; color: white; font-size: 20px;\">\u00dcr\u00fcnler<\/div>\n<\/div><div class=\"fusion-text fusion-text-7 fusion-text-no-margin\" style=\"--awb-margin-top:2%;--awb-margin-right:2%;--awb-margin-bottom:2%;--awb-margin-left:2%;\"><div style=\"padding: 0px 20px 20px 20px; color: white;\">DGT Anlagen und Systeme GmbH olarak, M\u00fcnih yak\u0131nlar\u0131ndaki Poing ve Sauerlach&#8217;ta faaliyet g\u00f6steren tesislerimizle onlarca y\u0131ld\u0131r m\u00fc\u015fterilerimiz ve yal\u0131t\u0131m cam\u0131 end\u00fcstrisinden ilgili taraflar taraf\u0131ndan d\u00fcnya \u00e7ap\u0131nda yetkin bir ortak ve tart\u0131\u015fmas\u0131z pazar lideri olarak g\u00f6r\u00fcl\u00fcyoruz &#8211; eski DCL Glas Consult GmbH&#8217;nin bilgi birikimine dayanan ikna edici \u00fcr\u00fcnlerimiz ve hizmetlerimiz sayesinde<\/div>\n<\/div><div class=\"fusion-clearfix\"><\/div><\/div><\/div><div class=\"fusion-layout-column fusion_builder_column fusion-builder-column-6 fusion_builder_column_1_3 1_3 fusion-one-third fusion-column-last fusion-column-inner-bg-wrapper\" style=\"--awb-padding-top:3%;--awb-padding-left:8%;--awb-inner-bg-color:#1e4663;--awb-inner-bg-color-hover:#1e4663;--awb-inner-bg-size:cover;width:33.333333333333%;width:calc(33.333333333333% - ( ( 4% + 4% ) * 0.33333333333333 ) );\" data-scroll-devices=\"small-visibility,medium-visibility,large-visibility\"><span class=\"fusion-column-inner-bg hover-type-none\"><a class=\"fusion-column-anchor\" href=\"https:\/\/www.dgtmuenchen.de\/technischer-hintergrund\/\"><span class=\"fusion-column-inner-bg-image\"><\/span><\/a><\/span><div class=\"fusion-column-wrapper fusion-column-has-shadow fusion-flex-column-wrapper-legacy\"><div class=\"fusion-image-element fusion-image-align-center in-legacy-container\" style=\"text-align:center;--awb-caption-title-font-family:var(--h2_typography-font-family);--awb-caption-title-font-weight:var(--h2_typography-font-weight);--awb-caption-title-font-style:var(--h2_typography-font-style);--awb-caption-title-size:var(--h2_typography-font-size);--awb-caption-title-transform:var(--h2_typography-text-transform);--awb-caption-title-line-height:var(--h2_typography-line-height);--awb-caption-title-letter-spacing:var(--h2_typography-letter-spacing);\"><div class=\"imageframe-align-center\"><span class=\" fusion-imageframe imageframe-none imageframe-3 hover-type-zoomin\"><img decoding=\"async\" width=\"508\" height=\"472\" title=\"systeme-technik\" src=\"https:\/\/www.dgtmuenchen.de\/wp-content\/uploads\/2017\/01\/systeme-technik.jpg\" alt class=\"img-responsive wp-image-50\" srcset=\"https:\/\/www.dgtmuenchen.de\/wp-content\/uploads\/2017\/01\/systeme-technik-200x186.jpg 200w, https:\/\/www.dgtmuenchen.de\/wp-content\/uploads\/2017\/01\/systeme-technik-400x372.jpg 400w, https:\/\/www.dgtmuenchen.de\/wp-content\/uploads\/2017\/01\/systeme-technik.jpg 508w\" sizes=\"(max-width: 800px) 100vw, 400px\" \/><\/span><\/div><\/div><div class=\"fusion-text fusion-text-8\"><div style=\"padding: 20px; color: white; font-size: 20px;\">Teknoloji<\/div>\n<\/div><div class=\"fusion-text fusion-text-9 fusion-text-no-margin\" style=\"--awb-margin-top:2%;--awb-margin-right:2%;--awb-margin-bottom:2%;--awb-margin-left:2%;\"><div style=\"padding: 0px 20px 20px 20px; color: white;\">\n<p>Yal\u0131t\u0131m cam\u0131 \u00fcretimi i\u00e7in kapsaml\u0131 \u00e7\u00f6z\u00fcm ve hizmet yelpazemiz \u00f6ncelikle gaz doldurucular, gaz kar\u0131\u015ft\u0131r\u0131c\u0131lar, gaz doldurma sistemleri, h\u0131zl\u0131 doldurma cihazlar\u0131 ve argon, kripton, ksenon ve SF<sub>6<\/sub> i\u00e7in g\u00fcvenilir doldurma teknolojisi alan\u0131n\u0131 ve ayn\u0131 zamanda CO<sub>2<\/sub>, neon, helyum ve inert koruyucu gazlar\u0131n kullan\u0131ld\u0131\u011f\u0131 uygulamalar\u0131 i\u00e7erir.<\/p>\n<\/div><div class=\"fusion-clearfix\"><\/div><\/div><\/div><\/div><\/div><div class=\"fusion-fullwidth fullwidth-box fusion-builder-row-4 has-pattern-background has-mask-background nonhundred-percent-fullwidth non-hundred-percent-height-scrolling fusion-equal-height-columns\" style=\"--awb-border-radius-top-left:0px;--awb-border-radius-top-right:0px;--awb-border-radius-bottom-right:0px;--awb-border-radius-bottom-left:0px;--awb-padding-top:20px;--awb-padding-bottom:20px;--awb-flex-wrap:wrap;\" ><div class=\"fusion-builder-row fusion-row\"><div class=\"fusion-layout-column fusion_builder_column fusion-builder-column-7 fusion_builder_column_1_1 1_1 fusion-one-full fusion-column-first fusion-column-last\" style=\"--awb-bg-size:cover;\"><div class=\"fusion-column-wrapper fusion-flex-column-wrapper-legacy\"><div class=\"fusion-text fusion-text-10\"><p><img decoding=\"async\" class=\"aligncenter size-full wp-image-2773\" src=\"https:\/\/www.dgtmuenchen.de\/wp-content\/uploads\/2024\/01\/Folie1D-1.jpg\" alt=\"\" width=\"960\" height=\"720\" srcset=\"https:\/\/www.dgtmuenchen.de\/wp-content\/uploads\/2024\/01\/Folie1D-1-200x150.jpg 200w, https:\/\/www.dgtmuenchen.de\/wp-content\/uploads\/2024\/01\/Folie1D-1-300x225.jpg 300w, https:\/\/www.dgtmuenchen.de\/wp-content\/uploads\/2024\/01\/Folie1D-1-400x300.jpg 400w, https:\/\/www.dgtmuenchen.de\/wp-content\/uploads\/2024\/01\/Folie1D-1-600x450.jpg 600w, https:\/\/www.dgtmuenchen.de\/wp-content\/uploads\/2024\/01\/Folie1D-1-768x576.jpg 768w, https:\/\/www.dgtmuenchen.de\/wp-content\/uploads\/2024\/01\/Folie1D-1-800x600.jpg 800w, https:\/\/www.dgtmuenchen.de\/wp-content\/uploads\/2024\/01\/Folie1D-1.jpg 960w\" sizes=\"(max-width: 960px) 100vw, 960px\" \/><\/p>\n<p><img decoding=\"async\" class=\"aligncenter size-full wp-image-2766\" src=\"https:\/\/www.dgtmuenchen.de\/wp-content\/uploads\/2024\/01\/Folie2D-1.jpg\" alt=\"\" width=\"960\" height=\"720\" srcset=\"https:\/\/www.dgtmuenchen.de\/wp-content\/uploads\/2024\/01\/Folie2D-1-200x150.jpg 200w, https:\/\/www.dgtmuenchen.de\/wp-content\/uploads\/2024\/01\/Folie2D-1-300x225.jpg 300w, https:\/\/www.dgtmuenchen.de\/wp-content\/uploads\/2024\/01\/Folie2D-1-400x300.jpg 400w, https:\/\/www.dgtmuenchen.de\/wp-content\/uploads\/2024\/01\/Folie2D-1-600x450.jpg 600w, https:\/\/www.dgtmuenchen.de\/wp-content\/uploads\/2024\/01\/Folie2D-1-768x576.jpg 768w, https:\/\/www.dgtmuenchen.de\/wp-content\/uploads\/2024\/01\/Folie2D-1-800x600.jpg 800w, https:\/\/www.dgtmuenchen.de\/wp-content\/uploads\/2024\/01\/Folie2D-1.jpg 960w\" sizes=\"(max-width: 960px) 100vw, 960px\" \/><\/p>\n<p><img decoding=\"async\" class=\"aligncenter size-full wp-image-2766\" src=\"https:\/\/www.dgtmuenchen.de\/wp-content\/uploads\/2024\/01\/Folie3D-1.jpg\" alt=\"\" width=\"960\" height=\"720\" \/><\/p>\n<p><img decoding=\"async\" class=\"aligncenter size-full wp-image-2766\" src=\"https:\/\/www.dgtmuenchen.de\/wp-content\/uploads\/2024\/01\/Folie4D-1.jpg\" alt=\"\" width=\"960\" height=\"720\" \/><\/p>\n<\/div><div class=\"fusion-clearfix\"><\/div><\/div><\/div><\/div><\/div><div class=\"fusion-fullwidth fullwidth-box fusion-builder-row-5 fusion-flex-container nonhundred-percent-fullwidth non-hundred-percent-height-scrolling\" style=\"--awb-border-radius-top-left:0px;--awb-border-radius-top-right:0px;--awb-border-radius-bottom-right:0px;--awb-border-radius-bottom-left:0px;--awb-flex-wrap:wrap;\" ><div class=\"fusion-builder-row fusion-row fusion-flex-align-items-flex-start fusion-flex-content-wrap\" style=\"max-width:1144px;margin-left: calc(-4% \/ 2 );margin-right: calc(-4% \/ 2 );\"><\/div><\/div><\/p>\n<\/div>\n","protected":false},"excerpt":{"rendered":"","protected":false},"author":1,"featured_media":0,"parent":0,"menu_order":0,"comment_status":"closed","ping_status":"closed","template":"100-width.php","meta":{"footnotes":""},"class_list":["post-3063","page","type-page","status-publish","hentry"],"_links":{"self":[{"href":"https:\/\/www.dgtmuenchen.de\/tr\/wp-json\/wp\/v2\/pages\/3063","targetHints":{"allow":["GET"]}}],"collection":[{"href":"https:\/\/www.dgtmuenchen.de\/tr\/wp-json\/wp\/v2\/pages"}],"about":[{"href":"https:\/\/www.dgtmuenchen.de\/tr\/wp-json\/wp\/v2\/types\/page"}],"author":[{"embeddable":true,"href":"https:\/\/www.dgtmuenchen.de\/tr\/wp-json\/wp\/v2\/users\/1"}],"replies":[{"embeddable":true,"href":"https:\/\/www.dgtmuenchen.de\/tr\/wp-json\/wp\/v2\/comments?post=3063"}],"version-history":[{"count":13,"href":"https:\/\/www.dgtmuenchen.de\/tr\/wp-json\/wp\/v2\/pages\/3063\/revisions"}],"predecessor-version":[{"id":3144,"href":"https:\/\/www.dgtmuenchen.de\/tr\/wp-json\/wp\/v2\/pages\/3063\/revisions\/3144"}],"wp:attachment":[{"href":"https:\/\/www.dgtmuenchen.de\/tr\/wp-json\/wp\/v2\/media?parent=3063"}],"curies":[{"name":"wp","href":"https:\/\/api.w.org\/{rel}","templated":true}]}}