{"id":3074,"date":"2017-01-24T14:33:50","date_gmt":"2017-01-24T13:33:50","guid":{"rendered":"https:\/\/www.dgtmuenchen.de\/aktuelles-2\/"},"modified":"2024-11-05T12:58:59","modified_gmt":"2024-11-05T11:58:59","slug":"haberler","status":"publish","type":"page","link":"https:\/\/www.dgtmuenchen.de\/tr\/haberler\/","title":{"rendered":"HABERLER"},"content":{"rendered":"<p><div class=\"fusion-fullwidth fullwidth-box fusion-builder-row-1 nonhundred-percent-fullwidth non-hundred-percent-height-scrolling\" style=\"--awb-border-radius-top-left:0px;--awb-border-radius-top-right:0px;--awb-border-radius-bottom-right:0px;--awb-border-radius-bottom-left:0px;--awb-padding-top:20px;--awb-padding-bottom:20px;--awb-flex-wrap:wrap;\" ><div class=\"fusion-builder-row fusion-row\"><div class=\"fusion-layout-column fusion_builder_column fusion-builder-column-0 fusion_builder_column_1_1 1_1 fusion-one-full fusion-column-first fusion-column-last\" style=\"--awb-bg-size:cover;\"><div class=\"fusion-column-wrapper fusion-flex-column-wrapper-legacy\"><div class=\"fusion-text fusion-text-1\"><p><span style=\"font-size: 16px;\"><img decoding=\"async\" class=\"alignleft wp-image-2992\" src=\"https:\/\/www.dgtmuenchen.de\/wp-content\/uploads\/2024\/08\/Lorbeerkranz.jpg\" alt=\"\" width=\"274\" height=\"265\" srcset=\"https:\/\/www.dgtmuenchen.de\/wp-content\/uploads\/2024\/08\/Lorbeerkranz-200x193.jpg 200w, https:\/\/www.dgtmuenchen.de\/wp-content\/uploads\/2024\/08\/Lorbeerkranz.jpg 300w\" sizes=\"(max-width: 274px) 100vw, 274px\" \/><\/span><\/p>\n<p>Yal\u0131t\u0131m cam\u0131 \u00fcretimi i\u00e7in kapsaml\u0131 \u015firket i\u00e7i \u00e7\u00f6z\u00fcm ve hizmet yelpazemiz, \u00f6ncelikle onlarca y\u0131ld\u0131r denenmi\u015f ve test edilmi\u015f argon, kripton ve ksenon i\u00e7in g\u00fcvenilir dolum teknolojimizin kullan\u0131ld\u0131\u011f\u0131 gaz doldurucular, gaz kar\u0131\u015ft\u0131r\u0131c\u0131lar ve h\u0131zl\u0131 doldurma cihazlar\u0131 alan\u0131n\u0131 i\u00e7erir. DCL olarak, d\u00fcnya \u00e7ap\u0131nda gaz dolum presleri ve manuel cihazlar ile modern gaz dolum teknolojisinin temellerini att\u0131k ve son 3 y\u0131lda DGT olarak daha da optimize etmeyi ba\u015fard\u0131k.<\/p>\n<p>EN 1279:6&#8217;ya g\u00f6re dolum derecesi \u00f6l\u00e7\u00fcm\u00fc i\u00e7in hassas mobil test cihazlar\u0131 da 20 y\u0131l\u0131 a\u015fk\u0131n bir s\u00fcredir &#8220;YALITIM CAMINDA GAZ&#8221; yelpazemizi tamamlamaktad\u0131r, b\u00f6ylece bu konudaki t\u00fcm sorular i\u00e7in en b\u00fcy\u00fck deneyime ve en uzun s\u00fcredir ba\u015far\u0131yla kan\u0131tlanm\u0131\u015f \u00e7\u00f6z\u00fcmlere sahip irtibat ki\u015fisiyiz. Kalite bilincine sahip bir \u00fcretici ve d\u00fcnya \u00e7ap\u0131nda bir servis orta\u011f\u0131 olarak, bu nedenle, \u00f6zel gereksinimler i\u00e7in \u00f6zellikle y\u00fcksek kaliteli \u00e7\u00f6z\u00fcmler i\u00e7in d\u00fcnya \u00e7ap\u0131ndaki m\u00fc\u015fterilerimiz (%85&#8242;&gt; yurt d\u0131\u015f\u0131 sat\u0131\u015flarla) taraf\u0131ndan takdir ediliyoruz.<\/p>\n<p>Onlarca y\u0131ld\u0131r pratikte denenmi\u015f ve test edilmi\u015f olan DGT&#8217;nin standart serilerinin daha da iyile\u015ftirilmesi, bu kadar uzun bir optimizasyon d\u00f6neminden sonra do\u011fal olarak yaln\u0131zca en k\u00fc\u00e7\u00fck ayr\u0131nt\u0131larla s\u0131n\u0131rl\u0131 olabilirken, teknisyenlerimiz \u015fu anda s\u00fcrekli olarak yeni, tamamen m\u00fc\u015fteriye \u00f6zel \u00e7\u00f6z\u00fcmler yarat\u0131yor \u0130kna edici donan\u0131m ve yaz\u0131l\u0131m geli\u015ftirmeleri ile telkari \u00e7ok odac\u0131kl\u0131 cephe elemanlar\u0131 i\u00e7in \u00e7ok kanall\u0131 dolum sistemleri, helyum veya SF6 dolgulu sistemler i\u00e7in mobil yeniden doldurma sistemleri, yeni ara par\u00e7a t\u00fcrleri i\u00e7in Optimize edilmi\u015f gaz dolum probu sistemleri, gaz dolum presleri i\u00e7in \u00f6zel gaz dolum ve gaz test \u00e7\u00f6z\u00fcmleri, kripton ve ksenon kay\u0131plar\u0131n\u0131n belirlenmesi i\u00e7in metrolojik on-line sistemler veya \u00f6zellikle g\u0131da sekt\u00f6r\u00fcnde \u00f6zel disk sistemlerinin ve so\u011futma kabinlerinin dolumu i\u00e7in yenilik\u00e7i ta\u015f\u0131ma \u00e7\u00f6z\u00fcmleri. Hemen hemen t\u00fcm kavisli yal\u0131t\u0131m cam\u0131 tedarik\u00e7ileri, y\u00fcksek kaliteli sistemlerinin gaz doldurma teknolojisi i\u00e7in ekipman\u0131m\u0131za, bilgi birikimimize ve hizmetimize g\u00fcvenmektedir.<\/p>\n<p><strong>Son 5 y\u0131lda, komple yal\u0131t\u0131m cam\u0131 hatlar\u0131 ve otomatik s\u0131zd\u0131rmazl\u0131k malzemeleri, \u00e7er\u00e7eve b\u00fck\u00fcc\u00fcler ve yal\u0131t\u0131m cam\u0131 \u00fcretimi i\u00e7in t\u00fcm ek ekipmanlar i\u00e7in bir servis ve sat\u0131\u015f orta\u011f\u0131 olarak Avrupa pazar\u0131nda da ba\u015far\u0131l\u0131 bir \u015fekilde kendimizi kurmaya ba\u015flad\u0131k. Yal\u0131t\u0131m cam\u0131 \u00fcreticileriyle onlarca y\u0131ll\u0131k ortakl\u0131\u011f\u0131m\u0131zdan elde etti\u011fimiz deneyimimize dan\u0131\u015fmanl\u0131k kapasitesiyle katk\u0131da bulunmaktan mutluluk duyuyoruz.<\/strong><\/p>\n<p>Bu nedenle, yal\u0131t\u0131m cam\u0131 \u00fcretimi alan\u0131ndaki t\u00fcm sorular\u0131n\u0131z i\u00e7in hemen bizimle ileti\u015fime ge\u00e7mekten \u00e7ekinmeyin &#8211; ister ucuz standart \u00fcr\u00fcnler ister bireysel \u00f6zel yap\u0131lar hakk\u0131nda olsun.<\/p>\n<\/div><div class=\"fusion-clearfix\"><\/div><\/div><\/div><\/div><\/div><div class=\"fusion-fullwidth fullwidth-box fusion-builder-row-2 nonhundred-percent-fullwidth non-hundred-percent-height-scrolling fusion-equal-height-columns\" style=\"--awb-border-radius-top-left:0px;--awb-border-radius-top-right:0px;--awb-border-radius-bottom-right:0px;--awb-border-radius-bottom-left:0px;--awb-padding-top:20px;--awb-padding-bottom:20px;--awb-flex-wrap:wrap;\" ><div class=\"fusion-builder-row fusion-row\"><div class=\"fusion-layout-column fusion_builder_column fusion-builder-column-1 fusion_builder_column_1_4 1_4 fusion-one-fourth fusion-column-first\" style=\"--awb-bg-color:rgba(18,65,99,0.82);--awb-bg-color-hover:rgba(18,65,99,0.82);--awb-bg-size:cover;--awb-border-color:#6f8ba1;--awb-border-top:0;--awb-border-right:0;--awb-border-bottom:0;--awb-border-left:0;--awb-border-style:solid;width:25%;width:calc(25% - ( ( 4% + 4% + 4% ) * 0.25 ) );margin-right: 4%;\"><div class=\"fusion-column-wrapper fusion-flex-column-wrapper-legacy\"><div class=\"fusion-image-element fusion-image-align-center in-legacy-container\" style=\"text-align:center;--awb-caption-title-font-family:var(--h2_typography-font-family);--awb-caption-title-font-weight:var(--h2_typography-font-weight);--awb-caption-title-font-style:var(--h2_typography-font-style);--awb-caption-title-size:var(--h2_typography-font-size);--awb-caption-title-transform:var(--h2_typography-text-transform);--awb-caption-title-line-height:var(--h2_typography-line-height);--awb-caption-title-letter-spacing:var(--h2_typography-letter-spacing);\"><div class=\"imageframe-align-center\"><span class=\" fusion-imageframe imageframe-none imageframe-1 hover-type-zoomin\"><a class=\"fusion-no-lightbox\" href=\"https:\/\/www.dgtmuenchen.de\/messen\/\" target=\"_self\" aria-label=\"1\"><img decoding=\"async\" width=\"557\" height=\"349\" src=\"https:\/\/www.dgtmuenchen.de\/wp-content\/uploads\/2017\/01\/1.jpg\" alt class=\"img-responsive wp-image-3075\" srcset=\"https:\/\/www.dgtmuenchen.de\/wp-content\/uploads\/2017\/01\/1-200x125.jpg 200w, https:\/\/www.dgtmuenchen.de\/wp-content\/uploads\/2017\/01\/1-400x251.jpg 400w, https:\/\/www.dgtmuenchen.de\/wp-content\/uploads\/2017\/01\/1.jpg 557w\" sizes=\"(max-width: 800px) 100vw, 400px\" \/><\/a><\/span><\/div><\/div><div class=\"fusion-sep-clear\"><\/div><div class=\"fusion-separator fusion-full-width-sep\" style=\"margin-left: auto;margin-right: auto;margin-top:15px;width:100%;\"><\/div><div class=\"fusion-sep-clear\"><\/div><div class=\"fusion-text fusion-text-2\"><p style=\"text-align: center; color: #ffffff;\">DGT Gaz Doldurucular\u0131<\/p>\n<p style=\"text-align: center; color: #ffffff;\">ve Test Cihazlar\u0131<br \/>\n<a style=\"color: #ffffff;\" title=\"D\u00fcnya \u00e7ap\u0131nda yerinde ve ticaret fuarlar\u0131nda sunum yap\u0131n\" href=\"https:\/\/www.dgtmuenchen.de\/?page_id=1583\">ticaret fuarlar\u0131nda sunum yap\u0131n<\/a><\/p>\n<\/div><div class=\"fusion-clearfix\"><\/div><\/div><\/div><div class=\"fusion-layout-column fusion_builder_column fusion-builder-column-2 fusion_builder_column_1_4 1_4 fusion-one-fourth\" style=\"--awb-bg-color:rgba(18,65,99,0.82);--awb-bg-color-hover:rgba(18,65,99,0.82);--awb-bg-size:cover;--awb-border-color:#6f8ba1;--awb-border-top:0;--awb-border-right:0;--awb-border-bottom:0;--awb-border-left:0;--awb-border-style:solid;width:25%;width:calc(25% - ( ( 4% + 4% + 4% ) * 0.25 ) );margin-right: 4%;\"><div class=\"fusion-column-wrapper fusion-flex-column-wrapper-legacy\"><div class=\"fusion-image-element fusion-image-align-center in-legacy-container\" style=\"text-align:center;--awb-caption-title-font-family:var(--h2_typography-font-family);--awb-caption-title-font-weight:var(--h2_typography-font-weight);--awb-caption-title-font-style:var(--h2_typography-font-style);--awb-caption-title-size:var(--h2_typography-font-size);--awb-caption-title-transform:var(--h2_typography-text-transform);--awb-caption-title-line-height:var(--h2_typography-line-height);--awb-caption-title-letter-spacing:var(--h2_typography-letter-spacing);\"><div class=\"imageframe-align-center\"><span class=\" fusion-imageframe imageframe-none imageframe-2 hover-type-zoomin\"><a class=\"fusion-no-lightbox\" href=\"https:\/\/www.dgtmuenchen.de\/firmenprofil\/\" target=\"_self\" aria-label=\"2\"><img decoding=\"async\" width=\"557\" height=\"349\" src=\"https:\/\/www.dgtmuenchen.de\/wp-content\/uploads\/2017\/01\/2.jpg\" alt class=\"img-responsive wp-image-172\" srcset=\"https:\/\/www.dgtmuenchen.de\/wp-content\/uploads\/2017\/01\/2-200x125.jpg 200w, https:\/\/www.dgtmuenchen.de\/wp-content\/uploads\/2017\/01\/2-400x251.jpg 400w, https:\/\/www.dgtmuenchen.de\/wp-content\/uploads\/2017\/01\/2.jpg 557w\" sizes=\"(max-width: 800px) 100vw, 400px\" \/><\/a><\/span><\/div><\/div><div class=\"fusion-sep-clear\"><\/div><div class=\"fusion-separator fusion-full-width-sep\" style=\"margin-left: auto;margin-right: auto;margin-top:15px;width:100%;\"><\/div><div class=\"fusion-sep-clear\"><\/div><div class=\"fusion-text fusion-text-3\"><p style=\"text-align: center; color: #ffffff;\">\u0130kna edici \u00e7\u00f6z\u00fcmler<\/p>\n<p style=\"text-align: center; color: #ffffff;\">&#8211; \u00dcretiminiz i\u00e7in en iyisi \u2013<br \/>\nvon Ihrem <a style=\"color: #ffffff;\" title=\"DGT - Firmenprofil\" href=\"https:\/\/www.dgtmuenchen.de\/firmenprofil\/\">DGT-EK\u0130B\u0130N\u0130ZDEN<\/a><\/p>\n<\/div><div class=\"fusion-clearfix\"><\/div><\/div><\/div><div class=\"fusion-layout-column fusion_builder_column fusion-builder-column-3 fusion_builder_column_1_4 1_4 fusion-one-fourth\" style=\"--awb-bg-color:#1e4663;--awb-bg-color-hover:#1e4663;--awb-bg-size:cover;--awb-border-color:#6f8ba1;--awb-border-top:0;--awb-border-right:0;--awb-border-bottom:0;--awb-border-left:0;--awb-border-style:solid;width:25%;width:calc(25% - ( ( 4% + 4% + 4% ) * 0.25 ) );margin-right: 4%;\"><div class=\"fusion-column-wrapper fusion-flex-column-wrapper-legacy\"><div class=\"fusion-image-element fusion-image-align-center in-legacy-container\" style=\"text-align:center;--awb-caption-title-font-family:var(--h2_typography-font-family);--awb-caption-title-font-weight:var(--h2_typography-font-weight);--awb-caption-title-font-style:var(--h2_typography-font-style);--awb-caption-title-size:var(--h2_typography-font-size);--awb-caption-title-transform:var(--h2_typography-text-transform);--awb-caption-title-line-height:var(--h2_typography-line-height);--awb-caption-title-letter-spacing:var(--h2_typography-letter-spacing);\"><div class=\"imageframe-align-center\"><span class=\" fusion-imageframe imageframe-none imageframe-3 hover-type-zoomin\"><a class=\"fusion-no-lightbox\" href=\"https:\/\/www.dgtmuenchen.de\/produkte\/\" target=\"_self\" aria-label=\"4\"><img decoding=\"async\" width=\"557\" height=\"349\" src=\"https:\/\/www.dgtmuenchen.de\/wp-content\/uploads\/2017\/01\/4.jpg\" alt class=\"img-responsive wp-image-174\" srcset=\"https:\/\/www.dgtmuenchen.de\/wp-content\/uploads\/2017\/01\/4-200x125.jpg 200w, https:\/\/www.dgtmuenchen.de\/wp-content\/uploads\/2017\/01\/4-400x251.jpg 400w, https:\/\/www.dgtmuenchen.de\/wp-content\/uploads\/2017\/01\/4.jpg 557w\" sizes=\"(max-width: 800px) 100vw, 400px\" \/><\/a><\/span><\/div><\/div><div class=\"fusion-sep-clear\"><\/div><div class=\"fusion-separator fusion-full-width-sep\" style=\"margin-left: auto;margin-right: auto;margin-top:15px;width:100%;\"><\/div><div class=\"fusion-sep-clear\"><\/div><div class=\"fusion-text fusion-text-4\"><p style=\"text-align: center; color: #ffffff;\">T\u00fcm uygulamalar i\u00e7in gaz doldurucular:<\/p>\n<p style=\"text-align: center; color: #ffffff;\"><a style=\"color: #ffffff;\" href=\"https:\/\/www.dgtmuenchen.de\/produkte\/piko-star\/\">PIKO<\/a>, <a style=\"color: #ffffff;\" href=\"https:\/\/www.dgtmuenchen.de\/produkte\/smart-star\/\">SMART-STAR<\/a>,<br \/>\n<a style=\"color: #ffffff;\" href=\"https:\/\/www.dgtmuenchen.de\/produkte\/speed-star\/\">SPEED<\/a>,<\/p>\n<\/div><div class=\"fusion-clearfix\"><\/div><\/div><\/div><div class=\"fusion-layout-column fusion_builder_column fusion-builder-column-4 fusion_builder_column_1_4 1_4 fusion-one-fourth fusion-column-last\" style=\"--awb-bg-color:#1f394c;--awb-bg-color-hover:#1f394c;--awb-bg-size:cover;--awb-border-color:#6f8ba1;--awb-border-top:0;--awb-border-right:0;--awb-border-bottom:0;--awb-border-left:0;--awb-border-style:solid;width:25%;width:calc(25% - ( ( 4% + 4% + 4% ) * 0.25 ) );\"><div class=\"fusion-column-wrapper fusion-flex-column-wrapper-legacy\"><div class=\"fusion-image-element fusion-image-align-center in-legacy-container\" style=\"text-align:center;--awb-caption-title-font-family:var(--h2_typography-font-family);--awb-caption-title-font-weight:var(--h2_typography-font-weight);--awb-caption-title-font-style:var(--h2_typography-font-style);--awb-caption-title-size:var(--h2_typography-font-size);--awb-caption-title-transform:var(--h2_typography-text-transform);--awb-caption-title-line-height:var(--h2_typography-line-height);--awb-caption-title-letter-spacing:var(--h2_typography-letter-spacing);\"><div class=\"imageframe-align-center\"><span class=\" fusion-imageframe imageframe-none imageframe-4 hover-type-zoomin\"><a class=\"fusion-no-lightbox\" href=\"https:\/\/www.dgtmuenchen.de\/produkte\/sensoline\/\" target=\"_self\" aria-label=\"sensoline-2\"><img decoding=\"async\" width=\"300\" height=\"192\" src=\"https:\/\/www.dgtmuenchen.de\/wp-content\/uploads\/2017\/01\/sensoline-2-1-300x192.jpg\" alt class=\"img-responsive wp-image-1663\" srcset=\"https:\/\/www.dgtmuenchen.de\/wp-content\/uploads\/2017\/01\/sensoline-2-1-200x128.jpg 200w, https:\/\/www.dgtmuenchen.de\/wp-content\/uploads\/2017\/01\/sensoline-2-1-400x256.jpg 400w, https:\/\/www.dgtmuenchen.de\/wp-content\/uploads\/2017\/01\/sensoline-2-1-600x384.jpg 600w, https:\/\/www.dgtmuenchen.de\/wp-content\/uploads\/2017\/01\/sensoline-2-1-800x512.jpg 800w, https:\/\/www.dgtmuenchen.de\/wp-content\/uploads\/2017\/01\/sensoline-2-1.jpg 956w\" sizes=\"(max-width: 800px) 100vw, 400px\" \/><\/a><\/span><\/div><\/div><div class=\"fusion-sep-clear\"><\/div><div class=\"fusion-separator fusion-full-width-sep\" style=\"margin-left: auto;margin-right: auto;margin-top:15px;width:100%;\"><\/div><div class=\"fusion-sep-clear\"><\/div><div class=\"fusion-text fusion-text-5\"><p style=\"text-align: center; color: #ffffff;\">Mobil Test Cihazlar\u0131 ve Dolum Seviyesi \u00d6l\u00e7\u00fcm Teknolojisi<\/p>\n<p style=\"text-align: center; color: #ffffff;\"><a style=\"color: #ffffff;\" href=\"https:\/\/www.dgtmuenchen.de\/produkte\/sensoline\/\">SENSOLINE<\/a><\/p>\n<\/div><div class=\"fusion-clearfix\"><\/div><\/div><\/div><\/div><\/div><div class=\"fusion-fullwidth fullwidth-box fusion-builder-row-3 nonhundred-percent-fullwidth non-hundred-percent-height-scrolling\" style=\"--awb-border-radius-top-left:0px;--awb-border-radius-top-right:0px;--awb-border-radius-bottom-right:0px;--awb-border-radius-bottom-left:0px;--awb-padding-top:20px;--awb-padding-bottom:20px;--awb-flex-wrap:wrap;\" ><div class=\"fusion-builder-row fusion-row\"><div class=\"fusion-layout-column fusion_builder_column fusion-builder-column-5 fusion_builder_column_1_1 1_1 fusion-one-full fusion-column-first fusion-column-last\" style=\"--awb-bg-size:cover;\"><div class=\"fusion-column-wrapper fusion-flex-column-wrapper-legacy\"><div class=\"fusion-text fusion-text-6\"><p><img decoding=\"async\" class=\"aligncenter size-full wp-image-2773\" src=\"https:\/\/www.dgtmuenchen.de\/wp-content\/uploads\/2024\/01\/Folie1D-1.jpg\" alt=\"\" width=\"960\" height=\"720\" srcset=\"https:\/\/www.dgtmuenchen.de\/wp-content\/uploads\/2024\/01\/Folie1D-1-200x150.jpg 200w, https:\/\/www.dgtmuenchen.de\/wp-content\/uploads\/2024\/01\/Folie1D-1-300x225.jpg 300w, https:\/\/www.dgtmuenchen.de\/wp-content\/uploads\/2024\/01\/Folie1D-1-400x300.jpg 400w, https:\/\/www.dgtmuenchen.de\/wp-content\/uploads\/2024\/01\/Folie1D-1-600x450.jpg 600w, https:\/\/www.dgtmuenchen.de\/wp-content\/uploads\/2024\/01\/Folie1D-1-768x576.jpg 768w, https:\/\/www.dgtmuenchen.de\/wp-content\/uploads\/2024\/01\/Folie1D-1-800x600.jpg 800w, https:\/\/www.dgtmuenchen.de\/wp-content\/uploads\/2024\/01\/Folie1D-1.jpg 960w\" sizes=\"(max-width: 960px) 100vw, 960px\" \/><\/p>\n<p><img decoding=\"async\" class=\"aligncenter size-full wp-image-2766\" src=\"https:\/\/www.dgtmuenchen.de\/wp-content\/uploads\/2024\/01\/Folie2D-1.jpg\" alt=\"\" width=\"960\" height=\"720\" srcset=\"https:\/\/www.dgtmuenchen.de\/wp-content\/uploads\/2024\/01\/Folie2D-1-200x150.jpg 200w, https:\/\/www.dgtmuenchen.de\/wp-content\/uploads\/2024\/01\/Folie2D-1-300x225.jpg 300w, https:\/\/www.dgtmuenchen.de\/wp-content\/uploads\/2024\/01\/Folie2D-1-400x300.jpg 400w, https:\/\/www.dgtmuenchen.de\/wp-content\/uploads\/2024\/01\/Folie2D-1-600x450.jpg 600w, https:\/\/www.dgtmuenchen.de\/wp-content\/uploads\/2024\/01\/Folie2D-1-768x576.jpg 768w, https:\/\/www.dgtmuenchen.de\/wp-content\/uploads\/2024\/01\/Folie2D-1-800x600.jpg 800w, https:\/\/www.dgtmuenchen.de\/wp-content\/uploads\/2024\/01\/Folie2D-1.jpg 960w\" sizes=\"(max-width: 960px) 100vw, 960px\" \/><\/p>\n<p><img decoding=\"async\" class=\"aligncenter size-full wp-image-2766\" src=\"https:\/\/www.dgtmuenchen.de\/wp-content\/uploads\/2024\/01\/Folie3D-1.jpg\" alt=\"\" width=\"960\" height=\"720\" \/><\/p>\n<p><img decoding=\"async\" class=\"aligncenter size-full wp-image-2766\" src=\"https:\/\/www.dgtmuenchen.de\/wp-content\/uploads\/2024\/01\/Folie4D-1.jpg\" alt=\"\" width=\"960\" height=\"720\" \/><\/p>\n<\/div><div class=\"fusion-clearfix\"><\/div><\/div><\/div><\/div><\/div><\/p>\n","protected":false},"excerpt":{"rendered":"","protected":false},"author":1,"featured_media":0,"parent":0,"menu_order":0,"comment_status":"closed","ping_status":"closed","template":"","meta":{"footnotes":""},"class_list":["post-3074","page","type-page","status-publish","hentry"],"_links":{"self":[{"href":"https:\/\/www.dgtmuenchen.de\/tr\/wp-json\/wp\/v2\/pages\/3074","targetHints":{"allow":["GET"]}}],"collection":[{"href":"https:\/\/www.dgtmuenchen.de\/tr\/wp-json\/wp\/v2\/pages"}],"about":[{"href":"https:\/\/www.dgtmuenchen.de\/tr\/wp-json\/wp\/v2\/types\/page"}],"author":[{"embeddable":true,"href":"https:\/\/www.dgtmuenchen.de\/tr\/wp-json\/wp\/v2\/users\/1"}],"replies":[{"embeddable":true,"href":"https:\/\/www.dgtmuenchen.de\/tr\/wp-json\/wp\/v2\/comments?post=3074"}],"version-history":[{"count":7,"href":"https:\/\/www.dgtmuenchen.de\/tr\/wp-json\/wp\/v2\/pages\/3074\/revisions"}],"predecessor-version":[{"id":3152,"href":"https:\/\/www.dgtmuenchen.de\/tr\/wp-json\/wp\/v2\/pages\/3074\/revisions\/3152"}],"wp:attachment":[{"href":"https:\/\/www.dgtmuenchen.de\/tr\/wp-json\/wp\/v2\/media?parent=3074"}],"curies":[{"name":"wp","href":"https:\/\/api.w.org\/{rel}","templated":true}]}}