{"id":3088,"date":"2017-01-24T14:36:35","date_gmt":"2017-01-24T13:36:35","guid":{"rendered":"https:\/\/www.dgtmuenchen.de\/firmenprofil\/"},"modified":"2024-10-14T11:11:38","modified_gmt":"2024-10-14T09:11:38","slug":"sirket","status":"publish","type":"page","link":"https:\/\/www.dgtmuenchen.de\/tr\/sirket\/","title":{"rendered":"\u015eIRKET"},"content":{"rendered":"<div class=\"fusion-fullwidth fullwidth-box fusion-builder-row-1 nonhundred-percent-fullwidth non-hundred-percent-height-scrolling\" style=\"--awb-border-radius-top-left:0px;--awb-border-radius-top-right:0px;--awb-border-radius-bottom-right:0px;--awb-border-radius-bottom-left:0px;--awb-padding-top:20px;--awb-padding-bottom:20px;--awb-flex-wrap:wrap;\" ><div class=\"fusion-builder-row fusion-row\"><div class=\"fusion-layout-column fusion_builder_column fusion-builder-column-0 fusion_builder_column_1_1 1_1 fusion-one-full fusion-column-first fusion-column-last\" style=\"--awb-bg-size:cover;--awb-margin-bottom:50px;\"><div class=\"fusion-column-wrapper fusion-flex-column-wrapper-legacy\"><div class=\"fusion-text fusion-text-1\"><h1 style=\"text-align: center; margin-top: 0px;\">Almanya&#8217;dan g\u00fcvenilir gaz dolum teknolojisi \u2013 d\u00fcnya \u00e7ap\u0131nda ba\u015far\u0131l\u0131<\/h1>\n<\/div><div class=\"fusion-clearfix\"><\/div><\/div><\/div><div class=\"fusion-layout-column fusion_builder_column fusion-builder-column-1 fusion_builder_column_3_4 3_4 fusion-three-fourth fusion-column-first\" style=\"--awb-bg-size:cover;--awb-margin-bottom:0px;width:75%;width:calc(75% - ( ( 0 ) * 0.75 ) );margin-right: 0px;\"><div class=\"fusion-column-wrapper fusion-flex-column-wrapper-legacy\"><div class=\"fusion-text fusion-text-2\"><p><img decoding=\"async\" class=\"alignleft wp-image-871 size-full\" src=\"https:\/\/www.dgtmuenchen.de\/wp-content\/uploads\/2017\/03\/Lorbeerkranz.jpg\" alt=\"\" width=\"240\" srcset=\"https:\/\/www.dgtmuenchen.de\/wp-content\/uploads\/2017\/03\/Lorbeerkranz-200x193.jpg 200w, https:\/\/www.dgtmuenchen.de\/wp-content\/uploads\/2017\/03\/Lorbeerkranz.jpg 300w\" sizes=\"(max-width: 300px) 100vw, 300px\" \/><\/p>\n<p>Onlarca y\u0131ld\u0131r DGT, yal\u0131t\u0131m cam\u0131 \u00fcretimi i\u00e7in kapsaml\u0131 ve teknik olarak sofistike bir gaz doldurma cihazlar\u0131 ve h\u0131zl\u0131 doldurma cihazlar\u0131 yelpazesi sunmaktad\u0131r. Bunu yaparken, onlarca y\u0131ld\u0131r yal\u0131t\u0131m cam\u0131 end\u00fcstrisi i\u00e7in modern gaz doldurma teknolojisinin geli\u015ftirilmesinde ve pratik optimizasyonunda kilit rol oynayan \u00e7al\u0131\u015fanlar\u0131n uzman bilgisine g\u00fcvenebilir.<\/p>\n<p>Yakla\u015f\u0131k 1900 aktif m\u00fc\u015fteriyi destekleyen DGT-Anlagen und Systeme GmbH, Poing\/Ebersberg ve Sauerlach\/M\u00fcnih&#8217;teki \u00fcretim tesisleri ile sens\u00f6r kontroll\u00fc gaz dolum sistemleri ve y\u00fcksek h\u0131zl\u0131 dolum cihazlar\u0131 alan\u0131nda, m\u00fc\u015fteri odakl\u0131l\u0131\u011f\u0131 ve kaliteli \u00fcr\u00fcnleri ile yurti\u00e7i ve yurtd\u0131\u015f\u0131ndaki t\u00fcm rakiplerine kar\u015f\u0131 d\u00fcnya pazar lideri olarak kendini kan\u0131tlam\u0131\u015ft\u0131r. D\u00fcnyan\u0131n baz\u0131 b\u00f6lgelerinde DGT %90&#8217;\u0131n \u00fczerinde pazar pay\u0131na sahiptir. DGT taraf\u0131ndan halihaz\u0131rda yetkin bir \u015fekilde desteklenen \u00e7ok say\u0131da ve \u00e7e\u015fitli \u015firket ve \u00e7e\u015fitli \u015firket gruplar\u0131 nedeniyle, t\u00fcm m\u00fc\u015fteriler, uygulamada bir\u00e7ok kez denenmi\u015f ve test edilmi\u015f \u00f6zel ihtiya\u00e7lar\u0131 i\u00e7in en uygun end\u00fcstriyel \u00e7\u00f6z\u00fcmleri DGT&#8217;de bulacakt\u0131r. \u00dcr\u00fcnlerinin teknik kalitesi ve g\u00fcvenilirli\u011fine ek olarak, Bavyeral\u0131 aile \u015firketi, istikrarl\u0131 bir \u015fekilde artan sat\u0131\u015flar\u0131n\u0131, her \u015feyden \u00f6nce, en ba\u015f\u0131ndan beri sadece ulusal de\u011fil, ayn\u0131 zamanda uluslararas\u0131 bir y\u00f6nelime sahip olan m\u00fc\u015fteri dostu bir hizmet ve dan\u0131\u015fmanl\u0131k anlay\u0131\u015f\u0131na ba\u011flamaktad\u0131r. D\u00fcnya \u00e7ap\u0131nda, DGT&#8217;ye yo\u011fun bir yetkili temsilci ve temsilci a\u011f\u0131 ile t\u00fcm k\u0131talarda do\u011frudan ula\u015f\u0131labilir.<\/p>\n<p>Yedek par\u00e7alar, sarf malzemeleri ve aksesuarlar i\u00e7in \u015firket, m\u00fc\u015fterileri i\u00e7in her zaman h\u0131zl\u0131 teknik yard\u0131m ve k\u0131sa yan\u0131t s\u00fcreleri sa\u011flayan iyi prova edilmi\u015f bir nakliye sistemine ve depolamaya sahiptir. Yeni &#8220;Gaz Sens\u00f6rleri ve Analitikleri&#8221; b\u00f6l\u00fcm\u00fc, yal\u0131t\u0131m cam\u0131 \u00fcretiminde kalite g\u00fcvencesi i\u00e7in tan\u0131nm\u0131\u015f SENSOLINE test cihazlar\u0131 da dahil olmak \u00fczere \u015firketin hizmet yelpazesini y\u0131llard\u0131r ikna edici bir \u015fekilde tamaml\u0131yor.<\/p>\n<p><img decoding=\"async\" class=\" wp-image-647 alignleft\" src=\"https:\/\/www.dgtmuenchen.de\/wp-content\/uploads\/2017\/01\/firmenprofil-3.jpg\" alt=\"\" width=\"86\" height=\"126\" \/><\/p>\n<p>Esnek, m\u00fc\u015fteri odakl\u0131 \u00e7\u00f6z\u00fcmler DGT-Anlagen und Systeme GmbH&#8217;nin g\u00fc\u00e7l\u00fc y\u00f6nlerinden biridir. Bu ayn\u0131 zamanda yeni ekipman ve sistemler yerine tam garanti ile g\u00fcvenilir bir \u015fekilde elden ge\u00e7irilmi\u015f kullan\u0131lm\u0131\u015f ekipman konusunda size yard\u0131mc\u0131 olmak anlam\u0131na da gelebilir. Sat\u0131n almakla ilgileniyorsan\u0131z, bu cihazlar\u0131n test kurulumlar\u0131 herhangi bir zamanda m\u00fcmk\u00fcnd\u00fcr. Kendi \u015firketinizde \u00fcretimde yer alan DGT \u00fcr\u00fcnlerinden birini g\u00f6rmek isterseniz, l\u00fctfen bu olas\u0131l\u0131k hakk\u0131nda DGT ekibiyle ileti\u015fime ge\u00e7mekten \u00e7ekinmeyin. M\u00fcnferit durumlarda, \u00f6rne\u011fin daha b\u00fcy\u00fck \u00f6zel sipari\u015fler i\u00e7in, DGT gaz dolum \u00fcnitelerinin ge\u00e7ici olarak kiralanmas\u0131 da m\u00fcmk\u00fcnd\u00fcr.<\/p>\n<\/div><div class=\"fusion-text fusion-text-3\"><p><span style=\"color: #6f8ba1;\"><em><strong>ADGT-Anlagen und Systeme GmbH, Glasstec&#8217;te m\u00fc\u015fterilerine ve t\u00fcm ilgili taraflara &#8211; ayr\u0131ca Milano&#8217;daki VITRUM&#8217;da ve di\u011fer b\u00f6lgesel olarak \u00f6nemli ticaret fuarlar\u0131nda &#8211; uygun maliyetli yal\u0131t\u0131m cam\u0131 \u00fcretimi ve kalite g\u00fcvencesi i\u00e7in mevcut g\u00fcvenilir cihaz yelpazesini d\u00fczenli olarak sunar.<\/strong><\/em><\/span><\/p>\n<\/div><div class=\"fusion-text fusion-text-4\"><p><img decoding=\"async\" class=\"aligncenter size-full wp-image-2766\" src=\"https:\/\/www.dgtmuenchen.de\/wp-content\/uploads\/2024\/01\/Folie3D-1.jpg\" alt=\"\" width=\"960\" height=\"720\" \/><\/p>\n<\/div><div class=\"fusion-clearfix\"><\/div><\/div><\/div><div class=\"fusion-layout-column fusion_builder_column fusion-builder-column-2 fusion_builder_column_1_4 1_4 fusion-one-fourth fusion-column-last\" style=\"--awb-bg-size:cover;--awb-margin-bottom:0px;width:25%;width:calc(25% - ( ( 0 ) * 0.25 ) );\"><div class=\"fusion-column-wrapper fusion-flex-column-wrapper-legacy\"><div class=\"fusion-image-element fusion-image-align-center in-legacy-container\" style=\"text-align:center;--awb-caption-title-font-family:var(--h2_typography-font-family);--awb-caption-title-font-weight:var(--h2_typography-font-weight);--awb-caption-title-font-style:var(--h2_typography-font-style);--awb-caption-title-size:var(--h2_typography-font-size);--awb-caption-title-transform:var(--h2_typography-text-transform);--awb-caption-title-line-height:var(--h2_typography-line-height);--awb-caption-title-letter-spacing:var(--h2_typography-letter-spacing);\"><div class=\"imageframe-align-center\"><span class=\" fusion-imageframe imageframe-none imageframe-1 hover-type-zoomin\"><img decoding=\"async\" width=\"221\" height=\"150\" title=\"3-firmen\" src=\"https:\/\/www.dgtmuenchen.de\/wp-content\/uploads\/2017\/01\/3-firmen.jpg\" alt class=\"img-responsive wp-image-213\" srcset=\"https:\/\/www.dgtmuenchen.de\/wp-content\/uploads\/2017\/01\/3-firmen-200x136.jpg 200w, https:\/\/www.dgtmuenchen.de\/wp-content\/uploads\/2017\/01\/3-firmen.jpg 221w\" sizes=\"(max-width: 800px) 100vw, 221px\" \/><\/span><\/div><\/div><div class=\"fusion-sep-clear\"><\/div><div class=\"fusion-separator fusion-full-width-sep\" style=\"margin-left: auto;margin-right: auto;margin-top:40px;width:100%;\"><\/div><div class=\"fusion-sep-clear\"><\/div><div class=\"fusion-image-element fusion-image-align-center in-legacy-container\" style=\"text-align:center;--awb-caption-title-font-family:var(--h2_typography-font-family);--awb-caption-title-font-weight:var(--h2_typography-font-weight);--awb-caption-title-font-style:var(--h2_typography-font-style);--awb-caption-title-size:var(--h2_typography-font-size);--awb-caption-title-transform:var(--h2_typography-text-transform);--awb-caption-title-line-height:var(--h2_typography-line-height);--awb-caption-title-letter-spacing:var(--h2_typography-letter-spacing);\"><div class=\"imageframe-align-center\"><span class=\" fusion-imageframe imageframe-none imageframe-2 hover-type-zoomin\"><img decoding=\"async\" width=\"221\" height=\"150\" title=\"firmenprofil\" src=\"https:\/\/www.dgtmuenchen.de\/wp-content\/uploads\/2017\/01\/firmenprofil.jpg\" alt class=\"img-responsive wp-image-645\" srcset=\"https:\/\/www.dgtmuenchen.de\/wp-content\/uploads\/2017\/01\/firmenprofil-200x136.jpg 200w, https:\/\/www.dgtmuenchen.de\/wp-content\/uploads\/2017\/01\/firmenprofil.jpg 221w\" sizes=\"(max-width: 800px) 100vw, 221px\" \/><\/span><\/div><\/div><div class=\"fusion-sep-clear\"><\/div><div class=\"fusion-separator fusion-full-width-sep\" style=\"margin-left: auto;margin-right: auto;margin-top:40px;width:100%;\"><\/div><div class=\"fusion-sep-clear\"><\/div><div class=\"fusion-image-element fusion-image-align-center in-legacy-container\" style=\"text-align:center;--awb-caption-title-font-family:var(--h2_typography-font-family);--awb-caption-title-font-weight:var(--h2_typography-font-weight);--awb-caption-title-font-style:var(--h2_typography-font-style);--awb-caption-title-size:var(--h2_typography-font-size);--awb-caption-title-transform:var(--h2_typography-text-transform);--awb-caption-title-line-height:var(--h2_typography-line-height);--awb-caption-title-letter-spacing:var(--h2_typography-letter-spacing);\"><div class=\"imageframe-align-center\"><span class=\" fusion-imageframe imageframe-none imageframe-3 hover-type-zoomin\"><img decoding=\"async\" width=\"221\" height=\"150\" title=\"firmeprofil-2\" src=\"https:\/\/www.dgtmuenchen.de\/wp-content\/uploads\/2017\/01\/firmeprofil-2.jpg\" alt class=\"img-responsive wp-image-644\" srcset=\"https:\/\/www.dgtmuenchen.de\/wp-content\/uploads\/2017\/01\/firmeprofil-2-200x136.jpg 200w, https:\/\/www.dgtmuenchen.de\/wp-content\/uploads\/2017\/01\/firmeprofil-2.jpg 221w\" sizes=\"(max-width: 800px) 100vw, 221px\" \/><\/span><\/div><\/div><div class=\"fusion-sep-clear\"><\/div><div class=\"fusion-separator fusion-full-width-sep\" style=\"margin-left: auto;margin-right: auto;margin-top:40px;width:100%;\"><\/div><div class=\"fusion-sep-clear\"><\/div><div class=\"fusion-image-element fusion-image-align-center in-legacy-container\" style=\"text-align:center;--awb-caption-title-font-family:var(--h2_typography-font-family);--awb-caption-title-font-weight:var(--h2_typography-font-weight);--awb-caption-title-font-style:var(--h2_typography-font-style);--awb-caption-title-size:var(--h2_typography-font-size);--awb-caption-title-transform:var(--h2_typography-text-transform);--awb-caption-title-line-height:var(--h2_typography-line-height);--awb-caption-title-letter-spacing:var(--h2_typography-letter-spacing);\"><div class=\"imageframe-align-center\"><span class=\" fusion-imageframe imageframe-none imageframe-4 hover-type-zoomin\"><img decoding=\"async\" width=\"221\" height=\"150\" title=\"1-firmen\" src=\"https:\/\/www.dgtmuenchen.de\/wp-content\/uploads\/2017\/01\/1-firmen.jpg\" alt class=\"img-responsive wp-image-3089\" srcset=\"https:\/\/www.dgtmuenchen.de\/wp-content\/uploads\/2017\/01\/1-firmen-200x136.jpg 200w, https:\/\/www.dgtmuenchen.de\/wp-content\/uploads\/2017\/01\/1-firmen.jpg 221w\" sizes=\"(max-width: 800px) 100vw, 221px\" \/><\/span><\/div><\/div><div class=\"fusion-clearfix\"><\/div><\/div><\/div><\/div><\/div>\n","protected":false},"excerpt":{"rendered":"","protected":false},"author":1,"featured_media":0,"parent":0,"menu_order":0,"comment_status":"closed","ping_status":"closed","template":"","meta":{"footnotes":""},"class_list":["post-3088","page","type-page","status-publish","hentry"],"_links":{"self":[{"href":"https:\/\/www.dgtmuenchen.de\/tr\/wp-json\/wp\/v2\/pages\/3088","targetHints":{"allow":["GET"]}}],"collection":[{"href":"https:\/\/www.dgtmuenchen.de\/tr\/wp-json\/wp\/v2\/pages"}],"about":[{"href":"https:\/\/www.dgtmuenchen.de\/tr\/wp-json\/wp\/v2\/types\/page"}],"author":[{"embeddable":true,"href":"https:\/\/www.dgtmuenchen.de\/tr\/wp-json\/wp\/v2\/users\/1"}],"replies":[{"embeddable":true,"href":"https:\/\/www.dgtmuenchen.de\/tr\/wp-json\/wp\/v2\/comments?post=3088"}],"version-history":[{"count":4,"href":"https:\/\/www.dgtmuenchen.de\/tr\/wp-json\/wp\/v2\/pages\/3088\/revisions"}],"predecessor-version":[{"id":3133,"href":"https:\/\/www.dgtmuenchen.de\/tr\/wp-json\/wp\/v2\/pages\/3088\/revisions\/3133"}],"wp:attachment":[{"href":"https:\/\/www.dgtmuenchen.de\/tr\/wp-json\/wp\/v2\/media?parent=3088"}],"curies":[{"name":"wp","href":"https:\/\/api.w.org\/{rel}","templated":true}]}}