{"id":3295,"date":"2025-11-20T13:37:16","date_gmt":"2025-11-20T12:37:16","guid":{"rendered":"https:\/\/www.dgtmuenchen.de\/?page_id=3295"},"modified":"2025-11-20T13:37:54","modified_gmt":"2025-11-20T12:37:54","slug":"siparisle-2","status":"publish","type":"page","link":"https:\/\/www.dgtmuenchen.de\/tr\/siparisle-2\/","title":{"rendered":"Sipari\u015fle"},"content":{"rendered":"<div class=\"fusion-fullwidth fullwidth-box fusion-builder-row-1 fusion-flex-container has-pattern-background has-mask-background nonhundred-percent-fullwidth non-hundred-percent-height-scrolling\" style=\"--awb-border-radius-top-left:0px;--awb-border-radius-top-right:0px;--awb-border-radius-bottom-right:0px;--awb-border-radius-bottom-left:0px;--awb-flex-wrap:wrap;\" ><div class=\"fusion-builder-row fusion-row fusion-flex-align-items-flex-start fusion-flex-content-wrap\" style=\"max-width:calc( 1100px + 0px );margin-left: calc(-0px \/ 2 );margin-right: calc(-0px \/ 2 );\"><div class=\"fusion-layout-column fusion_builder_column fusion-builder-column-0 fusion_builder_column_1_2 1_2 fusion-flex-column\" style=\"--awb-bg-size:cover;--awb-width-large:50%;--awb-margin-top-large:0px;--awb-spacing-right-large:calc( 0.08 * calc( 100% - 0px ) );--awb-margin-bottom-large:0px;--awb-spacing-left-large:calc( 0.08 * calc( 100% - 0px ) );--awb-width-medium:100%;--awb-order-medium:0;--awb-spacing-right-medium:0px;--awb-spacing-left-medium:0px;--awb-width-small:100%;--awb-order-small:0;--awb-spacing-right-small:0px;--awb-spacing-left-small:0px;\" data-scroll-devices=\"small-visibility,medium-visibility,large-visibility\"><div class=\"fusion-column-wrapper fusion-column-has-shadow fusion-flex-justify-content-flex-start fusion-content-layout-column\"><div class=\"fusion-text fusion-text-1\"><p><img decoding=\"async\" class=\"alignleft size-large wp-image-3296\" src=\"https:\/\/www.dgtmuenchen.de\/wp-content\/uploads\/2025\/11\/hintergrund-1024x768.jpg\" alt=\"\" width=\"100%\" height=\"auto\" srcset=\"https:\/\/www.dgtmuenchen.de\/wp-content\/uploads\/2025\/11\/hintergrund-200x150.jpg 200w, https:\/\/www.dgtmuenchen.de\/wp-content\/uploads\/2025\/11\/hintergrund-300x225.jpg 300w, https:\/\/www.dgtmuenchen.de\/wp-content\/uploads\/2025\/11\/hintergrund-400x300.jpg 400w, https:\/\/www.dgtmuenchen.de\/wp-content\/uploads\/2025\/11\/hintergrund-600x450.jpg 600w, https:\/\/www.dgtmuenchen.de\/wp-content\/uploads\/2025\/11\/hintergrund-768x576.jpg 768w, https:\/\/www.dgtmuenchen.de\/wp-content\/uploads\/2025\/11\/hintergrund-800x600.jpg 800w, https:\/\/www.dgtmuenchen.de\/wp-content\/uploads\/2025\/11\/hintergrund-1024x768.jpg 1024w, https:\/\/www.dgtmuenchen.de\/wp-content\/uploads\/2025\/11\/hintergrund.jpg 1080w\" sizes=\"(max-width: 1024px) 100vw, 1024px\" \/><\/p>\n<\/div><\/div><\/div><div class=\"fusion-layout-column fusion_builder_column fusion-builder-column-1 fusion_builder_column_1_2 1_2 fusion-flex-column\" style=\"--awb-bg-size:cover;--awb-width-large:50%;--awb-margin-top-large:0px;--awb-spacing-right-large:0px;--awb-margin-bottom-large:0px;--awb-spacing-left-large:0px;--awb-width-medium:100%;--awb-spacing-right-medium:0px;--awb-spacing-left-medium:0px;--awb-width-small:100%;--awb-spacing-right-small:0px;--awb-spacing-left-small:0px;\"><div class=\"fusion-column-wrapper fusion-flex-justify-content-flex-start fusion-content-layout-column\"><div class=\"fusion-text fusion-text-2\"><p>D\u00fcnya \u00e7ap\u0131ndaki farkl\u0131 veri koruma d\u00fczenlemeleri, siber su\u00e7lar ve size m\u00fcmk\u00fcn olan en iyi bireysel ve profesyonel tavsiyeyi sunma arzumuz nedeniyle, bilin\u00e7li olarak \u00e7evrimi\u00e7i sipari\u015f hizmeti sunmuyoruz. Bunun yerine, sipari\u015flerinizi sorumlu bir \u015fekilde <a href=\"mailto:DGTHeinzDrobe@aol.com\">DGTHeinzDrobe@aol.com<\/a> adresine e-posta ile g\u00f6ndermenizi rica ederiz.<\/p>\n<p>Bizimle e-posta yoluyla ileti\u015fime ge\u00e7ti\u011finizde veya sipari\u015f verdi\u011finizde, sipari\u015finizi do\u011fru bir \u015fekilde i\u015fleyebilmemiz i\u00e7in l\u00fctfen ileti\u015fim bilgilerinizi (ileti\u015fim kurulacak ki\u015finin ad\u0131, telefon numaras\u0131, teslimat ve fatura adresi, e-posta adresi, sipari\u015f numaras\u0131 ve varsa KDV kimlik numaran\u0131z) daima belirtin. Yanl\u0131\u015f anla\u015f\u0131lmalar\u0131 \u00f6nlemek i\u00e7in l\u00fctfen cihaz\u0131n\u0131z\u0131n model ad\u0131n\u0131 ve tercihen seri numaras\u0131n\u0131 da belirtin.<\/p>\n<p>Anlay\u0131\u015f\u0131n\u0131z i\u00e7in te\u015fekk\u00fcr ederiz!<\/p>\n<\/div><\/div><\/div><\/div><\/div>\n","protected":false},"excerpt":{"rendered":"","protected":false},"author":1,"featured_media":0,"parent":0,"menu_order":0,"comment_status":"closed","ping_status":"closed","template":"","meta":{"footnotes":""},"class_list":["post-3295","page","type-page","status-publish","hentry"],"_links":{"self":[{"href":"https:\/\/www.dgtmuenchen.de\/tr\/wp-json\/wp\/v2\/pages\/3295","targetHints":{"allow":["GET"]}}],"collection":[{"href":"https:\/\/www.dgtmuenchen.de\/tr\/wp-json\/wp\/v2\/pages"}],"about":[{"href":"https:\/\/www.dgtmuenchen.de\/tr\/wp-json\/wp\/v2\/types\/page"}],"author":[{"embeddable":true,"href":"https:\/\/www.dgtmuenchen.de\/tr\/wp-json\/wp\/v2\/users\/1"}],"replies":[{"embeddable":true,"href":"https:\/\/www.dgtmuenchen.de\/tr\/wp-json\/wp\/v2\/comments?post=3295"}],"version-history":[{"count":2,"href":"https:\/\/www.dgtmuenchen.de\/tr\/wp-json\/wp\/v2\/pages\/3295\/revisions"}],"predecessor-version":[{"id":3368,"href":"https:\/\/www.dgtmuenchen.de\/tr\/wp-json\/wp\/v2\/pages\/3295\/revisions\/3368"}],"wp:attachment":[{"href":"https:\/\/www.dgtmuenchen.de\/tr\/wp-json\/wp\/v2\/media?parent=3295"}],"curies":[{"name":"wp","href":"https:\/\/api.w.org\/{rel}","templated":true}]}}